{"id":9,"date":"2020-07-06T09:12:17","date_gmt":"2020-07-06T09:12:17","guid":{"rendered":"https:\/\/www.new.unbiodiversitylab.org\/?page_id=9"},"modified":"2026-01-27T17:40:24","modified_gmt":"2026-01-27T17:40:24","slug":"home","status":"publish","type":"page","link":"https:\/\/unbiodiversitylab.org\/pt\/","title":{"rendered":"In\u00edcio"},"content":{"rendered":"<img decoding=\"async\" src=\"https:\/\/unbiodiversitylab.org\/wp-content\/uploads\/2021\/03\/play-button-3-1.png\" alt=\"\"\/>\n\t<h1>UN Biodiversity Lab<\/h1>\n\n<p>Fornecer aos tomadores de decis\u00e3o os melhores dados espaciais dispon\u00edveis para colocar a natureza no centro do desenvolvimento sustent\u00e1vel. \u00a0<\/p>\n\n\t\t\t<a href=\"https:\/\/map.unbiodiversitylab.org\/?_ga=2.142471474.1634995660.1705393761-1519141437.1609952903\" target=\"_self\" role=\"button\">\n\t\t\t\t\t\t\tMapa de lan\u00e7amento\n\t\t\t\t\t<\/a>\n\t<h1>Quem somos<\/h1>\n<p>&nbsp;<\/p>\n<p>With over 400 of the world&#8217;s best data layers on nature, climate change, and sustainable development, UNBL supports country-led efforts to use national and global spatial data for planning, monitoring, and reporting and to take action for people and planet.<\/p>\n\t\t\t<a href=\"https:\/\/unbiodiversitylab.org\/pt\/about\/\" target=\"_self\" role=\"button\">\n\t\t\t\t\t\t\tSaiba mais sobre n\u00f3s\n\t\t\t\t\t<\/a>\n\t<h1>Confira a nova ferramenta ELSA!<\/h1>\n\t<p><strong>A Ferramenta Integrada de Planejamento Espacial ELSA j\u00e1 est\u00e1 dispon\u00edvel para todos os pa\u00edses do mundo.<\/strong><\/p>\n<p>A nova ferramenta combina dados espaciais de ponta com ferramentas sistem\u00e1ticas de planejamento espacial para ajudar os pa\u00edses a identificar \u00e1reas priorit\u00e1rias onde as a\u00e7\u00f5es de prote\u00e7\u00e3o, gest\u00e3o e restaura\u00e7\u00e3o da natureza podem melhor apoiar os objetivos relacionados \u00e0 biodiversidade, clima e bem-estar humano, com foco espec\u00edfico no Quadro Global de Biodiversidade de Kunming-Montreal. A Ferramenta de Planejamento Espacial Integrado ELSA est\u00e1 dispon\u00edvel gratuitamente mediante solicita\u00e7\u00e3o na UNBL para todos os pa\u00edses.<\/p>\n\t\t\t<a href=\"\/pt\/integrated-spatial-planning\/\" target=\"_self\" role=\"button\">\n\t\t\t\t\t\t\tSaiba mais sobre a ferramenta ELSA\n\t\t\t\t\t<\/a>\n\t<h1>Descobrir<\/h1>\n<p>Explore as populares cole\u00e7\u00f5es de dados que liberam o poder dos dados para gerar insights para tratar de quest\u00f5es cr\u00edticas para a natureza e o desenvolvimento sustent\u00e1vel. <\/p>\n\t\t\t\t<img decoding=\"async\" src=\"https:\/\/unbiodiversitylab.org\/wp-content\/uploads\/2021\/07\/ProtectedAreas.jpg\" alt=\"ProtectedAreas\"\/>\n\t\t\t<h3>O Quadro de Biodiversidade Global de Kunming-Montreal<\/h3>\n\t\t\t\t<\/p>\n\t\t<a href=\"https:\/\/unbiodiversitylab.org\/pt\/monitoring-framework-of-the-kunming-montreal-global-biodiversity-framework-data-collection\/\" target=\"_self\"  aria-label=\"Go to https:\/\/unbiodiversitylab.org\/en\/monitoring-framework-of-the-kunming-montreal-global-biodiversity-framework-data-collection\/\"><\/a>\n\t\t\t\t<img decoding=\"async\" src=\"https:\/\/unbiodiversitylab.org\/wp-content\/uploads\/2021\/07\/GreenRecovery.jpg\" alt=\"GreenRecovery\"\/>\n\t\t\t<h3>\u00c1reas Protegidas<\/h3>\n\t\t\t\t<p>As \u00e1reas protegidas s\u00e3o um instrumento chave para salvaguardar a biodiversidade e os servi\u00e7os ecossist\u00eamicos.<\/p>\n\t\t<a href=\"https:\/\/unbiodiversitylab.org\/pt\/protected-areas-data-collection\/\" target=\"_self\"  aria-label=\"Go to https:\/\/unbiodiversitylab.org\/protected-areas-data-collection\/\"><\/a>\n\t\t\t\t<img decoding=\"async\" src=\"https:\/\/unbiodiversitylab.org\/wp-content\/uploads\/2021\/07\/GreenRecovery.jpg\" alt=\"GreenRecovery\"\/>\n\t\t\t<h3>Solu\u00e7\u00f5es baseadas na Natureza para mudan\u00e7as clim\u00e1ticas<\/h3>\n\t\t\t\t<p>A\u00e7\u00f5es para proteger, administrar de forma sustent\u00e1vel e restaurar ecossistemas naturais ou modificados, que enfrentem os desafios da sociedade de forma eficaz e adapt\u00e1vel, proporcionando simultaneamente bem-estar humano e benef\u00edcios para a biodiversidade.<\/p>\n\t\t<a href=\"https:\/\/unbiodiversitylab.org\/pt\/nature-based-solutions-for-climate-data-collection\/\" target=\"_self\"  aria-label=\"Go to https:\/\/unbiodiversitylab.org\/nature-based-solutions-for-climate-data-collection\/\"><\/a>\n\t\t\t\t<img decoding=\"async\" src=\"https:\/\/unbiodiversitylab.org\/wp-content\/uploads\/2021\/07\/HumanFootprint.jpg\" alt=\"HumanFootprint\"\/>\n\t\t\t<h3>Restaura\u00e7\u00e3o do ecossistema<\/h3>\n\t\t\t\t<p>Human activities on Earth have led to degradation of natural ecosystems: it is estimated that only 10 percent of the planet&#8217;s surface will remain free of direct anthropogenic impact by 2050. Restoring degraded ecosystems can result in cumulative biodiversity, climate, and livelihood benefits, making people and nature more resilient. This collection explores opportunities to restore ecosystems for the benefit of nature and people.<\/p>\n\t\t<a href=\"https:\/\/unbiodiversitylab.org\/pt\/restoration\/\" target=\"_self\"  aria-label=\"Go to https:\/\/unbiodiversitylab.org\/restoration\/\"><\/a>\n\t<h3>Mais hist\u00f3rias:<\/h3>\n\t\t\t\t\t\t\t\t\t\t\t\t\t\t<a href=\"https:\/\/medium.com\/@ecuadorpnud\/mapeo-de-la-esperanza-en-el-coraz%C3%B3n-del-desarrollo-sostenible-84428a38a381#new_tab\" target=\"_self\" title=\"Mapeamento da esperan\u00e7a: no cora\u00e7\u00e3o do desenvolvimento sustent\u00e1vel\">\n\t\t\t\t<img decoding=\"async\" src=\"https:\/\/unbiodiversitylab.org\/wp-content\/uploads\/2022\/11\/coast-1149735-.jpg\" alt=\"\" \/>\n\t\t\t\t<\/a>\n\t\t\t\t\t\t\t<h5>\n\t\t\t\t\t\t\t\t\t<a href=\"https:\/\/unbiodiversitylab.org\/pt\/category\/blog\/\" rel=\"category tag\">Blog<\/a>\t\t\t\t<\/h5>\n\t\t\t\t\t\t\t\n\t\t\t\t<a href=\"https:\/\/medium.com\/@ecuadorpnud\/mapeo-de-la-esperanza-en-el-coraz%C3%B3n-del-desarrollo-sostenible-84428a38a381#new_tab\" title=\"Mapeamento da esperan\u00e7a: no cora\u00e7\u00e3o do desenvolvimento sustent\u00e1vel\" tabindex=\"0\">Mapeamento da esperan\u00e7a: no cora\u00e7\u00e3o do desenvolvimento sustent\u00e1vel<\/a>\t\t\t\n\t\t\t<a href=\"https:\/\/medium.com\/@ecuadorpnud\/mapeo-de-la-esperanza-en-el-coraz%C3%B3n-del-desarrollo-sostenible-84428a38a381#new_tab\" title=\"Read More\" target=\"_self\">Read more &#8594;<\/a>\t\t\n\t\t\t\t\t\t\t\t\t\t\t\t\t\t<a href=\"https:\/\/learningfornature.exposure.co\/using-spatial-data-for-biodiversity-decisionmaking?source=share-learningfornature#new_tab\" target=\"_self\" title=\"Utiliza\u00e7\u00e3o de dados espaciais para a tomada de decis\u00f5es\">\n\t\t\t\t<img decoding=\"async\" src=\"https:\/\/unbiodiversitylab.org\/wp-content\/uploads\/2022\/11\/Monkey123456.jpg\" alt=\"\" \/>\n\t\t\t\t<\/a>\n\t\t\t\t\t\t\t<h5>\n\t\t\t\t\t\t\t\t\t<a href=\"https:\/\/unbiodiversitylab.org\/pt\/category\/blog\/\" rel=\"category tag\">Blog<\/a>\t\t\t\t<\/h5>\n\t\t\t\t\t\t\t\n\t\t\t\t<a href=\"https:\/\/learningfornature.exposure.co\/using-spatial-data-for-biodiversity-decisionmaking?source=share-learningfornature#new_tab\" title=\"Utiliza\u00e7\u00e3o de dados espaciais para a tomada de decis\u00f5es\" tabindex=\"0\">Utiliza\u00e7\u00e3o de dados espaciais para a tomada de decis\u00f5es<\/a>\t\t\t\n\t\t\t<a href=\"https:\/\/learningfornature.exposure.co\/using-spatial-data-for-biodiversity-decisionmaking?source=share-learningfornature#new_tab\" title=\"Read More\" target=\"_self\">Read more &#8594;<\/a>\t\t\n\t\t\t\t\t\t\t\t\t\t\t\t\t\t<a href=\"https:\/\/www.learningfornature.org\/en\/courses\/using-spatial-data-for-biodiversity\/#new_tab\" target=\"_self\" title=\"Utiliza\u00e7\u00e3o de dados espaciais para a biodiversidade\">\n\t\t\t\t<img decoding=\"async\" src=\"https:\/\/unbiodiversitylab.org\/wp-content\/uploads\/2022\/11\/coast-1149735-768x511-1.jpg\" alt=\"\" \/>\n\t\t\t\t<\/a>\n\t\t\t\t\t\t\t<h5>\n\t\t\t\t\t\t\t\t\t<a href=\"https:\/\/unbiodiversitylab.org\/pt\/category\/online-course\/\" rel=\"category tag\">Curso on-line<\/a>\t\t\t\t<\/h5>\n\t\t\t\t\t\t\t\n\t\t\t\t<a href=\"https:\/\/www.learningfornature.org\/en\/courses\/using-spatial-data-for-biodiversity\/#new_tab\" title=\"Utiliza\u00e7\u00e3o de dados espaciais para a biodiversidade\" tabindex=\"0\">Utiliza\u00e7\u00e3o de dados espaciais para a biodiversidade<\/a>\t\t\t\n\t\t\t<a href=\"https:\/\/www.learningfornature.org\/en\/courses\/using-spatial-data-for-biodiversity\/#new_tab\" title=\"Read More\" target=\"_self\">Read more &#8594;<\/a>\t\t\n\t\t\t\t\t\t\t\t\t\t\t\t\t\t<a href=\"https:\/\/appliedsciences.nasa.gov\/join-mission\/training\/english\/arset-using-un-biodiversity-lab-monitor-pulse-planet#new_tab\" target=\"_self\" title=\"Transformando a crise da biodiversidade em oportunidade\">\n\t\t\t\t<img decoding=\"async\" src=\"https:\/\/unbiodiversitylab.org\/wp-content\/uploads\/2022\/10\/1_2e0-_ts6Lih6AcftWbnw6b.jpg\" alt=\"\" \/>\n\t\t\t\t<\/a>\n\t\t\t\t\t\t\t<h5>\n\t\t\t\t\t\t\t\t\t<a href=\"https:\/\/unbiodiversitylab.org\/pt\/category\/online-course\/\" rel=\"category tag\">Curso on-line<\/a>\t\t\t\t<\/h5>\n\t\t\t\t\t\t\t\n\t\t\t\t<a href=\"https:\/\/appliedsciences.nasa.gov\/join-mission\/training\/english\/arset-using-un-biodiversity-lab-monitor-pulse-planet#new_tab\" title=\"Transformando a crise da biodiversidade em oportunidade\" tabindex=\"0\">Transformando a crise da biodiversidade em oportunidade<\/a>\t\t\t\n\t\t\t<a href=\"https:\/\/appliedsciences.nasa.gov\/join-mission\/training\/english\/arset-using-un-biodiversity-lab-monitor-pulse-planet#new_tab\" title=\"Read More\" target=\"_self\">Read more &#8594;<\/a>\t\t\n\t\t\t<a href=\"https:\/\/unbiodiversitylab.org\/pt\/resources\/\" target=\"_self\" role=\"button\">\n\t\t\t\t\t\t\tEncontre mais recursos\n\t\t\t\t\t<\/a>\n\t\t\t\t<a href=\"https:\/\/unbiodiversitylab.org\/wp-content\/uploads\/2025\/10\/2024-UNBL-Annual-Report_FINAL_medres.pdf\" target=\"_blank\" rel=\"noopener\" itemprop=\"url\">\n\t\t\t\t<img decoding=\"async\" src=\"https:\/\/unbiodiversitylab.org\/wp-content\/uploads\/2025\/10\/UNBL-Annual-Report-2024.jpg\" alt=\"UNBL Annual Report 2024\" title=\"UNBL Annual Report 2024\" itemprop=\"image\"  \/>\n\t\t\t\t\t\t<\/a>\n\t<h1>UN Biodiversity Lab: Relat\u00f3rio anual 2024<\/h1>\n<p>&nbsp;<\/p>\n<p>Com base em camadas de dados de diversas fontes, como sat\u00e9lites, equipes cient\u00edficas nacionais e globais e povos ind\u00edgenas e comunidades locais, os mapas da UNBL constituem um recurso poderoso para abordar as crises planet\u00e1rias, fornecendo novas maneiras de gerar insights para a natureza e o desenvolvimento sustent\u00e1vel. <\/p>\n<p>This annual report presents the key activities, outcomes, and achievements of the UNBL partnership in 2024.<\/p>\n\t\t\t<a href=\"https:\/\/unbiodiversitylab.org\/wp-content\/uploads\/2025\/10\/2024-UNBL-Annual-Report_FINAL_medres.pdf\" target=\"_blank\" role=\"button\" rel=\"noopener\">\n\t\t\t\t\t\t\tLer relat\u00f3rio\n\t\t\t\t\t<\/a>\n\t<h1>Iniciativas relacionadas<\/h1>","protected":false},"excerpt":{"rendered":"<p>UN Biodiversity Lab Providing decision makers with the best available spatial data to put nature at the center of sustainable development. \u00a0 Launch map Who we are &nbsp; With over 400 of the world&#8217;s best data layers on nature, climate change, and sustainable development, UNBL supports country-led efforts to use national and global spatial data&hellip;<\/p>","protected":false},"author":1,"featured_media":0,"parent":0,"menu_order":0,"comment_status":"closed","ping_status":"closed","template":"","meta":{"footnotes":"","_links_to":"","_links_to_target":""},"class_list":["post-9","page","type-page","status-publish","hentry"],"_links":{"self":[{"href":"https:\/\/unbiodiversitylab.org\/pt\/wp-json\/wp\/v2\/pages\/9","targetHints":{"allow":["GET"]}}],"collection":[{"href":"https:\/\/unbiodiversitylab.org\/pt\/wp-json\/wp\/v2\/pages"}],"about":[{"href":"https:\/\/unbiodiversitylab.org\/pt\/wp-json\/wp\/v2\/types\/page"}],"author":[{"embeddable":true,"href":"https:\/\/unbiodiversitylab.org\/pt\/wp-json\/wp\/v2\/users\/1"}],"replies":[{"embeddable":true,"href":"https:\/\/unbiodiversitylab.org\/pt\/wp-json\/wp\/v2\/comments?post=9"}],"version-history":[{"count":218,"href":"https:\/\/unbiodiversitylab.org\/pt\/wp-json\/wp\/v2\/pages\/9\/revisions"}],"predecessor-version":[{"id":4912,"href":"https:\/\/unbiodiversitylab.org\/pt\/wp-json\/wp\/v2\/pages\/9\/revisions\/4912"}],"wp:attachment":[{"href":"https:\/\/unbiodiversitylab.org\/pt\/wp-json\/wp\/v2\/media?parent=9"}],"curies":[{"name":"wp","href":"https:\/\/api.w.org\/{rel}","templated":true}]}}