{"id":4842,"date":"2025-10-14T10:24:58","date_gmt":"2025-10-14T10:24:58","guid":{"rendered":"https:\/\/unbiodiversitylab.org\/?page_id=4842"},"modified":"2025-12-04T08:27:54","modified_gmt":"2025-12-04T08:27:54","slug":"weplan-forests","status":"publish","type":"page","link":"https:\/\/unbiodiversitylab.org\/pt\/integrated-spatial-planning\/weplan-forests\/","title":{"rendered":"WePlan-Forests"},"content":{"rendered":"<h1>WePlan-Forests <\/h1>\n\t<h2>O que \u00e9?<\/h2>\n\tWePlan-Forests \u00e9 uma ferramenta gratuita e de acesso aberto projetada para apoiar os esfor\u00e7os nacionais de restaura\u00e7\u00e3o florestal e paisag\u00edstica em pa\u00edses tropicais e subtropicais. Ela ajuda os tomadores de decis\u00e3o a identificar os locais mais eficazes para restaurar florestas e, assim, proporcionar os maiores benef\u00edcios para o clima e a biodiversidade, ao mesmo tempo em que considera o custo da restaura\u00e7\u00e3o. Ao integrar dados ambientais e econ\u00f4micos embutidos, a WePlan-Forests permite que os usu\u00e1rios comparem rapidamente as op\u00e7\u00f5es de restaura\u00e7\u00e3o adaptadas \u00e0s prioridades e recursos nacionais, sem a necessidade de conhecimento t\u00e9cnico sobre coleta e processamento de dados geoespaciais, defini\u00e7\u00e3o de problemas e teoria de planejamento de conserva\u00e7\u00e3o. \n\t<h2>Como posso acess\u00e1-la?<\/h2>\n\tPara explorar \u00e1reas com potencial para restaura\u00e7\u00e3o florestal e regenera\u00e7\u00e3o natural, visite a <a href=\"https:\/\/www.weplan-forests.org\/planning_solutions\" target=\"_blank\" rel=\"noreferrer noopener\">ferramenta online WePlan-Forests<\/a> e selecione o pa\u00eds de seu interesse.\u00a0\n\t<h2>Hist\u00f3rias de impacto<\/h2>\n\t<style>\n  \/* -- Layout -- *\/\n  .lfn-card-grid {\n    display: grid;\n    grid-template-columns: repeat(2, minmax(0, 360px)); \/* 2 columns *\/\n    gap: 28px;\n    justify-content: center; \/* centers grid horizontally *\/\n    margin: 0 auto;\n    max-width: 900px; \/* optional total width *\/\n  }\n  @media (max-width: 768px) {\n    .lfn-card-grid {\n      grid-template-columns: 1fr;\n      justify-items: center; \/* center single card *\/\n    }\n  }\n  \/* -- Card -- *\/\n  .lfn-card {\n    display: flex;\n    flex-direction: column;\n    background: #fff;\n    border: 1px solid rgba(0,0,0,.08);\n    box-shadow: 0 4px 16px rgba(0,0,0,.08);\n    width: 100%;\n  }\n  .lfn-card-media {\n    position: relative;\n    width: 100%;\n    aspect-ratio: 16 \/ 9;\n    overflow: hidden;\n    background: #eef3f4;\n  }\n  .lfn-card-media img {\n    position: absolute;\n    inset: 0;\n    width: 100%;\n    height: 100%;\n    object-fit: cover;\n  }\n  .lfn-card-body {\n    display: flex;\n    flex-direction: column;\n    padding: 24px;\n    font-size: 16px;\n    line-height: 1.5;\n  }\n  .lfn-card-title {\n    font-weight: 800;\n    color: #1B9399;\n    margin: 0 0 12px 0;\n    font-size: 16px;\n  }\n  .lfn-card-desc {\n    margin: 0 0 18px 0;\n    color: #222;\n    font-size: 16px;\n  }\n  .lfn-card-cta {\n    margin-top: auto;\n    font-weight: 600;\n  }\n  .lfn-card-cta a {\n    color: #000;\n    text-decoration: none;\n    border-bottom: 1px solid transparent;\n    transition: border-color .15s ease, opacity .15s ease;\n  }\n  .lfn-card-cta a:hover {\n    border-color: #0a4a4d;\n    opacity: .9;\n  }\n  .lfn-card-cta .arrow {\n    display: inline-block;\n    transform: translateX(0);\n    transition: transform .15s ease;\n    margin-left: 10px;\n  }\n  .lfn-card-cta a:hover .arrow {\n    transform: translateX(4px);\n  }\n<\/style>\n  <!-- Card 1 -->\n  <article>\n    <a href=\"https:\/\/onlinelibrary.wiley.com\/doi\/10.1111\/ddi.13821\" target=\"_blank\" rel=\"noopener noreferrer\">\n      <img decoding=\"async\" src=\"https:\/\/unbiodiversitylab.org\/wp-content\/uploads\/2025\/10\/colombia-7899699_1280.webp\" alt=\"River winding through a forest\"\/>\n    <\/a>\n      <h3>\n        <a>Oportunidades de restaura\u00e7\u00e3o florestal na Col\u00f4mbia<\/a>\n      <\/h3>\n      \n        <a href=\"https:\/\/onlinelibrary.wiley.com\/doi\/10.1111\/ddi.13821\" target=\"_blank\" rel=\"noopener noreferrer\">Read more \u2192<\/a>\n  <\/article>\n  <!-- Card 2 -->\n  <article>\n    <a href=\"https:\/\/www.youtube.com\/watch?v=H6BxNC2LmGs\" target=\"_blank\" rel=\"noopener noreferrer\">\n      <img decoding=\"async\" src=\"https:\/\/unbiodiversitylab.org\/wp-content\/uploads\/2025\/10\/emerald-park-7363714_1280.webp\" alt=\"Mist over hills and trees\"\/>\n    <\/a>\n      <h3>\n        <a>Aplica\u00e7\u00e3o personalizada do WePlan-Forests no M\u00e9xico  <\/a>\n      <\/h3>\n      \n        <a href=\"https:\/\/www.youtube.com\/watch?v=H6BxNC2LmGs\" target=\"_blank\" rel=\"noopener noreferrer\">Read more \u2192<\/a>\n  <\/article>\n\t<h2>Recursos adicionais<\/h2>\n\t<style>\n  \/* ====== Layout ====== *\/\n  .elsa-section {\n    display: flex;\n    flex-direction: column;\n    gap: 40px;\n  }\n  .elsa-row {\n    display: grid;\n    grid-template-columns: 1fr 1fr;\n    align-items: stretch;\n    background: #f7f9f8;\n  }\n  @media (max-width: 768px) {\n    .elsa-row {\n      grid-template-columns: 1fr;\n    }\n  }\n  \/* ====== Image ====== *\/\n  .elsa-img {\n    position: relative;\n    width: 100%;\n    height: 100%;\n    overflow: hidden;\n  }\n  .elsa-img img {\n    width: 100%;\n    height: 100%;\n    object-fit: cover;\n    display: block;\n  }\n  \/* ====== Text ====== *\/\n  .elsa-text {\n    display: flex;\n    justify-content: center;\n    align-items: center;\n    padding: 40px 50px;\n    font-size: 16px;\n    line-height: 1.6;\n    color: #222;\n  }\n  .elsa-text a {\n    color: #1B9399;\n    text-decoration: underline;\n  }\n  .elsa-text a:hover {\n    text-decoration: none;\n  }\n<\/style>\n  <!-- Row 1 -->\n      <img decoding=\"async\" src=\"https:\/\/unbiodiversitylab.org\/wp-content\/uploads\/2025\/10\/tree-569275_1280.webp?q=80&#038;w=1600&#038;auto=format&#038;fit=crop\" alt=\"Mountain landscape with autumn forest\"\/>\n      \n\n\n\n       Aprenda sobre a ci\u00eancia, as aplica\u00e7\u00f5es pol\u00edticas e a relev\u00e2ncia desta ferramenta para o seu pa\u00eds em nosso \n        <a href=\"https:\/\/unbiodiversitylab.org\/wp-content\/uploads\/2025\/11\/Summary-of-tools-for-participatory-spatial-planning-Pt-r2-1.pdf\" target=\"_blank\" rel=\"noopener noreferrer\">resumo t\u00e9cnico.<\/a>\n      \n\n  <!-- Row 2 -->\n      <img decoding=\"async\" src=\"https:\/\/unbiodiversitylab.org\/wp-content\/uploads\/2025\/10\/moss-7881439_1280.webp?q=80&#038;w=1600&#038;auto=format&#038;fit=crop\" alt=\"Tropical rainforest with sunrise mist\"\/>\n      \n   Detalhes adicionais sobre os <a href=\"https:\/\/www.weplan-forests.org\/methodology\" target=\"_blank\" rel=\"noreferrer noopener\">m\u00e9todos utilizados<\/a> na WePlan-Forests est\u00e3o dispon\u00edveis em seus <a href=\"https:\/\/www.youtube.com\/watch?v=ozJWhc0fHQk\" target=\"_blank\" rel=\"noreferrer noopener\">v\u00eddeos explicativos<\/a>.\u00a0","protected":false},"excerpt":{"rendered":"<p>WePlan-Forests What is it? How can I access it? Impact stories Forest restoration opportunities in Colombia Read more \u2192 Customised application of WePlan-Forests in Mexico Read more \u2192 Additional resources<\/p>","protected":false},"author":1,"featured_media":0,"parent":4778,"menu_order":0,"comment_status":"closed","ping_status":"closed","template":"","meta":{"footnotes":"","_links_to":"","_links_to_target":""},"class_list":["post-4842","page","type-page","status-publish","hentry"],"_links":{"self":[{"href":"https:\/\/unbiodiversitylab.org\/pt\/wp-json\/wp\/v2\/pages\/4842","targetHints":{"allow":["GET"]}}],"collection":[{"href":"https:\/\/unbiodiversitylab.org\/pt\/wp-json\/wp\/v2\/pages"}],"about":[{"href":"https:\/\/unbiodiversitylab.org\/pt\/wp-json\/wp\/v2\/types\/page"}],"author":[{"embeddable":true,"href":"https:\/\/unbiodiversitylab.org\/pt\/wp-json\/wp\/v2\/users\/1"}],"replies":[{"embeddable":true,"href":"https:\/\/unbiodiversitylab.org\/pt\/wp-json\/wp\/v2\/comments?post=4842"}],"version-history":[{"count":11,"href":"https:\/\/unbiodiversitylab.org\/pt\/wp-json\/wp\/v2\/pages\/4842\/revisions"}],"predecessor-version":[{"id":4976,"href":"https:\/\/unbiodiversitylab.org\/pt\/wp-json\/wp\/v2\/pages\/4842\/revisions\/4976"}],"up":[{"embeddable":true,"href":"https:\/\/unbiodiversitylab.org\/pt\/wp-json\/wp\/v2\/pages\/4778"}],"wp:attachment":[{"href":"https:\/\/unbiodiversitylab.org\/pt\/wp-json\/wp\/v2\/media?parent=4842"}],"curies":[{"name":"wp","href":"https:\/\/api.w.org\/{rel}","templated":true}]}}