{"id":4812,"date":"2025-10-14T08:10:26","date_gmt":"2025-10-14T08:10:26","guid":{"rendered":"https:\/\/unbiodiversitylab.org\/?page_id=4812"},"modified":"2025-11-30T18:49:02","modified_gmt":"2025-11-30T18:49:02","slug":"marxan-planning-platform-mapp","status":"publish","type":"page","link":"https:\/\/unbiodiversitylab.org\/pt\/integrated-spatial-planning\/marxan-planning-platform-mapp\/","title":{"rendered":"Plataforma de Planejamento Marxan (MaPP)"},"content":{"rendered":"<h1>Plataforma de Planejamento Marxan (MaPP)<\/h1>\n\t<h2>O que \u00e9?<\/h2>\n\tA Plataforma de Planejamento Marxan (MaPP) \u00e9 uma vers\u00e3o hospedada na nuvem da ferramenta de apoio \u00e0 decis\u00e3o <a href=\"http:\/\/marxansolutions.org\/\" target=\"_blank\" rel=\"noreferrer noopener\">Marxan<\/a>, o software de prioriza\u00e7\u00e3o espacial mais utilizado para o planejamento pr\u00e1tico\u00a0em ambientes terrestres, marinhos e de \u00e1gua doce. A MaPP \u00e9 uma ferramenta acess\u00edvel, gratuita e de c\u00f3digo aberto que ajuda os planejadores na aloca\u00e7\u00e3o eficaz de a\u00e7\u00f5es de manejo, como conserva\u00e7\u00e3o da biodiversidade e desenvolvimento sustent\u00e1vel, ao mesmo tempo em que apoia a colabora\u00e7\u00e3o e a participa\u00e7\u00e3o online em tempo real por meio de projetos compartilhados que permitem aos colaboradores desenvolver planos em conjunto em tempo real. Por meio da computa\u00e7\u00e3o em nuvem, do processamento autom\u00e1tico de dados espaciais e de fluxos de trabalho estabelecidos de prioriza\u00e7\u00e3o espacial, a ferramenta simplifica o processo de concep\u00e7\u00e3o, an\u00e1lise e compara\u00e7\u00e3o de planos espaciais que se alinham \u00e0s prioridades nacionais e globais para a conserva\u00e7\u00e3o da biodiversidade e o desenvolvimento sustent\u00e1vel. A MaPP e a UNBL continuam explorando op\u00e7\u00f5es para vincular as funcionalidades de ambas as plataformas.\u00a0\n\t<h2>Como posso acess\u00e1-la?<\/h2>\n\tPara come\u00e7ar a usar a MaPP, basta criar uma conta no <a href=\"https:\/\/marxanplanning.org\/\" target=\"_blank\" rel=\"noreferrer noopener\">site da MaPP<\/a> para explorar projetos existentes, enviar seus pr\u00f3prios projetos ou criar um novo projeto.\u00a0\n\t<h2>Hist\u00f3rias de impacto<\/h2>\n\t<style>\n  \/* -- Layout -- *\/\n  .lfn-card-grid {\n    display: grid;\n    grid-template-columns: repeat(3, minmax(0, 1fr));\n    gap: 28px;\n  }\n  @media (max-width: 980px) {\n    .lfn-card-grid { grid-template-columns: repeat(2, minmax(0, 1fr)); }\n  }\n  @media (max-width: 640px) {\n    .lfn-card-grid { grid-template-columns: 1fr; }\n  }\n  \/* -- Card -- *\/\n  .lfn-card {\n    display: flex;\n    flex-direction: column;\n    background: #fff;\n    border: 1px solid rgba(0,0,0,.08);\n    box-shadow: 0 4px 16px rgba(0,0,0,.08);\n  }\n  \/* Consistent image height *\/\n  .lfn-card-media {\n    position: relative;\n    width: 100%;\n    aspect-ratio: 16 \/ 9;      \/* adjust if you want taller\/shorter *\/\n    overflow: hidden;\n    background: #eef3f4;\n  }\n  .lfn-card-media img {\n    position: absolute;\n    inset: 0;\n    width: 100%;\n    height: 100%;\n    object-fit: cover;\n  }\n  \/* Body *\/\n  .lfn-card-body {\n    display: flex;\n    flex-direction: column;\n    padding: 24px;\n    font-size: 16px;           \/* all text 16px *\/\n    line-height: 1.5;\n  }\n  .lfn-card-title {\n    font-weight: 800;\n    color: #1B9399;            \/* green title *\/\n    margin: 0 0 12px 0;\n    font-size: 16px;           \/* keep at 16px as requested *\/\n  }\n  .lfn-card-desc {\n    margin: 0 0 18px 0;\n    color: #222;\n    font-size: 16px;\n  }\n  \/* Keep CTA aligned at the bottom *\/\n  .lfn-card-cta {\n    margin-top: auto;          \/* pushes link to the bottom *\/\n    font-weight: 600;\n  }\n  .lfn-card-cta a {\n    color: #000;\n    text-decoration: none;\n    border-bottom: 1px solid transparent;\n    transition: border-color .15s ease, opacity .15s ease;\n  }\n  .lfn-card-cta a:hover { border-color: #0a4a4d; opacity: .9; }\n  .lfn-card-cta .arrow {\n    display: inline-block;\n    transform: translateX(0);\n    transition: transform .15s ease;\n    margin-left: 10px;\n  }\n  .lfn-card-cta a:hover .arrow { transform: translateX(4px); }\n<\/style>\n  <!-- Card 1 -->\n  <article>\n    <a href=\"https:\/\/marxansolutions.org\/community\/baja\/\" target=\"_blank\" rel=\"noopener noreferrer\">\n      <img decoding=\"async\" src=\"https:\/\/unbiodiversitylab.org\/wp-content\/uploads\/2025\/10\/fish-9382908_1280.webp?q=80&#038;w=1600&#038;auto=format&#038;fit=crop\" alt=\"River winding through a forest\"\/>\n    <\/a>\n      <h3><a>Planejamento transfronteiri\u00e7o no Pac\u00edfico (Baixa Calif\u00f3rnia)<\/a><\/h3>\n      \n        <a href=\"https:\/\/marxansolutions.org\/community\/baja\/\" target=\"_blank\" rel=\"noopener noreferrer\">Read more \u2192<\/a>\n  <\/article>\n  <!-- Card 2 -->\n  <article>\n    <a href=\"https:\/\/marxansolutions.org\/community\/achieving-balance\/\" target=\"_blank\" rel=\"noopener noreferrer\">\n      <img decoding=\"async\" src=\"https:\/\/unbiodiversitylab.org\/wp-content\/uploads\/2025\/10\/underwater-5310424_1280.webp?q=80&#038;w=1600&#038;auto=format&#038;fit=crop\" alt=\"Mist over hills and trees\"\/>\n    <\/a>\n      <h3><a>Estabelecimento e expans\u00e3o de \u00e1reas marinhas protegidas eficazes no Tri\u00e2ngulo de Coral<\/a><\/h3>\n      \n        <a href=\"https:\/\/marxansolutions.org\/community\/achieving-balance\/\" target=\"_blank\" rel=\"noopener noreferrer\">Read more \u2192<\/a>\n  <\/article>\n  <!-- Card 3 -->\n  <article>\n    <a href=\"https:\/\/marxansolutions.org\/community\/planning-for-the-daly-catchment\/\" target=\"_blank\" rel=\"noopener noreferrer\">\n      <img decoding=\"async\" src=\"https:\/\/unbiodiversitylab.org\/wp-content\/uploads\/2025\/10\/river-2826927_1280.jpg?q=80&#038;w=1600&#038;auto=format&#038;fit=crop\" alt=\"Lake reflecting green mountains\"\/>\n    <\/a>\n      <h3><a>Planejamento do uso da terra para a bacia hidrogr\u00e1fica do rio Daly (Austr\u00e1lia)<\/a><\/h3>\n      \n        <a  href=\"https:\/\/marxansolutions.org\/community\/planning-for-the-daly-catchment\/\" target=\"_blank\" rel=\"noopener noreferrer\">Read more \u2192<\/a>\n  <\/article>\n  <!-- Card 4 -->\n  <article>\n    <a href=\"https:\/\/marxansolutions.org\/community\/conservation-planning-across-realms\/\" target=\"_blank\" rel=\"noopener noreferrer\">\n      <img decoding=\"async\" src=\"https:\/\/unbiodiversitylab.org\/wp-content\/uploads\/2025\/10\/tagus.webp?q=80&#038;w=1600&#038;auto=format&#038;fit=crop\" alt=\"Mist over hills and trees\"\/>\n    <\/a>\n      <h3><a>Planejamento de conserva\u00e7\u00e3o para a bacia hidrogr\u00e1fica do rio Tejo (Portugal)<\/a><\/h3>\n      \n        <a href=\"https:\/\/www.learningfornature.org\/en\/restoring-hope-optimizing-and-aligning-restoration-goals-using-spatial-data\/\" target=\"_blank\" rel=\"noopener noreferrer\">Read more \u2192<\/a>\n  <\/article>\n  <!-- Card 5 -->\n  <article>\n    <a href=\"https:\/\/marxansolutions.org\/community\/mongolia\/\" target=\"_blank\" rel=\"noopener noreferrer\">\n      <img decoding=\"async\" src=\"https:\/\/unbiodiversitylab.org\/wp-content\/uploads\/2025\/10\/inner-mongolia-3628093_1280.webp?q=80&#038;w=1600&#038;auto=format&#038;fit=crop\" alt=\"Mist over hills and trees\"\/>\n    <\/a>\n      <h3><a>Planning of Mongolia&#8217;s network of representative protected areas<\/a><\/h3>\n      \n        <a href=\"https:\/\/marxansolutions.org\/community\/mongolia\/\" target=\"_blank\" rel=\"noopener noreferrer\">Read more \u2192<\/a>\n  <\/article>\n  <!-- Card 6 -->\n  <article>\n    <a href=\"https:\/\/marxansolutions.org\/community\/kalimantan\/\" target=\"_blank\" rel=\"noopener noreferrer\">\n      <img decoding=\"async\" src=\"https:\/\/unbiodiversitylab.org\/wp-content\/uploads\/2025\/10\/sunrise-1950873_1280.webp?q=80&#038;w=1600&#038;auto=format&#038;fit=crop\" alt=\"Mist over hills and trees\"\/>\n    <\/a>\n      <h3><a>Equil\u00edbrio de compromissos em Kalimantan Central (Born\u00e9u indon\u00e9sio)<\/a><\/h3>\n      \n        <a href=\"https:\/\/marxansolutions.org\/community\/kalimantan\/\" target=\"_blank\" rel=\"noopener noreferrer\">Read more \u2192<\/a>\n  <\/article>\n\t<h2>Recursos adicionais<\/h2>\n\t<style>\n  \/* ====== Layout ====== *\/\n  .elsa-section {\n    display: flex;\n    flex-direction: column;\n    gap: 40px;\n  }\n  .elsa-row {\n    display: grid;\n    grid-template-columns: 1fr 1fr;\n    align-items: stretch;\n    background: #f7f9f8;\n  }\n  @media (max-width: 768px) {\n    .elsa-row {\n      grid-template-columns: 1fr;\n    }\n  }\n  \/* ====== Image ====== *\/\n  .elsa-img {\n    position: relative;\n    width: 100%;\n    height: 100%;\n    overflow: hidden;\n  }\n  .elsa-img img {\n    width: 100%;\n    height: 100%;\n    object-fit: cover;\n    display: block;\n  }\n  \/* ====== Text ====== *\/\n  .elsa-text {\n    display: flex;\n    justify-content: center;\n    align-items: center;\n    padding: 40px 50px;\n    font-size: 16px;\n    line-height: 1.6;\n    color: #222;\n  }\n  .elsa-text a {\n    color: #1B9399;\n    text-decoration: underline;\n  }\n  .elsa-text a:hover {\n    text-decoration: none;\n  }\n<\/style>\n  <!-- Row 1 -->\n      <img decoding=\"async\" src=\"https:\/\/unbiodiversitylab.org\/wp-content\/uploads\/2025\/10\/tree-569275_1280.webp?q=80&#038;w=1600&#038;auto=format&#038;fit=crop\" alt=\"Mountain landscape with autumn forest\"\/>\n      \n\n\n\n       Aprenda sobre a ci\u00eancia, as aplica\u00e7\u00f5es pol\u00edticas e a relev\u00e2ncia desta ferramenta para o seu pa\u00eds em nosso \n        <a href=\"https:\/\/unbiodiversitylab.org\/wp-content\/uploads\/2025\/11\/Summary-of-tools-for-participatory-spatial-planning-Pt-r2-1.pdf\" target=\"_blank\" rel=\"noopener noreferrer\">resumo t\u00e9cnico.<\/a>\n      \n\n  <!-- Row 2 -->\n      <img decoding=\"async\" src=\"https:\/\/unbiodiversitylab.org\/wp-content\/uploads\/2025\/10\/alps-3010323_1280.webp?q=80&#038;w=1600&#038;auto=format&#038;fit=crop\" alt=\"Tropical rainforest with sunrise mist\"\/>\n      \n    Experimente a MaPP usando um <a href=\"https:\/\/drive.google.com\/file\/d\/1Og7BDVz3f6sRBw4ow7NdwZrV7jmhUf7y\/view\" target=\"_blank\" rel=\"noreferrer noopener\">tutorial passo a passo<\/a> e explore alguns dos <a href=\"https:\/\/marxanplanning.org\/community\/projects\" target=\"_blank\" rel=\"noreferrer noopener\">projetos p\u00fablicos<\/a> baseados em exemplos aplicados. Para obter informa\u00e7\u00f5es mais gerais sobre a funcionalidade do pacote de software Marxan e recursos adicionais, visite o <a href=\"http:\/\/marxansolutions.org\/\" target=\"_blank\" rel=\"noreferrer noopener\">site do Marxan<\/a>.","protected":false},"excerpt":{"rendered":"<p>Marxan Planning Platform (MaPP) What is it? How can I access it? Impact stories Transboundary planning in the Pacific (Baja California) Read more \u2192 Establishing and expanding effective marine protected areas in the Coral Triangle Read more \u2192 Land-use planning for the Daly River Catchment (Australia) Read more \u2192 Conservation planning for the Tagus River&hellip;<\/p>","protected":false},"author":1,"featured_media":0,"parent":4778,"menu_order":0,"comment_status":"closed","ping_status":"closed","template":"","meta":{"footnotes":"","_links_to":"","_links_to_target":""},"class_list":["post-4812","page","type-page","status-publish","hentry"],"_links":{"self":[{"href":"https:\/\/unbiodiversitylab.org\/pt\/wp-json\/wp\/v2\/pages\/4812","targetHints":{"allow":["GET"]}}],"collection":[{"href":"https:\/\/unbiodiversitylab.org\/pt\/wp-json\/wp\/v2\/pages"}],"about":[{"href":"https:\/\/unbiodiversitylab.org\/pt\/wp-json\/wp\/v2\/types\/page"}],"author":[{"embeddable":true,"href":"https:\/\/unbiodiversitylab.org\/pt\/wp-json\/wp\/v2\/users\/1"}],"replies":[{"embeddable":true,"href":"https:\/\/unbiodiversitylab.org\/pt\/wp-json\/wp\/v2\/comments?post=4812"}],"version-history":[{"count":21,"href":"https:\/\/unbiodiversitylab.org\/pt\/wp-json\/wp\/v2\/pages\/4812\/revisions"}],"predecessor-version":[{"id":4968,"href":"https:\/\/unbiodiversitylab.org\/pt\/wp-json\/wp\/v2\/pages\/4812\/revisions\/4968"}],"up":[{"embeddable":true,"href":"https:\/\/unbiodiversitylab.org\/pt\/wp-json\/wp\/v2\/pages\/4778"}],"wp:attachment":[{"href":"https:\/\/unbiodiversitylab.org\/pt\/wp-json\/wp\/v2\/media?parent=4812"}],"curies":[{"name":"wp","href":"https:\/\/api.w.org\/{rel}","templated":true}]}}