{"id":4778,"date":"2025-10-13T16:42:03","date_gmt":"2025-10-13T16:42:03","guid":{"rendered":"https:\/\/unbiodiversitylab.org\/?page_id=4778"},"modified":"2025-10-23T21:55:05","modified_gmt":"2025-10-23T21:55:05","slug":"integrated-spatial-planning","status":"publish","type":"page","link":"https:\/\/unbiodiversitylab.org\/pt\/integrated-spatial-planning\/","title":{"rendered":"Planejamento Espacial Integrado"},"content":{"rendered":"<h1>Planejamento Espacial Integrado<\/h1>\n<p>&nbsp;<\/p>\n<p>Planejamento Espacial Integrado &#8211; Grande parte das terras do mundo j\u00e1 foi alterada pelas atividades humanas, atendendo \u00e0s necessidades de produ\u00e7\u00e3o de alimento, energia e contru\u00e7\u00e3o de infraestruturas, mas tamb\u00e9m colocando em risco a biodiversidade, o clima e o bem-estar humano. Para equilibrar isso e a crescente competi\u00e7\u00e3o por espa\u00e7o, precisamos de um gerenciamento espacial eficaz por meio do planejamento espacial integrado.<\/p>\n\n\n\tO planejamento espacial \u00e9 um processo participativo que orienta e avalia a distribui\u00e7\u00e3o das atividades humanas no espa\u00e7o e no tempo para equilibrar os objetivos econ\u00f4micos, ecol\u00f3gicos e sociais. O planejamento espacial integrado desempenha um papel central no alcance da <a href=\"https:\/\/www.cbd.int\/gbf\/targets\/1\" target=\"_blank\" rel=\"noopener\">Meta 1 do Quadro Global de Biodiversidade de Kunming-Montreal<\/a> e apoia muitas outras metas do Quadro Global de Biodiversidade, conforme documentado<a href=\"https:\/\/iucn.org\/sites\/default\/files\/2024-10\/iucn-wcpa-issues-paper-4.pdf\" target=\"_blank\" rel=\"noopener\"> em um relat\u00f3rio recente da IUCN<\/a>. Dentro do planejamento espacial, o planejamento sistem\u00e1tico da conserva\u00e7\u00e3o e sua etapa fundamental, a prioriza\u00e7\u00e3o espacial, fornecem uma maneira cient\u00edfica, estruturada e transparente de identificar os locais mais econ\u00f4micos para diferentes a\u00e7\u00f5es de manejo.\u00a0\u00a0<\/p>\n<p>Apesar desses benef\u00edcios, come\u00e7ar com a prioriza\u00e7\u00e3o espacial pode ser um desafio. Os planejadores precisam de habilidades te\u00f3ricas e t\u00e9cnicas para usar softwares especializados e formas eficazes de comunica\u00e7\u00e3o ao longo do processo de planejamento, a fim de promover a compreens\u00e3o e a participa\u00e7\u00e3o. Para quebrar essas barreiras, foram desenvolvidas v\u00e1rias ferramentas que tornam a prioriza\u00e7\u00e3o espacial mais f\u00e1cil de usar e mais inclusiva, envolvendo assim uma comunidade mais ampla de usu\u00e1rios.\u00a0\n\t<h2>Explore nossa lista n\u00e3o exaustiva de ferramentas de prioriza\u00e7\u00e3o espacial:<\/h2>\n\t<style>\n  \/* ====== Tiles (flat, shorter images, uniform captions, clickable) ====== *\/\n  .lfn-tiles {\n    --tile-accent: #2B9CAB;    \/* title bar color *\/\n    --tile-gap: 28px;\n    --caption-height: 100px;   \/* uniform title bar height *\/\n    display: grid;\n    grid-template-columns: repeat(3, 1fr);\n    gap: var(--tile-gap);\n    align-items: stretch;\n  }\n  @media (max-width: 980px) {\n    .lfn-tiles { grid-template-columns: repeat(2, 1fr); }\n  }\n  @media (max-width: 640px) {\n    .lfn-tiles { grid-template-columns: 1fr; }\n  }\n  .lfn-tile {\n    display: flex;\n    flex-direction: column;\n    background: #fff;\n    border-radius: 0;\n    box-shadow: none;\n    transition: transform .15s ease, box-shadow .15s ease;\n    text-decoration: none;     \/* remove underline *\/\n    color: inherit;            \/* inherit text color *\/\n    cursor: pointer;           \/* pointer on hover *\/\n  }\n  .lfn-tile:hover,\n  .lfn-tile:focus {\n    transform: translateY(-2px);\n    box-shadow: 0 8px 20px rgba(0, 0, 0, 0.1);\n  }\n  \/* Shorter image area *\/\n  .lfn-media {\n    position: relative;\n    width: 100%;\n    aspect-ratio: 3 \/ 2;\n    overflow: hidden;\n    background: #eef3f4;\n  }\n  .lfn-media img {\n    position: absolute;\n    inset: 0;\n    width: 100%;\n    height: 100%;\n    object-fit: cover;\n    transition: transform .3s ease;\n  }\n  .lfn-tile:hover .lfn-media img {\n    transform: scale(1.03);\n  }\n  \/* Uniform caption bar *\/\n  .lfn-caption {\n    background: var(--tile-accent);\n    color: #fff;\n    height: var(--caption-height);\n    display: flex;\n    align-items: center;\n    justify-content: center;\n    padding: 12px;\n    text-align: center;\n  }\n  .lfn-caption span {\n    font-weight: 400;\n    line-height: 1.22;\n    font-size: clamp(18px, 2.1vw, 24px);\n    max-width: 26ch;\n  }\n<\/style>\n  <!-- Card 1 -->\n  <a href=\"https:\/\/unbiodiversitylab.org\/pt\/integrated-spatial-planning\/mapping-essential-life-support-areas-elsas\/\" rel=\"noopener noreferrer\">\n      <img decoding=\"async\" src=\"https:\/\/unbiodiversitylab.org\/wp-content\/uploads\/2025\/10\/mountainous-5942962_1280.webp?q=80&#038;w=1600&#038;auto=format&#038;fit=crop\" alt=\"Mountain glacier landscape\"\/>\n      Mapeamento de \u00c1reas Essenciais ao Suporte \u00e0 Vida (ELSAs)\n  <\/a>\n  <!-- Card 2 -->\n  <a href=\"https:\/\/unbiodiversitylab.org\/pt\/integrated-spatial-planning\/marxan-planning-platform-mapp\/\"  rel=\"noopener noreferrer\">\n      <img decoding=\"async\" src=\"https:\/\/unbiodiversitylab.org\/wp-content\/uploads\/2025\/10\/africa-4580160_1280-1.webp?q=80&#038;w=1600&#038;auto=format&#038;fit=crop\" alt=\"Wetland landscape\"\/>\n      Plataforma de Planejamento Marxan (MaPP)\n  <\/a>\n  <!-- Card 3 -->\n  <a href=\"https:\/\/unbiodiversitylab.org\/pt\/integrated-spatial-planning\/weplan-forests\/\"  rel=\"noopener noreferrer\">\n      <img decoding=\"async\" src=\"https:\/\/unbiodiversitylab.org\/wp-content\/uploads\/2025\/10\/Rio-Pavilion-option-2.webp?q=80&#038;w=1600&#038;auto=format&#038;fit=crop\" alt=\"Forest waterfall\"\/>\n      WePlan-Forests\n  <\/a>\n\t<h2>Qual ferramenta \u00e9 a certa para mim?<\/h2>\n\t\nAdotar uma abordagem sistem\u00e1tica, independentemente da ferramenta de prioriza\u00e7\u00e3o espacial participativa utilizada, j\u00e1 \u00e9 um passo importante para um planejamento espacial integrado transparente, eficiente e reproduz\u00edvel.\u00a0\u00c0s vezes, por\u00e9m, isso significa escolher entre as ferramentas para identificar a mais adequada para o projeto em quest\u00e3o. V\u00e1rias considera\u00e7\u00f5es podem ajudar a orientar essa escolha. Clique em cada considera\u00e7\u00e3o abaixo para saber mais.\u00a0\n\t\t\t\t\t\tUse case\n\t\t\tProjetos com forte foco na restaura\u00e7\u00e3o de florestas tropicais podem considerar a ferramenta <strong>WePlan-Forests<\/strong> mais relevante, especialmente quando os servi\u00e7os ecossist\u00eamicos espec\u00edficos da floresta s\u00e3o centrais para a an\u00e1lise. Ainda assim, as ferramentas <strong>ELSA<\/strong> e  <strong>MaPP<\/strong> tamb\u00e9m podem ser aplicadas para otimizar os resultados florestais, cada uma de maneiras ligeiramente diferentes. <strong>MaPP<\/strong> \u00e9 atualmente a \u00fanica ferramenta em nossa lista para prioriza\u00e7\u00e3o espacial em ambientes marinhos. <strong>ELSA<\/strong> \u00e9 atualmente a \u00fanica ferramenta em nossa lista que oferece suporte ao planejamento espacial para diferentes zonas de manejo (para obter mais informa\u00e7\u00f5es, consulte nosso <a href=\"https:\/\/unbiodiversitylab.org\/pt\/spatial-prioritization-pdf\/\" target=\"_blank\" rel=\"noopener\">resumo t\u00e9cnico<\/a>). A escala espacial do projeto tamb\u00e9m \u00e9 importante: enquanto <strong>MaPP<\/strong> oferece suporte a an\u00e1lises em qualquer extens\u00e3o espacial, <strong>ELSA<\/strong> e <strong>WePlan-Forests<\/strong> s\u00e3o projetadas principalmente para projetos nacionais, com aplica\u00e7\u00f5es regionais dispon\u00edveis mediante solicita\u00e7\u00e3o.\n\t\t\t\t\t\tData availability\n\t\t\tQuando existem apenas dados limitados, uma ferramenta com uma base s\u00f3lida de conjuntos de dados pr\u00e9-compilados, como <strong>ELSA <\/strong>ou <strong>WePlan-Forests<\/strong>, pode ser a op\u00e7\u00e3o mais pr\u00e1tica. Quando existem dados regionais em pequena escala ou de alta resolu\u00e7\u00e3o, ou quando a disponibilidade de dados \u00e9 geralmente forte, pode-se considerar uma ferramenta que ofere\u00e7a maior flexibilidade na incorpora\u00e7\u00e3o de diversos conjuntos de dados, como <strong>MaPP <\/strong>ou <strong>ELSA<\/strong>. Os usu\u00e1rios da <strong>MaPP <\/strong>podem processar e adicionar dados diretamente na escala relevante para a ferramenta, enquanto a\u00a0<strong>ELSA<\/strong> oferece isso como um servi\u00e7o pre\u00e7o de\u00a0custo.\u00a0\n\t\t\t\t\t\tCapacity\n\t\t\tAlgumas ferramentas enfatizam uma abordagem participativa que orienta os usu\u00e1rios atrav\u00e9s dos principais aspectos do processo de planejamento (por exemplo, <strong>ELSA<\/strong> e <strong>WePlan-Forests<\/strong>). Outras, como\u00a0<strong>MaPP<\/strong>, oferecem mais liberdade para definir todo o problema desde o in\u00edcio. Embora essa flexibilidade seja poderosa, ela tamb\u00e9m requer maior conhecimento t\u00e9cnico e capacidade para processar e interpretar os resultados. Para alguns projetos, um processo guiado, como a pipeline <strong>ELSA<\/strong>, pode ser mais apropriada.\n\t\t\t\t\t\tStakeholder engagement\n\t\t\tTanto\u00a0<strong>ELSA <\/strong>quanto <strong>WePlan-Forests<\/strong> foram projetadas com processos participativos em mente, ajudando a estruturar o di\u00e1logo com tomadores de decis\u00e3o e comunidades. A <strong>MaPP<\/strong> tamb\u00e9m pode ser usado em ambientes participativos, mas sua maior flexibilidade normalmente requer mais facilita\u00e7\u00e3o t\u00e9cnica para envolver as partes interessadas de maneira eficaz.\u00a0\n\t\t\t\t\t\tDecision-support outputs\n\t\t\tA ferramenta\u00a0<strong>ELSA<\/strong> fornece resultados padronizados, como cen\u00e1rios de planejamento, indicadores e medidas de desempenho de prioriza\u00e7\u00e3o, que s\u00e3o adequados para processos pol\u00edticos. <strong>WePlan-Forests<\/strong> produz mapas e an\u00e1lises de prioriza\u00e7\u00e3o espec\u00edficos para florestas que podem ser diretamente vinculados aos benef\u00edcios dos servi\u00e7os ecossist\u00eamicos. <strong>MaPP<\/strong> \u00e9 altamente personaliz\u00e1vel, produzindo resultados que podem ser adaptados para p\u00fablicos t\u00e9cnicos ou cient\u00edficos, mas podem exigir um esfor\u00e7o adicional para comunicar aos formuladores de pol\u00edticas p\u00fablicas.\u00a0","protected":false},"excerpt":{"rendered":"<p>Explore our non-exhaustive list of spatial prioritization tools: Mapping Essential Life Support Areas (ELSAs) Marxan Planning Platform (MaPP) WePlan-Forests Which tool is right for me? Use case Data availability Capacity Stakeholder engagement Decision-support outputs<\/p>","protected":false},"author":1,"featured_media":806,"parent":0,"menu_order":0,"comment_status":"closed","ping_status":"closed","template":"","meta":{"footnotes":"","_links_to":"","_links_to_target":""},"class_list":["post-4778","page","type-page","status-publish","has-post-thumbnail","hentry"],"_links":{"self":[{"href":"https:\/\/unbiodiversitylab.org\/pt\/wp-json\/wp\/v2\/pages\/4778","targetHints":{"allow":["GET"]}}],"collection":[{"href":"https:\/\/unbiodiversitylab.org\/pt\/wp-json\/wp\/v2\/pages"}],"about":[{"href":"https:\/\/unbiodiversitylab.org\/pt\/wp-json\/wp\/v2\/types\/page"}],"author":[{"embeddable":true,"href":"https:\/\/unbiodiversitylab.org\/pt\/wp-json\/wp\/v2\/users\/1"}],"replies":[{"embeddable":true,"href":"https:\/\/unbiodiversitylab.org\/pt\/wp-json\/wp\/v2\/comments?post=4778"}],"version-history":[{"count":26,"href":"https:\/\/unbiodiversitylab.org\/pt\/wp-json\/wp\/v2\/pages\/4778\/revisions"}],"predecessor-version":[{"id":4941,"href":"https:\/\/unbiodiversitylab.org\/pt\/wp-json\/wp\/v2\/pages\/4778\/revisions\/4941"}],"wp:featuredmedia":[{"embeddable":true,"href":"https:\/\/unbiodiversitylab.org\/pt\/wp-json\/wp\/v2\/media\/806"}],"wp:attachment":[{"href":"https:\/\/unbiodiversitylab.org\/pt\/wp-json\/wp\/v2\/media?parent=4778"}],"curies":[{"name":"wp","href":"https:\/\/api.w.org\/{rel}","templated":true}]}}