{"id":1203,"date":"2021-06-23T04:15:25","date_gmt":"2021-06-23T04:15:25","guid":{"rendered":"http:\/\/dev.unbiodiversitylab.org\/?page_id=1203"},"modified":"2026-01-30T11:27:51","modified_gmt":"2026-01-30T11:27:51","slug":"unbl-workspaces","status":"publish","type":"page","link":"https:\/\/unbiodiversitylab.org\/pt\/unbl-workspaces\/","title":{"rendered":"UNBL Workspaces"},"content":{"rendered":"<h1>Espa\u00e7os de trabalho UNBL<\/h1>\n\t<h1>O que s\u00e3o os espa\u00e7os de trabalho da UNBL? <\/h1>\n<p>&nbsp;<\/p>\n<p>We recognize that national data is often higher quality and better suited to countries&#8217; needs for decision-making, monitoring, and reporting. UNBL offers free workspaces to stakeholders who need a secure area to access and use spatial data. Our workspaces can serve as a common data repository, offer a collaborative work environment, and enable you to calculate dynamic indicators for a subnational or transboundary area of interest.<\/p>\n<p>A Ferramenta de Planejamento Espacial Integrado ELSA agora tamb\u00e9m est\u00e1 dispon\u00edvel em nossos espa\u00e7os de trabalho, permitindo que os usu\u00e1rios realizem an\u00e1lises de planejamento espacial integrado diretamente na UNBL.<\/p>\n<p>Encorajamos os usu\u00e1rios a explorar a forma como os espa\u00e7os de trabalho da UNBL podem ajudar a criar comunidades de pr\u00e1tica para transformar dados em a\u00e7\u00e3o.<\/p>\n\t\t\t<img decoding=\"async\" src=\"https:\/\/unbiodiversitylab.org\/wp-content\/uploads\/2021\/01\/Marker_top_barner.png\" alt=\"Marker_top_barner\"\/>\n\t\t\t\t\t\t\t\t\t\t\t<a  href=\"#next\"  target=\"\">\n\t\t\t\t\t\t\t\t\t\t\t\t\t<\/a>\n\t<h1>O que \u00e9 que um espa\u00e7o de trabalho oferece?<\/h1>\n<p>Os nossos espa\u00e7os de trabalho UNBL oferecem a capacidade de:<\/p>\n<ul>\n<li aria-level=\"1\">Gerir a ades\u00e3o e os privil\u00e9gios de acesso no seu espa\u00e7o de trabalho seguro com o clique de um bot\u00e3o<\/li>\n<li aria-level=\"1\">Carregar camadas de dados regionais, nacionais ou locais para um servidor seguro da ONU<\/li>\n<li aria-level=\"1\">Carregar formas para qualquer \u00e1rea de interesse, como a sua fronteira nacional oficial, uma \u00e1rea transfronteiri\u00e7a ou uma \u00e1rea subnacional<\/li>\n<li aria-level=\"1\">Visualize your data in combination with any of UNBL&#8217;s global data layers<\/li>\n<li aria-level=\"1\">Visualizar indicadores din\u00e2micos para a sua \u00e1rea de interesse<\/li>\n<li aria-level=\"1\">Executar, visualizar e comparar an\u00e1lises integradas de planejamento espacial usando a Ferramenta de Planejamento Espacial Integrado ELSA diretamente no espa\u00e7o de trabalho<\/li>\n<li aria-level=\"1\">Download mapas, capturas de tela e utilizar os dados brutos para inclus\u00e3o em relat\u00f3rios oficiais e produtos de comunica\u00e7\u00e3o<\/li>\n<\/ul>\n<p>&nbsp;<\/p>\n<h1>Quem pode solicitar um espa\u00e7o de trabalho?<\/h1>\n<p>Os nossos espa\u00e7os de trabalho UNBL est\u00e3o dispon\u00edveis para grupos de governos nacionais, ag\u00eancias da ONU, institui\u00e7\u00f5es acad\u00eamicas, comunidades ind\u00edgenas e locais, e ONGs que trabalham em quest\u00f5es relacionadas com a biodiversidade, altera\u00e7\u00f5es clim\u00e1ticas e desenvolvimento sustent\u00e1vel.\u00a0<\/p>\n<p>Requesting a workspace is simple &#8211; just fill in the form below, and our team will respond to you as quickly as possible. Please indicate in the form if you would like to access the ELSA Integrated Spatial Planning Tool for your country.<\/p>\n\t<h1>Solicitar um espa\u00e7o de trabalho UNBL<\/h1>\n<p>Se voc\u00ea estiver interessado em um espa\u00e7o de trabalho da UNBL, comece registrando uma conta (consulte as instru\u00e7\u00f5es <a href=\"https:\/\/unbiodiversitylab.org\/pt\/support\/\">aqui<\/a>). Em seguida, preencha o formul\u00e1rio abaixo e nossa equipe responder\u00e1 o mais r\u00e1pido poss\u00edvel. <em>Observe que, devido a restri\u00e7\u00f5es de uso comercial, n\u00e3o podemos criar espa\u00e7os de trabalho neste momento para institui\u00e7\u00f5es do setor privado.<\/em><\/p>\n<div class=\"wpforms-container wpforms-container-full\" id=\"wpforms-511\"><form id=\"wpforms-form-511\" class=\"wpforms-validate wpforms-form wpforms-ajax-form\" data-formid=\"511\" method=\"post\" enctype=\"multipart\/form-data\" action=\"\/wp-json\/wp\/v2\/pages\/1203\" data-token=\"0e9c49c2a983056cc63e9f57bc2d5d00\" data-trp-original-action=\"\/pt\/wp-json\/wp\/v2\/pages\/1203\"><noscript class=\"wpforms-error-noscript\">Ative o JavaScript no seu navegador para preencher este formul\u00e1rio.<\/noscript><div class=\"wpforms-field-container\"><div id=\"wpforms-511-field_0-container\" class=\"wpforms-field wpforms-field-name\" data-field-id=\"0\"><label class=\"wpforms-field-label\" for=\"wpforms-511-field_0\">Name: <span class=\"wpforms-required-label\">*<\/span><\/label><div class=\"wpforms-field-row wpforms-field-large\"><div class=\"wpforms-field-row-block wpforms-first wpforms-one-half\"><input type=\"text\" id=\"wpforms-511-field_0\" class=\"wpforms-field-name-first wpforms-field-required\" name=\"wpforms[fields][0][first]\" required><label for=\"wpforms-511-field_0\" class=\"wpforms-field-sublabel after\">Nome<\/label><\/div><div class=\"wpforms-field-row-block wpforms-one-half\"><input type=\"text\" id=\"wpforms-511-field_0-last\" class=\"wpforms-field-name-last wpforms-field-required\" name=\"wpforms[fields][0][last]\" required><label for=\"wpforms-511-field_0-last\" class=\"wpforms-field-sublabel after\">Sobrenome<\/label><\/div><\/div><\/div><div id=\"wpforms-511-field_3-container\" class=\"wpforms-field wpforms-field-select wpforms-field-select-style-classic\" data-field-id=\"3\"><label class=\"wpforms-field-label\" for=\"wpforms-511-field_3\">Country: <span class=\"wpforms-required-label\">*<\/span><\/label><select id=\"wpforms-511-field_3\" class=\"wpforms-field-medium wpforms-field-required\" name=\"wpforms[fields][3]\" required=\"required\"><option value=\"\" class=\"placeholder\" disabled selected='selected'>Selecionar o pa\u00eds<\/option><option value=\"Afghanistan\" >Afghanistan<\/option><option value=\"Albania\" >Albania<\/option><option value=\"Algeria\" >Algeria<\/option><option value=\"Andorra\" >Andorra<\/option><option value=\"Angola\" >Angola<\/option><option value=\"Antigua and Barbuda\" >Antigua and Barbuda<\/option><option value=\"Argentina\" >Argentina<\/option><option value=\"Armenia\" >Armenia<\/option><option value=\"Australia\" >Australia<\/option><option value=\"Austria\" >Austria<\/option><option value=\"Azerbaijan\" >Azerbaijan<\/option><option value=\"Bahamas\" >Bahamas<\/option><option value=\"Bahrain\" >Bahrain<\/option><option value=\"Bangladesh\" >Bangladesh<\/option><option value=\"Barbados\" >Barbados<\/option><option value=\"Belarus\" >Belarus<\/option><option value=\"Belgium\" >Belgium<\/option><option value=\"Belize\" >Belize<\/option><option value=\"Benin\" >Benin<\/option><option value=\"Bhutan\" >Bhutan<\/option><option value=\"Bolivia, Plurinational State of\" >Bolivia, Plurinational State of<\/option><option value=\"Bosnia and Herzegovina\" >Bosnia and Herzegovina<\/option><option value=\"Botswana\" >Botswana<\/option><option value=\"Brazil\" >Brazil<\/option><option value=\"Brunei Darussalam\" >Brunei Darussalam<\/option><option value=\"Bulgaria\" >Bulgaria<\/option><option value=\"Burkina Faso\" >Burkina Faso<\/option><option value=\"Burundi\" >Burundi<\/option><option value=\"Cabo Verde\" >Cabo Verde<\/option><option value=\"Cambodia\" >Camboja<\/option><option value=\"Cameroon\" >Cameroon<\/option><option value=\"Canada\" >Canada<\/option><option value=\"Central African Republic\" >Central African Republic<\/option><option value=\"Chad\" >Chad<\/option><option value=\"Chile\" >Chile<\/option><option value=\"China\" >China<\/option><option value=\"Colombia\" >Col\u00f4mbia<\/option><option value=\"Comoros\" >Comoros<\/option><option value=\"Congo, Republic of\" >Congo, Republic of<\/option><option value=\"Costa Rica\" >Costa Rica<\/option><option value=\"C\u00f4te D&#039;Ivoire\" >C\u00f4te D&#039;Ivoire<\/option><option value=\"Croatia\" >Croatia<\/option><option value=\"Cuba\" >Cuba<\/option><option value=\"Cyprus\" >Cyprus<\/option><option value=\"Czech Republic\" >Czech Republic<\/option><option value=\"Democratic People&#039;s Republic of Korea\" >Democratic People&#039;s Republic of Korea<\/option><option value=\"Democratic Republic of the Congo\" >Democratic Republic of the Congo<\/option><option value=\"Denmark\" >Denmark<\/option><option value=\"Djibouti\" >Djibouti<\/option><option value=\"Dominica\" >Dominica<\/option><option value=\"Dominican Republic\" >Rep\u00fablica Dominicana<\/option><option value=\"Ecuador\" >Equador<\/option><option value=\"Egypt\" >Egypt<\/option><option value=\"El Salvador\" >El Salvador<\/option><option value=\"Equatorial Guinea\" >Equatorial Guinea<\/option><option value=\"Eritrea\" >Eritrea<\/option><option value=\"Estonia\" >Estonia<\/option><option value=\"Eswatini\" >Eswatini<\/option><option value=\"Ethiopia\" >Ethiopia<\/option><option value=\"Fiji\" >Fiji<\/option><option value=\"Finland\" >Finland<\/option><option value=\"France\" >France<\/option><option value=\"Gabon\" >Gabon<\/option><option value=\"Gambia, Republic of the\" >Gambia, Republic of the<\/option><option value=\"Georgia\" >Georgia<\/option><option value=\"Germany\" >Germany<\/option><option value=\"Ghana\" >Ghana<\/option><option value=\"Greece\" >Greece<\/option><option value=\"Grenada\" >Grenada<\/option><option value=\"Guatemala\" >Guatemala<\/option><option value=\"Guinea\" >Guinea<\/option><option value=\"Guinea Bissau\" >Guinea Bissau<\/option><option value=\"Guyana\" >Guyana<\/option><option value=\"Haiti\" >Haiti<\/option><option value=\"Holy See\" >Holy See<\/option><option value=\"Honduras\" >Honduras<\/option><option value=\"Hungary\" >Hungary<\/option><option value=\"Iceland\" >Iceland<\/option><option value=\"India\" >India<\/option><option value=\"Indonesia\" >Indonesia<\/option><option value=\"Iran, Islamic Republic of\" >Iran, Islamic Republic of<\/option><option value=\"Iraq\" >Iraq<\/option><option value=\"Ireland\" >Ireland<\/option><option value=\"Israel\" >Israel<\/option><option value=\"Italy\" >Italy<\/option><option value=\"Jamaica\" >Jamaica<\/option><option value=\"Japan\" >Japan<\/option><option value=\"Jordan\" >Jordan<\/option><option value=\"Kazakhstan\" >Cazaquist\u00e3o<\/option><option value=\"Kenya\" >Kenya<\/option><option value=\"Kiribati\" >Kiribati<\/option><option value=\"Kosovo\" >Kosovo<\/option><option value=\"Kuwait\" >Kuwait<\/option><option value=\"Kyrgyzstan\" >Kyrgyzstan<\/option><option value=\"Lao People&#039;s Democratic Republic\" >Lao People&#039;s Democratic Republic<\/option><option value=\"Latvia\" >Latvia<\/option><option value=\"Lebanon\" >Lebanon<\/option><option value=\"Lesotho\" >Lesotho<\/option><option value=\"Liberia\" >Lib\u00e9ria<\/option><option value=\"Libya\" >Libya<\/option><option value=\"Liechtenstein\" >Liechtenstein<\/option><option value=\"Lithuania\" >Lithuania<\/option><option value=\"Luxembourg\" >Luxembourg<\/option><option value=\"Madagascar\" >Madagascar<\/option><option value=\"Malawi\" >Malawi<\/option><option value=\"Malaysia\" >Malaysia<\/option><option value=\"Maldives\" >Maldives<\/option><option value=\"Mali\" >Mali<\/option><option value=\"Malta\" >Malta<\/option><option value=\"Marshall Islands\" >Marshall Islands<\/option><option value=\"Mauritania\" >Mauritania<\/option><option value=\"Mauritius\" >Mauritius<\/option><option value=\"Mexico\" >Mexico<\/option><option value=\"Micronesia, Federated States of\" >Micronesia, Federated States of<\/option><option value=\"Monaco\" >Monaco<\/option><option value=\"Mongolia\" >Mongolia<\/option><option value=\"Montenegro\" >Montenegro<\/option><option value=\"Morocco\" >Morocco<\/option><option value=\"Mozambique\" >Mozambique<\/option><option value=\"Myanmar\" >Myanmar<\/option><option value=\"Namibia\" >Namibia<\/option><option value=\"Nauru\" >Nauru<\/option><option value=\"Nepal\" >Nepal<\/option><option value=\"Netherlands\" >Netherlands<\/option><option value=\"New Zealand\" >New Zealand<\/option><option value=\"Nicaragua\" >Nicaragua<\/option><option value=\"Niger\" >Niger<\/option><option value=\"Nigeria\" >Nigeria<\/option><option value=\"North Macedonia\" >North Macedonia<\/option><option value=\"Norway\" >Norway<\/option><option value=\"Oman\" >Oman<\/option><option value=\"Pakistan\" >Pakistan<\/option><option value=\"Palau\" >Palau<\/option><option value=\"Palestine, State of\" >Palestine, State of<\/option><option value=\"Panama\" >Panama<\/option><option value=\"Papua New Guinea\" >Papua New Guinea<\/option><option value=\"Paraguay\" >Paraguay<\/option><option value=\"Peru\" >Peru<\/option><option value=\"Philippines\" >Philippines<\/option><option value=\"Poland\" >Poland<\/option><option value=\"Portugal\" >Portugal<\/option><option value=\"Qatar\" >Qatar<\/option><option value=\"Republic of Korea\" >Republic of Korea<\/option><option value=\"Republic of Moldova\" >Republic of Moldova<\/option><option value=\"Romania\" >Romania<\/option><option value=\"Russian Federation\" >Russian Federation<\/option><option value=\"Rwanda\" >Rwanda<\/option><option value=\"Saint Kitts and Nevis\" >Saint Kitts and Nevis<\/option><option value=\"Saint Lucia\" >Saint Lucia<\/option><option value=\"Saint Vincent and the Grenadines\" >Saint Vincent and the Grenadines<\/option><option value=\"Samoa\" >Samoa<\/option><option value=\"San Marino\" >San Marino<\/option><option value=\"Sao Tome and Principe\" >Sao Tome and Principe<\/option><option value=\"Saudi Arabia\" >Saudi Arabia<\/option><option value=\"Senegal\" >Senegal<\/option><option value=\"Serbia\" >Serbia<\/option><option value=\"Seychelles\" >Seychelles<\/option><option value=\"Sierra Leone\" >Sierra Leone<\/option><option value=\"Singapore\" >Singapore<\/option><option value=\"Slovakia\" >Slovakia<\/option><option value=\"Slovenia\" >Slovenia<\/option><option value=\"Solomon Islands\" >Solomon Islands<\/option><option value=\"Somalia\" >Somalia<\/option><option value=\"South Africa\" >\u00c1frica do Sul<\/option><option value=\"South Sudan\" >South Sudan<\/option><option value=\"Spain\" >Spain<\/option><option value=\"Sri Lanka\" >Sri Lanka<\/option><option value=\"Sudan\" >Sudan<\/option><option value=\"Suriname\" >Suriname<\/option><option value=\"Sweden\" >Sweden<\/option><option value=\"Switzerland\" >Switzerland<\/option><option value=\"Syrian Arab Republic\" >Syrian Arab Republic<\/option><option value=\"Tajikistan\" >Tajikistan<\/option><option value=\"Thailand\" >Thailand<\/option><option value=\"Timor-Leste\" >Timor-Leste<\/option><option value=\"Togo\" >Togo<\/option><option value=\"Tonga\" >Tonga<\/option><option value=\"Trinidad and Tobago\" >Trinidad and Tobago<\/option><option value=\"Tunisia\" >Tunisia<\/option><option value=\"Turkey\" >Turkey<\/option><option value=\"Turkmenistan\" >Turkmenistan<\/option><option value=\"Tuvalu\" >Tuvalu<\/option><option value=\"Uganda\" >Uganda<\/option><option value=\"Ukraine\" >Ukraine<\/option><option value=\"United Arab Emirates\" >United Arab Emirates<\/option><option value=\"United Kingdom of Great Britain and Northern Ireland\" >United Kingdom of Great Britain and Northern Ireland<\/option><option value=\"United Republic of Tanzania\" >United Republic of Tanzania<\/option><option value=\"United States of America\" >United States of America<\/option><option value=\"Uruguay\" >Uruguay<\/option><option value=\"Uzbekistan\" >Uzbekistan<\/option><option value=\"Vanuatu\" >Vanuatu<\/option><option value=\"Venezuela, Bolivarian Republic of\" >Venezuela, Bolivarian Republic of<\/option><option value=\"Viet Nam\" >Viet Nam<\/option><option value=\"Yemen\" >Yemen<\/option><option value=\"Zambia\" >Zambia<\/option><option value=\"Zimbabwe\" >Zimbabwe<\/option><\/select><\/div><div id=\"wpforms-511-field_4-container\" class=\"wpforms-field wpforms-field-text\" data-field-id=\"4\"><label class=\"wpforms-field-label\" for=\"wpforms-511-field_4\">Organization: <span class=\"wpforms-required-label\">*<\/span><\/label><input type=\"text\" id=\"wpforms-511-field_4\" class=\"wpforms-field-medium wpforms-field-required\" name=\"wpforms[fields][4]\" required><\/div><div id=\"wpforms-511-field_10-container\" class=\"wpforms-field wpforms-field-select wpforms-field-select-style-classic\" data-field-id=\"10\"><label class=\"wpforms-field-label\" for=\"wpforms-511-field_10\">Sector <span class=\"wpforms-required-label\">*<\/span><\/label><select id=\"wpforms-511-field_10\" class=\"wpforms-field-medium wpforms-field-required\" name=\"wpforms[fields][10]\" required=\"required\"><option value=\"\" class=\"placeholder\" disabled selected='selected'>Select sector<\/option><option value=\"Academia\" >Academia<\/option><option value=\"Civil Society\" >Civil Society<\/option><option value=\"Government\" >Government<\/option><option value=\"Intergovernmental\" >Intergovernmental<\/option><option value=\"Non-governmental Organization\" >Non-governmental Organization<\/option><option value=\"Other non-profit\" >Other non-profit<\/option><\/select><\/div><div id=\"wpforms-511-field_7-container\" class=\"wpforms-field wpforms-field-text\" data-field-id=\"7\"><label class=\"wpforms-field-label\" for=\"wpforms-511-field_7\">Title: <span class=\"wpforms-required-label\">*<\/span><\/label><input type=\"text\" id=\"wpforms-511-field_7\" class=\"wpforms-field-medium wpforms-field-required\" name=\"wpforms[fields][7]\" required><\/div><div id=\"wpforms-511-field_6-container\" class=\"wpforms-field wpforms-field-email\" data-field-id=\"6\"><label class=\"wpforms-field-label\" for=\"wpforms-511-field_6\">Email associated with your UNBL account: <span class=\"wpforms-required-label\">*<\/span><\/label><input type=\"email\" id=\"wpforms-511-field_6\" class=\"wpforms-field-medium wpforms-field-required\" name=\"wpforms[fields][6]\" required><\/div><div id=\"wpforms-511-field_11-container\" class=\"wpforms-field wpforms-field-text\" data-field-id=\"11\"><label class=\"wpforms-field-label\" for=\"wpforms-511-field_11\">Requested name for workspace:  <span class=\"wpforms-required-label\">*<\/span><\/label><input type=\"text\" id=\"wpforms-511-field_11\" class=\"wpforms-field-medium wpforms-field-required\" name=\"wpforms[fields][11]\" required><\/div><div id=\"wpforms-511-field_2-container\" class=\"wpforms-field wpforms-field-textarea\" data-field-id=\"2\"><label class=\"wpforms-field-label\" for=\"wpforms-511-field_2\">Explain the work of your organization and how you plan to use UNBL: <span class=\"wpforms-required-label\">*<\/span><\/label><textarea id=\"wpforms-511-field_2\" class=\"wpforms-field-large wpforms-field-required wpforms-limit-characters-enabled\" data-form-id=\"511\" data-field-id=\"2\" data-text-limit=\"1000\" name=\"wpforms[fields][2]\" maxlength=\"1000\" required><\/textarea><\/div><\/div><div class=\"wpforms-recaptcha-container wpforms-is-recaptcha\" ><div class=\"g-recaptcha\" data-sitekey=\"6Le23yQaAAAAAMRSpXInQpdEZ8xbln3XXBeRoPwj\"><\/div><input type=\"text\" name=\"g-recaptcha-hidden\" class=\"wpforms-recaptcha-hidden\" style=\"position:absolute!important;clip:rect(0,0,0,0)!important;height:1px!important;width:1px!important;border:0!important;overflow:hidden!important;padding:0!important;margin:0!important;\" required><\/div><div class=\"wpforms-submit-container\" ><input type=\"hidden\" name=\"wpforms[id]\" value=\"511\"><input type=\"hidden\" name=\"wpforms[author]\" value=\"1\"><button type=\"submit\" name=\"wpforms[submit]\" class=\"wpforms-submit\" id=\"wpforms-submit-511\" value=\"wpforms-submit\" aria-live=\"assertive\" data-alt-text=\"Sending...\" data-submit-text=\"Request\">Request<\/button><img loading=\"lazy\" decoding=\"async\" src=\"https:\/\/unbiodiversitylab.org\/wp-content\/plugins\/wpforms\/assets\/images\/submit-spin.svg\" class=\"wpforms-submit-spinner\" style=\"display: none;\" width=\"26\" height=\"26\" alt=\"\"><\/div><input type=\"hidden\" name=\"trp-form-language\" value=\"pt\"\/><\/form><\/div>  <!-- .wpforms-container -->","protected":false},"excerpt":{"rendered":"<p>UNBL workspaces What are UNBL workspaces? &nbsp; We recognize that national data is often higher quality and better suited to countries&#8217; needs for decision-making, monitoring, and reporting. UNBL offers free workspaces to stakeholders who need a secure area to access and use spatial data. Our workspaces can serve as a common data repository, offer a&hellip;<\/p>","protected":false},"author":1,"featured_media":0,"parent":0,"menu_order":0,"comment_status":"closed","ping_status":"closed","template":"","meta":{"footnotes":"","_links_to":"","_links_to_target":""},"class_list":["post-1203","page","type-page","status-publish","hentry"],"_links":{"self":[{"href":"https:\/\/unbiodiversitylab.org\/pt\/wp-json\/wp\/v2\/pages\/1203","targetHints":{"allow":["GET"]}}],"collection":[{"href":"https:\/\/unbiodiversitylab.org\/pt\/wp-json\/wp\/v2\/pages"}],"about":[{"href":"https:\/\/unbiodiversitylab.org\/pt\/wp-json\/wp\/v2\/types\/page"}],"author":[{"embeddable":true,"href":"https:\/\/unbiodiversitylab.org\/pt\/wp-json\/wp\/v2\/users\/1"}],"replies":[{"embeddable":true,"href":"https:\/\/unbiodiversitylab.org\/pt\/wp-json\/wp\/v2\/comments?post=1203"}],"version-history":[{"count":53,"href":"https:\/\/unbiodiversitylab.org\/pt\/wp-json\/wp\/v2\/pages\/1203\/revisions"}],"predecessor-version":[{"id":4911,"href":"https:\/\/unbiodiversitylab.org\/pt\/wp-json\/wp\/v2\/pages\/1203\/revisions\/4911"}],"wp:attachment":[{"href":"https:\/\/unbiodiversitylab.org\/pt\/wp-json\/wp\/v2\/media?parent=1203"}],"curies":[{"name":"wp","href":"https:\/\/api.w.org\/{rel}","templated":true}]}}