{"id":9,"date":"2020-07-06T09:12:17","date_gmt":"2020-07-06T09:12:17","guid":{"rendered":"https:\/\/www.new.unbiodiversitylab.org\/?page_id=9"},"modified":"2026-04-28T12:34:17","modified_gmt":"2026-04-28T12:34:17","slug":"home","status":"publish","type":"page","link":"https:\/\/unbiodiversitylab.org\/fr\/","title":{"rendered":"Accueil"},"content":{"rendered":"<img decoding=\"async\" src=\"https:\/\/unbiodiversitylab.org\/wp-content\/uploads\/2021\/03\/play-button-3-1.png\" alt=\"\"\/>\n\t<h1>UN Biodiversity Lab<\/h1>\n\n<p>Fournir aux d\u00e9cideurs les meilleures donn\u00e9es spatiales disponibles pour mettre la nature au centre du d\u00e9veloppement durable. \u00a0<\/p>\n\n\t\t\t<a href=\"https:\/\/map.unbiodiversitylab.org\/?_ga=2.142471474.1634995660.1705393761-1519141437.1609952903\" target=\"_self\" role=\"button\">\n\t\t\t\t\t\t\tLancer la carte\n\t\t\t\t\t<\/a>\n\t<h1>Qui sommes-nous ?<\/h1>\n<p>&nbsp;<\/p>\n<p>With over 1,000 of the world&#8217;s best data layers on nature, climate change, and sustainable development, UNBL supports country-led efforts to use national and global spatial data for planning, monitoring, and reporting and to take action for people and planet.<\/p>\n\t\t\t<a href=\"https:\/\/unbiodiversitylab.org\/fr\/about\/\" target=\"_self\" role=\"button\">\n\t\t\t\t\t\t\tEn savoir plus sur nous\n\t\t\t\t\t<\/a>\n\t<h1>Latest updates from UN Biodiversity Lab<\/h1>\n<p>Stay up to date with insights, stories, and real-world applications of spatial data shaping biodiversity policy and decision-making across countries. Follow us on LinkedIn!<\/p>\n\t<p><img loading=\"lazy\" decoding=\"async\" src=\"https:\/\/unbiodiversitylab.org\/wp-content\/uploads\/2026\/04\/LogoRound.webp\" alt=\"\" width=\"98\" height=\"94\" \/><\/p>\n\t<h3><a href=\"https:\/\/www.linkedin.com\/company\/unbl\/\" target=\"_blank\" rel=\"noopener\" aria-label=\"View page on LinkedIn\">UN Biodiversity Lab<\/a><\/h3>\n<p><strong>Environmental Services<\/strong><\/p>\n<p><strong>3.4k <\/strong>Followers<\/p>\n<p>Fournir aux d\u00e9cideurs les meilleures donn\u00e9es spatiales disponibles pour mettre la nature au centre du d\u00e9veloppement durable.<\/p>\n\t\t\t<a href=\"https:\/\/www.linkedin.com\/company\/unbl\/\" title=\"Click Here\" target=\"_blank\" rel=\"noopener\"  role=\"button\" aria-label=\"Follow us on LinkedIn\">\n\t\t\t\t\t\t\tFollow us on LinkedIn\n\t\t<\/a>\n\t<!-- Elfsight LinkedIn Feed | Untitled LinkedIn Feed -->\n\t<h1>D\u00e9couvrez le nouvel outil ELSA !<\/h1>\n\t<p><strong>L'outil de planification spatiale int\u00e9gr\u00e9e ELSA est d\u00e9sormais disponible pour tous les pays du monde.<\/strong><\/p>\n<p>Ce nouvel outil combine des donn\u00e9es spatiales de pointe avec des outils d'am\u00e9nagement syst\u00e9matique du territoire afin d'aider les pays \u00e0 identifier les zones prioritaires o\u00f9 les mesures de protection, de gestion, et de restauration de la nature peuvent le mieux soutenir les objectifs li\u00e9s \u00e0 la biodiversit\u00e9, au climat, et au bien-\u00eatre humain, en mettant particuli\u00e8rement l'accent sur le Cadre mondial de la biodiversit\u00e9 Kunming-Montr\u00e9al. L'outil ELSA de planification spatiale int\u00e9gr\u00e9e est disponible gratuitement sur demande aupr\u00e8s du UNBL pour tous les pays.<\/p>\n\t\t\t<a href=\"\/fr\/integrated-spatial-planning\/\" target=\"_self\" role=\"button\">\n\t\t\t\t\t\t\tEn savoir plus sur l'outil ELSA\n\t\t\t\t\t<\/a>\n\t<h1>D\u00e9couvrir<\/h1>\n<p>Explorer les collections de donn\u00e9es populaires qui d\u00e9verrouillent le pouvoir des donn\u00e9es pour g\u00e9n\u00e9rer des id\u00e9es afin d'aborder les questions critiques pour la nature et le d\u00e9veloppement durable. <\/p>\n\t\t\t\t<img decoding=\"async\" src=\"https:\/\/unbiodiversitylab.org\/wp-content\/uploads\/2021\/07\/ProtectedAreas.jpg\" alt=\"ProtectedAreas\"\/>\n\t\t\t<h3>Cadre mondial pour la biodiversit\u00e9 Kunming-Montr\u00e9al<\/h3>\n\t\t\t\t<\/p>\n\t\t<a href=\"https:\/\/unbiodiversitylab.org\/fr\/monitoring-framework-of-the-kunming-montreal-global-biodiversity-framework-data-collection\/\" target=\"_self\"  aria-label=\"Go to https:\/\/unbiodiversitylab.org\/en\/monitoring-framework-of-the-kunming-montreal-global-biodiversity-framework-data-collection\/\"><\/a>\n\t\t\t\t<img decoding=\"async\" src=\"https:\/\/unbiodiversitylab.org\/wp-content\/uploads\/2021\/07\/GreenRecovery.jpg\" alt=\"GreenRecovery\"\/>\n\t\t\t<h3>Aires prot\u00e9g\u00e9es<\/h3>\n\t\t\t\t<p>Les aires prot\u00e9g\u00e9es sont un instrument cl\u00e9 pour sauvegarder la biodiversit\u00e9 et les services \u00e9cosyst\u00e9miques.<\/p>\n\t\t<a href=\"https:\/\/unbiodiversitylab.org\/fr\/protected-areas-data-collection\/\" target=\"_self\"  aria-label=\"Go to https:\/\/unbiodiversitylab.org\/protected-areas-data-collection\/\"><\/a>\n\t\t\t\t<img decoding=\"async\" src=\"https:\/\/unbiodiversitylab.org\/wp-content\/uploads\/2021\/07\/GreenRecovery.jpg\" alt=\"GreenRecovery\"\/>\n\t\t\t<h3>Solutions fond\u00e9es sur la nature pour le changement climatique<\/h3>\n\t\t\t\t<p>Actions visant \u00e0 prot\u00e9ger, \u00e0 g\u00e9rer durablement et \u00e0 restaurer les \u00e9cosyst\u00e8mes naturels ou modifi\u00e9s, qui r\u00e9pondent aux d\u00e9fis soci\u00e9taux de mani\u00e8re efficace et adaptative, en offrant simultan\u00e9ment des avantages en termes de bien-\u00eatre humain et de biodiversit\u00e9.<\/p>\n\t\t<a href=\"https:\/\/unbiodiversitylab.org\/fr\/nature-based-solutions-for-climate-data-collection\/\" target=\"_self\"  aria-label=\"Go to https:\/\/unbiodiversitylab.org\/nature-based-solutions-for-climate-data-collection\/\"><\/a>\n\t\t\t\t<img decoding=\"async\" src=\"https:\/\/unbiodiversitylab.org\/wp-content\/uploads\/2021\/07\/HumanFootprint.jpg\" alt=\"HumanFootprint\"\/>\n\t\t\t<h3>Restauration de l'\u00e9cosyst\u00e8me<\/h3>\n\t\t\t\t<p>Human activities on Earth have led to degradation of natural ecosystems: it is estimated that only 10 percent of the planet&#8217;s surface will remain free of direct anthropogenic impact by 2050. Restoring degraded ecosystems can result in cumulative biodiversity, climate, and livelihood benefits, making people and nature more resilient. This collection explores opportunities to restore ecosystems for the benefit of nature and people.<\/p>\n\t\t<a href=\"https:\/\/unbiodiversitylab.org\/fr\/restoration\/\" target=\"_self\"  aria-label=\"Go to https:\/\/unbiodiversitylab.org\/restoration\/\"><\/a>\n\t<h1>Impact stories &amp; resources<\/h1>\n<p>Discover how countries are turning data into action-using spatial insights to guide decisions, strengthen policies, and drive biodiversity outcomes. <\/p>\n\t\t\t\t\t\t\t\t\t\t\t\t\t\t<a href=\"https:\/\/unbiodiversitylab.org\/wp-content\/uploads\/2024\/10\/UNBL-Key-features-EN.pdf\" target=\"_self\" title=\"Principales caract\u00e9ristiques du UNBL : fourniture de donn\u00e9es spatiales et d&#039;outils analytiques pour aider les pays \u00e0 mettre en \u0153uvre le Cadre mondial pour la biodiversit\u00e9.\">\n\t\t\t\t<img decoding=\"async\" src=\"https:\/\/unbiodiversitylab.org\/wp-content\/uploads\/2024\/10\/UNBL_KeyFeaturesThumbnail.png\" alt=\"\" \/>\n\t\t\t\t<\/a>\n\t\t\t\t\t\t\t<h5>\n\t\t\t\t\t\t\t\t\t<a href=\"https:\/\/unbiodiversitylab.org\/fr\/category\/informational-document\/\" rel=\"category tag\">Rapport annuel 2021 du UNBL<\/a>\t\t\t\t<\/h5>\n\t\t\t\t\t\t\t\n\t\t\t\t<a href=\"https:\/\/unbiodiversitylab.org\/wp-content\/uploads\/2024\/10\/UNBL-Key-features-EN.pdf\" title=\"Principales caract\u00e9ristiques du UNBL : fourniture de donn\u00e9es spatiales et d&#039;outils analytiques pour aider les pays \u00e0 mettre en \u0153uvre le Cadre mondial pour la biodiversit\u00e9.\" tabindex=\"0\">Principales caract\u00e9ristiques du UNBL : fourniture de donn\u00e9es spatiales et d'outils analytiques pour aider les pays \u00e0 mettre en \u0153uvre le Cadre mondial pour la biodiversit\u00e9.<\/a>\t\t\t\n\t\t\t<a href=\"https:\/\/unbiodiversitylab.org\/wp-content\/uploads\/2024\/10\/UNBL-Key-features-EN.pdf\" title=\"Read More\" target=\"_self\">Read more &#8594;<\/a>\t\t\n\t\t\t\t\t\t\t\t\t\t\t\t\t\t<a href=\"https:\/\/unbiodiversitylab.org\/wp-content\/uploads\/2025\/10\/2024-UNBL-Annual-Report_FINAL_medres.pdf#new_tab\" target=\"_self\" title=\"UN Biodiversity Lab 2024 : Rapport annuel\">\n\t\t\t\t<img decoding=\"async\" src=\"https:\/\/unbiodiversitylab.org\/wp-content\/uploads\/2024\/09\/2024Report.webp\" alt=\"\" \/>\n\t\t\t\t<\/a>\n\t\t\t\t\t\t\t<h5>\n\t\t\t\t\t\t\t\t\t<a href=\"https:\/\/unbiodiversitylab.org\/fr\/category\/report\/\" rel=\"category tag\">Rapport<\/a>\t\t\t\t<\/h5>\n\t\t\t\t\t\t\t\n\t\t\t\t<a href=\"https:\/\/unbiodiversitylab.org\/wp-content\/uploads\/2025\/10\/2024-UNBL-Annual-Report_FINAL_medres.pdf#new_tab\" title=\"UN Biodiversity Lab 2024 : Rapport annuel\" tabindex=\"0\">UN Biodiversity Lab 2024 : Rapport annuel<\/a>\t\t\t\n\t\t\t<a href=\"https:\/\/unbiodiversitylab.org\/wp-content\/uploads\/2025\/10\/2024-UNBL-Annual-Report_FINAL_medres.pdf#new_tab\" title=\"Read More\" target=\"_self\">Read more &#8594;<\/a>\t\t\n\t\t\t\t\t\t\t\t\t\t\t\t\t\t<a href=\"https:\/\/www.learningfornature.org\/en\/courses\/using-spatial-data-for-biodiversity\/#new_tab\" target=\"_self\" title=\"Utilisation de donn\u00e9es spatiales pour la biodiversit\u00e9\">\n\t\t\t\t<img decoding=\"async\" src=\"https:\/\/unbiodiversitylab.org\/wp-content\/uploads\/2022\/11\/OnlineCourse.webp\" alt=\"\" \/>\n\t\t\t\t<\/a>\n\t\t\t\t\t\t\t<h5>\n\t\t\t\t\t\t\t\t\t<a href=\"https:\/\/unbiodiversitylab.org\/fr\/category\/online-course\/\" rel=\"category tag\">Cours en ligne<\/a>\t\t\t\t<\/h5>\n\t\t\t\t\t\t\t\n\t\t\t\t<a href=\"https:\/\/www.learningfornature.org\/en\/courses\/using-spatial-data-for-biodiversity\/#new_tab\" title=\"Utilisation de donn\u00e9es spatiales pour la biodiversit\u00e9\" tabindex=\"0\">Utilisation de donn\u00e9es spatiales pour la biodiversit\u00e9<\/a>\t\t\t\n\t\t\t<a href=\"https:\/\/www.learningfornature.org\/en\/courses\/using-spatial-data-for-biodiversity\/#new_tab\" title=\"Read More\" target=\"_self\">Read more &#8594;<\/a>\t\t\n\t\t\t\t\t\t\t\t\t\t\t\t\t\t<a href=\"https:\/\/www.undp.org\/ghana\/press-releases\/biodiversity-monitoring-ghana-how-un-biodiversity-lab-supporting-evidence-based-implementation-global-biodiversity-framework#new_tab\" target=\"_self\" title=\"Biodiversity Monitoring in Ghana\">\n\t\t\t\t<img decoding=\"async\" src=\"https:\/\/unbiodiversitylab.org\/wp-content\/uploads\/2026\/04\/SuccessStory3.webp\" alt=\"\" \/>\n\t\t\t\t<\/a>\n\t\t\t\t\t\t\t<h5>\n\t\t\t\t\t\t\t\t\t<a href=\"https:\/\/unbiodiversitylab.org\/fr\/category\/success-story-resource-page\/\" rel=\"category tag\">Histoire de succ\u00e8s<\/a>\t\t\t\t<\/h5>\n\t\t\t\t\t\t\t\n\t\t\t\t<a href=\"https:\/\/www.undp.org\/ghana\/press-releases\/biodiversity-monitoring-ghana-how-un-biodiversity-lab-supporting-evidence-based-implementation-global-biodiversity-framework#new_tab\" title=\"Biodiversity Monitoring in Ghana\" tabindex=\"0\">Biodiversity Monitoring in Ghana<\/a>\t\t\t\n\t\t\t<a href=\"https:\/\/www.undp.org\/ghana\/press-releases\/biodiversity-monitoring-ghana-how-un-biodiversity-lab-supporting-evidence-based-implementation-global-biodiversity-framework#new_tab\" title=\"Read More\" target=\"_self\">Read more &#8594;<\/a>\t\t\n\t\t\t\t\t\t\t\t\t\t\t\t\t\t<a href=\"https:\/\/www.undp.org\/es\/cuba\/noticias\/planificacion-espacial-integrada-una-oportunidad-para-el-aprovechamiento-sostenible-de-la-diversidad-biologica-de-cuba#new_tab\" target=\"_self\" title=\"Integrated Spatial Planning in Cuba\">\n\t\t\t\t<img decoding=\"async\" src=\"https:\/\/unbiodiversitylab.org\/wp-content\/uploads\/2026\/04\/SuccessStory2-copy.webp\" alt=\"\" \/>\n\t\t\t\t<\/a>\n\t\t\t\t\t\t\t<h5>\n\t\t\t\t\t\t\t\t\t<a href=\"https:\/\/unbiodiversitylab.org\/fr\/category\/success-story-resource-page\/\" rel=\"category tag\">Histoire de succ\u00e8s<\/a>\t\t\t\t<\/h5>\n\t\t\t\t\t\t\t\n\t\t\t\t<a href=\"https:\/\/www.undp.org\/es\/cuba\/noticias\/planificacion-espacial-integrada-una-oportunidad-para-el-aprovechamiento-sostenible-de-la-diversidad-biologica-de-cuba#new_tab\" title=\"Integrated Spatial Planning in Cuba\" tabindex=\"0\">Integrated Spatial Planning in Cuba<\/a>\t\t\t\n\t\t\t<a href=\"https:\/\/www.undp.org\/es\/cuba\/noticias\/planificacion-espacial-integrada-una-oportunidad-para-el-aprovechamiento-sostenible-de-la-diversidad-biologica-de-cuba#new_tab\" title=\"Read More\" target=\"_self\">Read more &#8594;<\/a>\t\t\n\t\t\t\t\t\t\t\t\t\t\t\t\t\t<a href=\"https:\/\/www.undp.org\/malawi\/stories\/prioritizing-biodiversity-action-economic-resilience-malawi#new_tab\" target=\"_self\" title=\"Prioritizing Biodiversity Action for Economic Resilience in Malawi\">\n\t\t\t\t<img decoding=\"async\" src=\"https:\/\/unbiodiversitylab.org\/wp-content\/uploads\/2026\/04\/SuccessStory1.webp\" alt=\"\" \/>\n\t\t\t\t<\/a>\n\t\t\t\t\t\t\t<h5>\n\t\t\t\t\t\t\t\t\t<a href=\"https:\/\/unbiodiversitylab.org\/fr\/category\/success-story-resource-page\/\" rel=\"category tag\">Histoire de succ\u00e8s<\/a>\t\t\t\t<\/h5>\n\t\t\t\t\t\t\t\n\t\t\t\t<a href=\"https:\/\/www.undp.org\/malawi\/stories\/prioritizing-biodiversity-action-economic-resilience-malawi#new_tab\" title=\"Prioritizing Biodiversity Action for Economic Resilience in Malawi\" tabindex=\"0\">Prioritizing Biodiversity Action for Economic Resilience in Malawi<\/a>\t\t\t\n\t\t\t<a href=\"https:\/\/www.undp.org\/malawi\/stories\/prioritizing-biodiversity-action-economic-resilience-malawi#new_tab\" title=\"Read More\" target=\"_self\">Read more &#8594;<\/a>\t\t\n\t\t\t\t\t\t\t\t\t\t\t\t\t\t<a href=\"https:\/\/unbiodiversitylab.org\/wp-content\/uploads\/2026\/04\/UNBL-GBF-Mapping-Project-Technical-Report-South-Africa-FNL-2.pdf#new_tab\" target=\"_self\" title=\"Enabling Implementation of NBSAP and KMGBF Targets in South Africa &#8211; Report\">\n\t\t\t\t<img decoding=\"async\" src=\"https:\/\/unbiodiversitylab.org\/wp-content\/uploads\/2026\/04\/UNBL_SAfrica_Thumbnail.png\" alt=\"\" \/>\n\t\t\t\t<\/a>\n\t\t\t\t\t\t\t<h5>\n\t\t\t\t\t\t\t\t\t<a href=\"https:\/\/unbiodiversitylab.org\/fr\/category\/report\/\" rel=\"category tag\">Rapport<\/a>\t\t\t\t<\/h5>\n\t\t\t\t\t\t\t\n\t\t\t\t<a href=\"https:\/\/unbiodiversitylab.org\/wp-content\/uploads\/2026\/04\/UNBL-GBF-Mapping-Project-Technical-Report-South-Africa-FNL-2.pdf#new_tab\" title=\"Enabling Implementation of NBSAP and KMGBF Targets in South Africa &#8211; Report\" tabindex=\"0\">Enabling Implementation of NBSAP and KMGBF Targets in South Africa &#8211; Report<\/a>\t\t\t\n\t\t\t<a href=\"https:\/\/unbiodiversitylab.org\/wp-content\/uploads\/2026\/04\/UNBL-GBF-Mapping-Project-Technical-Report-South-Africa-FNL-2.pdf#new_tab\" title=\"Read More\" target=\"_self\">Read more &#8594;<\/a>\t\t\n\t\t\t<a href=\"https:\/\/unbiodiversitylab.org\/fr\/resources\/\" target=\"_self\" role=\"button\">\n\t\t\t\t\t\t\tFind more stories and resources\n\t\t\t\t\t<\/a>\n        &#8221;\n          The collaboration with the Prioritizing Nature Project, implemented in partnership with the UNBL team, has strengthened the national process around OECMs by providing a spatial analysis methodology that technically supports the verification and monitoring of IUCN criteria C and D. This tool allows for a more robust assessment of positive conservation outcomes, as well as ecosystem services, functions, and cultural values, contributing to more informed decisions by the OECM Facilitation Group and the Ministry of Environment and Sustainable Development in the OECM reporting process.&#8221;\n        Natalia Ram\u00edrez, Director of Forests, Biodiversity, and Ecosystem Services, Ministry of Environment and Development\n        &#8221;\n          This is a tool that could-and should-be used as a key input in the urban planning processes led by the Urban Territorial Planning Institute.&#8221;\n        Jos\u00e9 Gerhartz, Territorial Planning Specialist at the Physical Planning Institute of Cuba\n        &#8221;\n          For the Dominican Republic, it has been of great interest and importance to be able to count on the support of UNBL to integrate geospatial data into the conservation and management of biodiversity. This will serve decision-making, the updating of the new National Biodiversity Strategy, and the formulation of the Seventh National Biodiversity Report, while also providing the opportunity to build capacity in the application of this technology.&#8221;\n        Marina Hern\u00e1ndez, Director, Directorate of Biodiversity, Ministry of the Environment and Natural Resources of the Dominican Republic\n        &#8221;\n          With this clear example, we can identify many specific needs for prioritization. This will help achieve national and international objectives. It is important to highlight the generation of local-level information to feed this tool, allowing us to redefine national policy and align it with what territories truly need, with a focus on conservation.&#8221;\n        Henry Guzm\u00e1n, Technical Specialist at the Consortium of Provincial Autonomous Governments of Ecuador (CONGOPE)\n        &#8221;\n          These exercises have been improving in terms of the use of national data. They have reduced the error and uncertainty of global models. These approaches provide an initial perspective on what can be done for national and local public policies.&#8221;\n        Andr\u00e9s Factos, CBD National Focal Point \/ Specialist at the Ministry of Environment and Energy (MAE), Ecuador\n        &#8221;\n          The ultimate goal is for this tool to become an easy-to-use technical instrument for actors who need to generate national and local public policies. It allows us to identify challenges beyond biodiversity through the availability of geographic information that supports informed decision-making.&#8221;\n        Andr\u00e9s Factos, CBD National Focal Point \/ Specialist at the Ministry of Environment and Energy (MAE), Ecuador\n        &#8221;\n          Reliable spatial data is the foundation of effective spatial planning and budgetary processes. The ELSA Integrated Spatial Planning Tool on UNBL is the gateway to sustainable planning and successful implementation of the GBF in Ghana.&#8221;\n        Dr. Yaw Osei-Owusu, Executive Director, Conservation Alliance, Ghana\n        &#8221;\n          The ELSA tool on UNBL is a response to the KMGBF&#8217;s mantra of &#8220;whole of government and whole of society,&#8221; as the tool is data-driven from all stakeholders who hold ownership as well.&#8221;\n        Dr. Yaw Osei-Owusu, Executive Director, Conservation Alliance, Ghana\n        &#8221;\n          UNBL is the gateway for effective and efficient development planning and budgetary processes at both national and subnational levels in Ghana.&#8221;\n        Dr. Yaw Osei-Owusu, Executive Director, Conservation Alliance, Ghana\n        &#8221;\n          The ELSA integrated spatial planning tool is enabling Malawi to bring together foundational national data in a spatial prioritization framework to create an action map that guides NBSAP implementation efficiently and realistically.&#8221;\n        Mphatso Kalemba, Chief Environmental Officer (Biodiversity), Environmental Affairs Department, Ministry of Natural Resources and Climate Change of Malawi\n        &#8221;\n          Countries in the SADC region have expressed the need to address data gaps and fragmentation, build technical capacity, and create national and regional dashboards to monitor and report on their NBSAPs and the GBF. SANBI sees great potential to collaborate with the UNBL partnership to build scalable solutions supporting the Seventh and Eighth National Reports.&#8221;\n        Ntakadzeni Tshidada, Lead, SANBI TSC, South Africa\n        &#8221;\n          The ELSA Tool on UNBL offers a tried and trusted solution to support countries in the SADC region to develop integrated spatial plans to deliver on Target 1. SANBI sees strong potential to build on pilot work in South Africa and Malawi to scale across the region.&#8221;\n        Ntakadzeni Tshidada, Lead, SANBI TSC, South Africa\n        &#8221;\n          As we reimagine conservation in South Africa, especially the expansion of our conservation estate, it is essential that we do not leave anyone behind. The ELSA map enabled us to support joint planning and decision-making among all stakeholders invested in our natural resources.&#8221;\n        Mukondi Matshusa, Chief Director for Biodiversity Management &#038; Permitting, Department of Forestry, Fisheries and the Environment, South Africa\n        &#8221;\n          Parties to the Convention on Biological Diversity identified biodiversity-inclusive spatial planning as an area requiring additional scientific and technical advice. Observing ELSA in action, and its support to national decision-makers, strengthens the foundation for best practices and knowledge exchange among Parties.&#8221;\n        Jamal Annagylyjova, Forest Biodiversity Officer and Lead on Terrestrial Ecosystems Restoration, CBD Secretariat\n    \u2039\n    \u203a\n\t\t\t\t<a href=\"https:\/\/unbiodiversitylab.org\/wp-content\/uploads\/2025\/10\/2024-UNBL-Annual-Report_FINAL_medres.pdf\" target=\"_blank\" rel=\"noopener\" itemprop=\"url\">\n\t\t\t\t<img decoding=\"async\" src=\"https:\/\/unbiodiversitylab.org\/wp-content\/uploads\/2025\/10\/UNBL-Annual-Report-2024.jpg\" alt=\"UNBL Annual Report 2024\" title=\"UNBL Annual Report 2024\" itemprop=\"image\"  \/>\n\t\t\t\t\t\t<\/a>\n\t<h1>UN Biodiversity Lab 2024 : Rapport annuel<\/h1>\n<p>&nbsp;<\/p>\n<p>Bas\u00e9es sur des couches de donn\u00e9es provenant de diverses sources, telles que des satellites, des \u00e9quipes scientifiques nationales et mondiales, des peuples autochtones et des communaut\u00e9s locales, les cartes UNBL constituent une ressource puissante pour faire face aux crises plan\u00e9taires en fournissant de nouvelles fa\u00e7ons de g\u00e9n\u00e9rer des informations pour la nature et le d\u00e9veloppement durable. <\/p>\n<p>This annual report presents the key activities, outcomes, and achievements of the UNBL partnership in 2024.<\/p>\n\t\t\t<a href=\"https:\/\/unbiodiversitylab.org\/wp-content\/uploads\/2025\/10\/2024-UNBL-Annual-Report_FINAL_medres.pdf\" target=\"_blank\" role=\"button\" rel=\"noopener\">\n\t\t\t\t\t\t\tLire le rapport\n\t\t\t\t\t<\/a>\n\t<h1>Initiatives li\u00e9es<\/h1>","protected":false},"excerpt":{"rendered":"<p>UN Biodiversity Lab Providing decision makers with the best available spatial data to put nature at the center of sustainable development. \u00a0 Launch map Who we are &nbsp; With over 1,000 of the world&#8217;s best data layers on nature, climate change, and sustainable development, UNBL supports country-led efforts to use national and global spatial data&hellip;<\/p>","protected":false},"author":1,"featured_media":0,"parent":0,"menu_order":0,"comment_status":"closed","ping_status":"closed","template":"","meta":{"footnotes":"","_links_to":"","_links_to_target":""},"class_list":["post-9","page","type-page","status-publish","hentry"],"_links":{"self":[{"href":"https:\/\/unbiodiversitylab.org\/fr\/wp-json\/wp\/v2\/pages\/9","targetHints":{"allow":["GET"]}}],"collection":[{"href":"https:\/\/unbiodiversitylab.org\/fr\/wp-json\/wp\/v2\/pages"}],"about":[{"href":"https:\/\/unbiodiversitylab.org\/fr\/wp-json\/wp\/v2\/types\/page"}],"author":[{"embeddable":true,"href":"https:\/\/unbiodiversitylab.org\/fr\/wp-json\/wp\/v2\/users\/1"}],"replies":[{"embeddable":true,"href":"https:\/\/unbiodiversitylab.org\/fr\/wp-json\/wp\/v2\/comments?post=9"}],"version-history":[{"count":254,"href":"https:\/\/unbiodiversitylab.org\/fr\/wp-json\/wp\/v2\/pages\/9\/revisions"}],"predecessor-version":[{"id":5344,"href":"https:\/\/unbiodiversitylab.org\/fr\/wp-json\/wp\/v2\/pages\/9\/revisions\/5344"}],"wp:attachment":[{"href":"https:\/\/unbiodiversitylab.org\/fr\/wp-json\/wp\/v2\/media?parent=9"}],"curies":[{"name":"wp","href":"https:\/\/api.w.org\/{rel}","templated":true}]}}