{"id":4842,"date":"2025-10-14T10:24:58","date_gmt":"2025-10-14T10:24:58","guid":{"rendered":"https:\/\/unbiodiversitylab.org\/?page_id=4842"},"modified":"2025-12-04T08:27:54","modified_gmt":"2025-12-04T08:27:54","slug":"weplan-forests","status":"publish","type":"page","link":"https:\/\/unbiodiversitylab.org\/fr\/integrated-spatial-planning\/weplan-forests\/","title":{"rendered":"WePlan-Forests"},"content":{"rendered":"<h1>WePlan-Forests <\/h1>\n\t<h2>Qu'est-ce que c'est ?<\/h2>\n\tWePlan-Forests est un outil gratuit et en libre acc\u00e8s con\u00e7u pour soutenir les efforts nationaux de restauration des for\u00eats et des paysages dans les pays tropicaux et subtropicaux. Il aide les d\u00e9cideurs \u00e0 identifier les endroits les plus efficaces pour restaurer les for\u00eats, et ainsi obtenir les meilleurs r\u00e9sultats pour le climat et la biodiversit\u00e9, tout en tenant compte du co\u00fbt de la restauration. En int\u00e9grant des donn\u00e9es environnementales et \u00e9conomiques, WePlan-Forests permet aux utilisateurs de comparer rapidement les options de restauration adapt\u00e9es aux priorit\u00e9s et aux ressources nationales, sans avoir besoin d&#8217;une expertise technique en mati\u00e8re de collecte et de traitement de donn\u00e9es g\u00e9ospatiales, de d\u00e9finition des probl\u00e8mes, et de th\u00e9orie de la planification de la conservation. \n\t<h2>Comment puis-je y acc\u00e9der ?<\/h2>\n\tPour explorer les zones pr\u00e9sentant un potentiel de restauration foresti\u00e8re et de r\u00e9g\u00e9n\u00e9ration naturelle, rendez-vous sur l&#8217;<a href=\"https:\/\/www.weplan-forests.org\/planning_solutions\" target=\"_blank\" rel=\"noreferrer noopener\">outil en ligne WePlan-Forests<\/a> et s\u00e9lectionnez le pays qui vous int\u00e9resse.\u00a0\n\t<h2>Histoires d'impact<\/h2>\n\t<style>\n  \/* -- Layout -- *\/\n  .lfn-card-grid {\n    display: grid;\n    grid-template-columns: repeat(2, minmax(0, 360px)); \/* 2 columns *\/\n    gap: 28px;\n    justify-content: center; \/* centers grid horizontally *\/\n    margin: 0 auto;\n    max-width: 900px; \/* optional total width *\/\n  }\n  @media (max-width: 768px) {\n    .lfn-card-grid {\n      grid-template-columns: 1fr;\n      justify-items: center; \/* center single card *\/\n    }\n  }\n  \/* -- Card -- *\/\n  .lfn-card {\n    display: flex;\n    flex-direction: column;\n    background: #fff;\n    border: 1px solid rgba(0,0,0,.08);\n    box-shadow: 0 4px 16px rgba(0,0,0,.08);\n    width: 100%;\n  }\n  .lfn-card-media {\n    position: relative;\n    width: 100%;\n    aspect-ratio: 16 \/ 9;\n    overflow: hidden;\n    background: #eef3f4;\n  }\n  .lfn-card-media img {\n    position: absolute;\n    inset: 0;\n    width: 100%;\n    height: 100%;\n    object-fit: cover;\n  }\n  .lfn-card-body {\n    display: flex;\n    flex-direction: column;\n    padding: 24px;\n    font-size: 16px;\n    line-height: 1.5;\n  }\n  .lfn-card-title {\n    font-weight: 800;\n    color: #1B9399;\n    margin: 0 0 12px 0;\n    font-size: 16px;\n  }\n  .lfn-card-desc {\n    margin: 0 0 18px 0;\n    color: #222;\n    font-size: 16px;\n  }\n  .lfn-card-cta {\n    margin-top: auto;\n    font-weight: 600;\n  }\n  .lfn-card-cta a {\n    color: #000;\n    text-decoration: none;\n    border-bottom: 1px solid transparent;\n    transition: border-color .15s ease, opacity .15s ease;\n  }\n  .lfn-card-cta a:hover {\n    border-color: #0a4a4d;\n    opacity: .9;\n  }\n  .lfn-card-cta .arrow {\n    display: inline-block;\n    transform: translateX(0);\n    transition: transform .15s ease;\n    margin-left: 10px;\n  }\n  .lfn-card-cta a:hover .arrow {\n    transform: translateX(4px);\n  }\n<\/style>\n  <!-- Card 1 -->\n  <article>\n    <a href=\"https:\/\/onlinelibrary.wiley.com\/doi\/10.1111\/ddi.13821\" target=\"_blank\" rel=\"noopener noreferrer\">\n      <img decoding=\"async\" src=\"https:\/\/unbiodiversitylab.org\/wp-content\/uploads\/2025\/10\/colombia-7899699_1280.webp\" alt=\"River winding through a forest\"\/>\n    <\/a>\n      <h3>\n        <a>Opportunit\u00e9s de restauration foresti\u00e8re en Colombie<\/a>\n      <\/h3>\n      \n        <a href=\"https:\/\/onlinelibrary.wiley.com\/doi\/10.1111\/ddi.13821\" target=\"_blank\" rel=\"noopener noreferrer\">Read more \u2192<\/a>\n  <\/article>\n  <!-- Card 2 -->\n  <article>\n    <a href=\"https:\/\/www.youtube.com\/watch?v=H6BxNC2LmGs\" target=\"_blank\" rel=\"noopener noreferrer\">\n      <img decoding=\"async\" src=\"https:\/\/unbiodiversitylab.org\/wp-content\/uploads\/2025\/10\/emerald-park-7363714_1280.webp\" alt=\"Mist over hills and trees\"\/>\n    <\/a>\n      <h3>\n        <a>Application personnalis\u00e9e de WePlan-Forests au Mexique  <\/a>\n      <\/h3>\n      \n        <a href=\"https:\/\/www.youtube.com\/watch?v=H6BxNC2LmGs\" target=\"_blank\" rel=\"noopener noreferrer\">Read more \u2192<\/a>\n  <\/article>\n\t<h2>Ressources suppl\u00e9mentaires<\/h2>\n\t<style>\n  \/* ====== Layout ====== *\/\n  .elsa-section {\n    display: flex;\n    flex-direction: column;\n    gap: 40px;\n  }\n  .elsa-row {\n    display: grid;\n    grid-template-columns: 1fr 1fr;\n    align-items: stretch;\n    background: #f7f9f8;\n  }\n  @media (max-width: 768px) {\n    .elsa-row {\n      grid-template-columns: 1fr;\n    }\n  }\n  \/* ====== Image ====== *\/\n  .elsa-img {\n    position: relative;\n    width: 100%;\n    height: 100%;\n    overflow: hidden;\n  }\n  .elsa-img img {\n    width: 100%;\n    height: 100%;\n    object-fit: cover;\n    display: block;\n  }\n  \/* ====== Text ====== *\/\n  .elsa-text {\n    display: flex;\n    justify-content: center;\n    align-items: center;\n    padding: 40px 50px;\n    font-size: 16px;\n    line-height: 1.6;\n    color: #222;\n  }\n  .elsa-text a {\n    color: #1B9399;\n    text-decoration: underline;\n  }\n  .elsa-text a:hover {\n    text-decoration: none;\n  }\n<\/style>\n  <!-- Row 1 -->\n      <img decoding=\"async\" src=\"https:\/\/unbiodiversitylab.org\/wp-content\/uploads\/2025\/10\/tree-569275_1280.webp?q=80&#038;w=1600&#038;auto=format&#038;fit=crop\" alt=\"Mountain landscape with autumn forest\"\/>\n      \n\n        D\u00e9couvrez la science, les applications politiques et la pertinence de cet outil pour votre pays dans \n        <a href=\"https:\/\/unbiodiversitylab.org\/wp-content\/uploads\/2025\/10\/Summary-of-tools-for-participatory-spatial-planning-Fr-r3.pdf\" target=\"_blank\" rel=\"noopener noreferrer\">notre r\u00e9sum\u00e9.<\/a>\n      \n\n\n\n  <!-- Row 2 -->\n      <img decoding=\"async\" src=\"https:\/\/unbiodiversitylab.org\/wp-content\/uploads\/2025\/10\/moss-7881439_1280.webp?q=80&#038;w=1600&#038;auto=format&#038;fit=crop\" alt=\"Tropical rainforest with sunrise mist\"\/>\n      \n   Des informations suppl\u00e9mentaires sur les <a href=\"https:\/\/www.weplan-forests.org\/methodology\" target=\"_blank\" rel=\"noreferrer noopener\">m\u00e9thodes utilis\u00e9es<\/a> par WePlan-Forests sont disponibles dans leurs <a href=\"https:\/\/www.youtube.com\/watch?v=ozJWhc0fHQk\" target=\"_blank\" rel=\"noreferrer noopener\">vid\u00e9os explicatives<\/a>.\u00a0","protected":false},"excerpt":{"rendered":"<p>WePlan-Forests What is it? How can I access it? Impact stories Forest restoration opportunities in Colombia Read more \u2192 Customised application of WePlan-Forests in Mexico Read more \u2192 Additional resources<\/p>","protected":false},"author":1,"featured_media":0,"parent":4778,"menu_order":0,"comment_status":"closed","ping_status":"closed","template":"","meta":{"footnotes":"","_links_to":"","_links_to_target":""},"class_list":["post-4842","page","type-page","status-publish","hentry"],"_links":{"self":[{"href":"https:\/\/unbiodiversitylab.org\/fr\/wp-json\/wp\/v2\/pages\/4842","targetHints":{"allow":["GET"]}}],"collection":[{"href":"https:\/\/unbiodiversitylab.org\/fr\/wp-json\/wp\/v2\/pages"}],"about":[{"href":"https:\/\/unbiodiversitylab.org\/fr\/wp-json\/wp\/v2\/types\/page"}],"author":[{"embeddable":true,"href":"https:\/\/unbiodiversitylab.org\/fr\/wp-json\/wp\/v2\/users\/1"}],"replies":[{"embeddable":true,"href":"https:\/\/unbiodiversitylab.org\/fr\/wp-json\/wp\/v2\/comments?post=4842"}],"version-history":[{"count":11,"href":"https:\/\/unbiodiversitylab.org\/fr\/wp-json\/wp\/v2\/pages\/4842\/revisions"}],"predecessor-version":[{"id":4976,"href":"https:\/\/unbiodiversitylab.org\/fr\/wp-json\/wp\/v2\/pages\/4842\/revisions\/4976"}],"up":[{"embeddable":true,"href":"https:\/\/unbiodiversitylab.org\/fr\/wp-json\/wp\/v2\/pages\/4778"}],"wp:attachment":[{"href":"https:\/\/unbiodiversitylab.org\/fr\/wp-json\/wp\/v2\/media?parent=4842"}],"curies":[{"name":"wp","href":"https:\/\/api.w.org\/{rel}","templated":true}]}}