{"id":4812,"date":"2025-10-14T08:10:26","date_gmt":"2025-10-14T08:10:26","guid":{"rendered":"https:\/\/unbiodiversitylab.org\/?page_id=4812"},"modified":"2025-11-30T18:49:02","modified_gmt":"2025-11-30T18:49:02","slug":"marxan-planning-platform-mapp","status":"publish","type":"page","link":"https:\/\/unbiodiversitylab.org\/fr\/integrated-spatial-planning\/marxan-planning-platform-mapp\/","title":{"rendered":"Plateforme de planification Marxan (MaPP)"},"content":{"rendered":"<h1>Plateforme de planification Marxan (MaPP)<\/h1>\n\t<h2>Qu'est-ce que c'est ?<\/h2>\n\tLa Marxan Planning Platform (MaPP) est une version h\u00e9berg\u00e9e dans le Cloud de l&#8217;outil d&#8217;aide \u00e0 la d\u00e9cision <a href=\"http:\/\/marxansolutions.org\/\" target=\"_blank\" rel=\"noreferrer noopener\">Marxan<\/a>, le logiciel d&#8217;am\u00e9nagement du territoire le plus utilis\u00e9 pour la planification concr\u00e8te dans les environnements terrestres, marins, et d&#8217;eau douce. MaPP est un outil accessible, gratuit, et open source qui aide les planificateurs \u00e0 r\u00e9partir efficacement les mesures de gestion telles que la conservation de la biodiversit\u00e9 et le d\u00e9veloppement durable, tout en favorisant la collaboration et la participation en ligne et en temps r\u00e9el gr\u00e2ce \u00e0 des projets partag\u00e9s qui permettent aux contributeurs d&#8217;\u00e9laborer conjointement des plans en temps r\u00e9el. Gr\u00e2ce au Cloud computing, au traitement automatique des donn\u00e9es spatiales, et \u00e0 des workflows de priorisation spatiale \u00e9tablis, l&#8217;outil rationalise le processus de conception, d&#8217;analyse, et de comparaison des plans spatiaux qui s&#8217;alignent sur les priorit\u00e9s nationales et mondiales en mati\u00e8re de conservation de la biodiversit\u00e9 et de d\u00e9veloppement durable. MaPP et UNBL continuent d&#8217;explorer les possibilit\u00e9s de relier les fonctionnalit\u00e9s des deux plateformes.\u00a0\n\t<h2>Comment puis-je y acc\u00e9der ?<\/h2>\n\tPour commencer \u00e0 utiliser MaPP, il suffit de cr\u00e9er un compte sur le <a href=\"https:\/\/marxanplanning.org\/\" target=\"_blank\" rel=\"noreferrer noopener\">site web de la MaPP<\/a> afin d&#8217;explorer les projets existants, de t\u00e9l\u00e9charger vos propres projets, ou d&#8217;en cr\u00e9er un nouveau.\u00a0\n\t<h2>Histoires d'impact<\/h2>\n\t<style>\n  \/* -- Layout -- *\/\n  .lfn-card-grid {\n    display: grid;\n    grid-template-columns: repeat(3, minmax(0, 1fr));\n    gap: 28px;\n  }\n  @media (max-width: 980px) {\n    .lfn-card-grid { grid-template-columns: repeat(2, minmax(0, 1fr)); }\n  }\n  @media (max-width: 640px) {\n    .lfn-card-grid { grid-template-columns: 1fr; }\n  }\n  \/* -- Card -- *\/\n  .lfn-card {\n    display: flex;\n    flex-direction: column;\n    background: #fff;\n    border: 1px solid rgba(0,0,0,.08);\n    box-shadow: 0 4px 16px rgba(0,0,0,.08);\n  }\n  \/* Consistent image height *\/\n  .lfn-card-media {\n    position: relative;\n    width: 100%;\n    aspect-ratio: 16 \/ 9;      \/* adjust if you want taller\/shorter *\/\n    overflow: hidden;\n    background: #eef3f4;\n  }\n  .lfn-card-media img {\n    position: absolute;\n    inset: 0;\n    width: 100%;\n    height: 100%;\n    object-fit: cover;\n  }\n  \/* Body *\/\n  .lfn-card-body {\n    display: flex;\n    flex-direction: column;\n    padding: 24px;\n    font-size: 16px;           \/* all text 16px *\/\n    line-height: 1.5;\n  }\n  .lfn-card-title {\n    font-weight: 800;\n    color: #1B9399;            \/* green title *\/\n    margin: 0 0 12px 0;\n    font-size: 16px;           \/* keep at 16px as requested *\/\n  }\n  .lfn-card-desc {\n    margin: 0 0 18px 0;\n    color: #222;\n    font-size: 16px;\n  }\n  \/* Keep CTA aligned at the bottom *\/\n  .lfn-card-cta {\n    margin-top: auto;          \/* pushes link to the bottom *\/\n    font-weight: 600;\n  }\n  .lfn-card-cta a {\n    color: #000;\n    text-decoration: none;\n    border-bottom: 1px solid transparent;\n    transition: border-color .15s ease, opacity .15s ease;\n  }\n  .lfn-card-cta a:hover { border-color: #0a4a4d; opacity: .9; }\n  .lfn-card-cta .arrow {\n    display: inline-block;\n    transform: translateX(0);\n    transition: transform .15s ease;\n    margin-left: 10px;\n  }\n  .lfn-card-cta a:hover .arrow { transform: translateX(4px); }\n<\/style>\n  <!-- Card 1 -->\n  <article>\n    <a href=\"https:\/\/marxansolutions.org\/community\/baja\/\" target=\"_blank\" rel=\"noopener noreferrer\">\n      <img decoding=\"async\" src=\"https:\/\/unbiodiversitylab.org\/wp-content\/uploads\/2025\/10\/fish-9382908_1280.webp?q=80&#038;w=1600&#038;auto=format&#038;fit=crop\" alt=\"River winding through a forest\"\/>\n    <\/a>\n      <h3><a>Planification transfrontali\u00e8re dans le Pacifique (Basse-Californie)<\/a><\/h3>\n      \n        <a href=\"https:\/\/marxansolutions.org\/community\/baja\/\" target=\"_blank\" rel=\"noopener noreferrer\">Read more \u2192<\/a>\n  <\/article>\n  <!-- Card 2 -->\n  <article>\n    <a href=\"https:\/\/marxansolutions.org\/community\/achieving-balance\/\" target=\"_blank\" rel=\"noopener noreferrer\">\n      <img decoding=\"async\" src=\"https:\/\/unbiodiversitylab.org\/wp-content\/uploads\/2025\/10\/underwater-5310424_1280.webp?q=80&#038;w=1600&#038;auto=format&#038;fit=crop\" alt=\"Mist over hills and trees\"\/>\n    <\/a>\n      <h3><a>Cr\u00e9ation et extension d\u2019aires marines prot\u00e9g\u00e9es efficaces dans le Triangle de corail<\/a><\/h3>\n      \n        <a href=\"https:\/\/marxansolutions.org\/community\/achieving-balance\/\" target=\"_blank\" rel=\"noopener noreferrer\">Read more \u2192<\/a>\n  <\/article>\n  <!-- Card 3 -->\n  <article>\n    <a href=\"https:\/\/marxansolutions.org\/community\/planning-for-the-daly-catchment\/\" target=\"_blank\" rel=\"noopener noreferrer\">\n      <img decoding=\"async\" src=\"https:\/\/unbiodiversitylab.org\/wp-content\/uploads\/2025\/10\/river-2826927_1280.jpg?q=80&#038;w=1600&#038;auto=format&#038;fit=crop\" alt=\"Lake reflecting green mountains\"\/>\n    <\/a>\n      <h3><a>Am\u00e9nagement du territoire pour le bassin versant de la Daly River (Australie)<\/a><\/h3>\n      \n        <a  href=\"https:\/\/marxansolutions.org\/community\/planning-for-the-daly-catchment\/\" target=\"_blank\" rel=\"noopener noreferrer\">Read more \u2192<\/a>\n  <\/article>\n  <!-- Card 4 -->\n  <article>\n    <a href=\"https:\/\/marxansolutions.org\/community\/conservation-planning-across-realms\/\" target=\"_blank\" rel=\"noopener noreferrer\">\n      <img decoding=\"async\" src=\"https:\/\/unbiodiversitylab.org\/wp-content\/uploads\/2025\/10\/tagus.webp?q=80&#038;w=1600&#038;auto=format&#038;fit=crop\" alt=\"Mist over hills and trees\"\/>\n    <\/a>\n      <h3><a>Planification de la conservation pour le bassin du Tage (Portugal)<\/a><\/h3>\n      \n        <a href=\"https:\/\/www.learningfornature.org\/en\/restoring-hope-optimizing-and-aligning-restoration-goals-using-spatial-data\/\" target=\"_blank\" rel=\"noopener noreferrer\">Read more \u2192<\/a>\n  <\/article>\n  <!-- Card 5 -->\n  <article>\n    <a href=\"https:\/\/marxansolutions.org\/community\/mongolia\/\" target=\"_blank\" rel=\"noopener noreferrer\">\n      <img decoding=\"async\" src=\"https:\/\/unbiodiversitylab.org\/wp-content\/uploads\/2025\/10\/inner-mongolia-3628093_1280.webp?q=80&#038;w=1600&#038;auto=format&#038;fit=crop\" alt=\"Mist over hills and trees\"\/>\n    <\/a>\n      <h3><a>Planning of Mongolia&#8217;s network of representative protected areas<\/a><\/h3>\n      \n        <a href=\"https:\/\/marxansolutions.org\/community\/mongolia\/\" target=\"_blank\" rel=\"noopener noreferrer\">Read more \u2192<\/a>\n  <\/article>\n  <!-- Card 6 -->\n  <article>\n    <a href=\"https:\/\/marxansolutions.org\/community\/kalimantan\/\" target=\"_blank\" rel=\"noopener noreferrer\">\n      <img decoding=\"async\" src=\"https:\/\/unbiodiversitylab.org\/wp-content\/uploads\/2025\/10\/sunrise-1950873_1280.webp?q=80&#038;w=1600&#038;auto=format&#038;fit=crop\" alt=\"Mist over hills and trees\"\/>\n    <\/a>\n      <h3><a>\u00c9quilibre des compromis dans le Kalimantan central (Born\u00e9o indon\u00e9sien)<\/a><\/h3>\n      \n        <a href=\"https:\/\/marxansolutions.org\/community\/kalimantan\/\" target=\"_blank\" rel=\"noopener noreferrer\">Read more \u2192<\/a>\n  <\/article>\n\t<h2>Ressources suppl\u00e9mentaires<\/h2>\n\t<style>\n  \/* ====== Layout ====== *\/\n  .elsa-section {\n    display: flex;\n    flex-direction: column;\n    gap: 40px;\n  }\n  .elsa-row {\n    display: grid;\n    grid-template-columns: 1fr 1fr;\n    align-items: stretch;\n    background: #f7f9f8;\n  }\n  @media (max-width: 768px) {\n    .elsa-row {\n      grid-template-columns: 1fr;\n    }\n  }\n  \/* ====== Image ====== *\/\n  .elsa-img {\n    position: relative;\n    width: 100%;\n    height: 100%;\n    overflow: hidden;\n  }\n  .elsa-img img {\n    width: 100%;\n    height: 100%;\n    object-fit: cover;\n    display: block;\n  }\n  \/* ====== Text ====== *\/\n  .elsa-text {\n    display: flex;\n    justify-content: center;\n    align-items: center;\n    padding: 40px 50px;\n    font-size: 16px;\n    line-height: 1.6;\n    color: #222;\n  }\n  .elsa-text a {\n    color: #1B9399;\n    text-decoration: underline;\n  }\n  .elsa-text a:hover {\n    text-decoration: none;\n  }\n<\/style>\n  <!-- Row 1 -->\n      <img decoding=\"async\" src=\"https:\/\/unbiodiversitylab.org\/wp-content\/uploads\/2025\/10\/tree-569275_1280.webp?q=80&#038;w=1600&#038;auto=format&#038;fit=crop\" alt=\"Mountain landscape with autumn forest\"\/>\n      \n\n        D\u00e9couvrez la science, les applications politiques et la pertinence de cet outil pour votre pays dans \n        <a href=\"https:\/\/unbiodiversitylab.org\/wp-content\/uploads\/2025\/10\/Summary-of-tools-for-participatory-spatial-planning-Fr-r3.pdf\" target=\"_blank\" rel=\"noopener noreferrer\">notre r\u00e9sum\u00e9.<\/a>\n      \n\n\n\n  <!-- Row 2 -->\n      <img decoding=\"async\" src=\"https:\/\/unbiodiversitylab.org\/wp-content\/uploads\/2025\/10\/alps-3010323_1280.webp?q=80&#038;w=1600&#038;auto=format&#038;fit=crop\" alt=\"Tropical rainforest with sunrise mist\"\/>\n      \n    Essayez MaPP \u00e0 l&#8217;aide d&#8217;un <a href=\"https:\/\/drive.google.com\/file\/d\/1Og7BDVz3f6sRBw4ow7NdwZrV7jmhUf7y\/view\" target=\"_blank\" rel=\"noreferrer noopener\">tutoriel \u00e9tape par \u00e9tape,<\/a> et explorez certains des <a href=\"https:\/\/marxanplanning.org\/community\/projects\" target=\"_blank\" rel=\"noreferrer noopener\">projets publics<\/a> bas\u00e9s sur des exemples concrets. Pour plus d&#8217;informations g\u00e9n\u00e9rales sur les fonctionnalit\u00e9s de la suite logicielle Marxan, et pour obtenir des ressources suppl\u00e9mentaires, consultez le <a href=\"http:\/\/marxansolutions.org\/\" target=\"_blank\" rel=\"noreferrer noopener\">site web de Marxan<\/a>.\u00a0","protected":false},"excerpt":{"rendered":"<p>Marxan Planning Platform (MaPP) What is it? How can I access it? Impact stories Transboundary planning in the Pacific (Baja California) Read more \u2192 Establishing and expanding effective marine protected areas in the Coral Triangle Read more \u2192 Land-use planning for the Daly River Catchment (Australia) Read more \u2192 Conservation planning for the Tagus River&hellip;<\/p>","protected":false},"author":1,"featured_media":0,"parent":4778,"menu_order":0,"comment_status":"closed","ping_status":"closed","template":"","meta":{"footnotes":"","_links_to":"","_links_to_target":""},"class_list":["post-4812","page","type-page","status-publish","hentry"],"_links":{"self":[{"href":"https:\/\/unbiodiversitylab.org\/fr\/wp-json\/wp\/v2\/pages\/4812","targetHints":{"allow":["GET"]}}],"collection":[{"href":"https:\/\/unbiodiversitylab.org\/fr\/wp-json\/wp\/v2\/pages"}],"about":[{"href":"https:\/\/unbiodiversitylab.org\/fr\/wp-json\/wp\/v2\/types\/page"}],"author":[{"embeddable":true,"href":"https:\/\/unbiodiversitylab.org\/fr\/wp-json\/wp\/v2\/users\/1"}],"replies":[{"embeddable":true,"href":"https:\/\/unbiodiversitylab.org\/fr\/wp-json\/wp\/v2\/comments?post=4812"}],"version-history":[{"count":21,"href":"https:\/\/unbiodiversitylab.org\/fr\/wp-json\/wp\/v2\/pages\/4812\/revisions"}],"predecessor-version":[{"id":4968,"href":"https:\/\/unbiodiversitylab.org\/fr\/wp-json\/wp\/v2\/pages\/4812\/revisions\/4968"}],"up":[{"embeddable":true,"href":"https:\/\/unbiodiversitylab.org\/fr\/wp-json\/wp\/v2\/pages\/4778"}],"wp:attachment":[{"href":"https:\/\/unbiodiversitylab.org\/fr\/wp-json\/wp\/v2\/media?parent=4812"}],"curies":[{"name":"wp","href":"https:\/\/api.w.org\/{rel}","templated":true}]}}