{"id":1203,"date":"2021-06-23T04:15:25","date_gmt":"2021-06-23T04:15:25","guid":{"rendered":"http:\/\/dev.unbiodiversitylab.org\/?page_id=1203"},"modified":"2026-01-30T11:27:51","modified_gmt":"2026-01-30T11:27:51","slug":"unbl-workspaces","status":"publish","type":"page","link":"https:\/\/unbiodiversitylab.org\/fr\/unbl-workspaces\/","title":{"rendered":"UNBL Workspaces"},"content":{"rendered":"<h1>Espaces de travail du UNBL<\/h1>\n\t<h1>Que sont les espaces de travail du UNBL ? <\/h1>\n<p>&nbsp;<\/p>\n<p>We recognize that national data is often higher quality and better suited to countries&#8217; needs for decision-making, monitoring, and reporting. UNBL offers free workspaces to stakeholders who need a secure area to access and use spatial data. Our workspaces can serve as a common data repository, offer a collaborative work environment, and enable you to calculate dynamic indicators for a subnational or transboundary area of interest.<\/p>\n<p>L'outil d'am\u00e9nagement int\u00e9gr\u00e9 du territoire ELSA est d\u00e9sormais \u00e9galement disponible via nos espaces de travail, permettant aux utilisateurs d'effectuer des analyses d\u2019am\u00e9nagement int\u00e9gr\u00e9 du territoire directement au sein du UNBL.<\/p>\n<p>Nous encourageons les utilisateurs \u00e0 explorer comment les espaces de travail du UNBL peuvent vous aider \u00e0 construire des communaut\u00e9s de pratique pour transformer les donn\u00e9es en action.<\/p>\n\t\t\t<img decoding=\"async\" src=\"https:\/\/unbiodiversitylab.org\/wp-content\/uploads\/2021\/01\/Marker_top_barner.png\" alt=\"Marker_top_barner\"\/>\n\t\t\t\t\t\t\t\t\t\t\t<a  href=\"#next\"  target=\"\">\n\t\t\t\t\t\t\t\t\t\t\t\t\t<\/a>\n\t<h1>Que propose un espace de travail ?<\/h1>\n<p>Nos espaces de travail du UNBL offrent la possibilit\u00e9 de :<\/p>\n<ul>\n<li aria-level=\"1\">G\u00e9rer l'adh\u00e9sion et les privil\u00e8ges dans votre espace de travail s\u00e9curis\u00e9 en cliquant sur un bouton<\/li>\n<li aria-level=\"1\">T\u00e9l\u00e9charger des couches de donn\u00e9es r\u00e9gionales, nationales ou locales sur un serveur s\u00e9curis\u00e9 de l'ONU<\/li>\n<li aria-level=\"1\">T\u00e9l\u00e9charger des formes (\u2018shapes\u2019) pour n'importe quelle zone d'int\u00e9r\u00eat, telle que votre fronti\u00e8re nationale officielle, une zone transfrontali\u00e8re, ou une zone sous-nationale<\/li>\n<li aria-level=\"1\">Visualize your data in combination with any of UNBL&#8217;s global data layers<\/li>\n<li aria-level=\"1\">Visualiser des indicateurs dynamiques pour votre zone d'int\u00e9r\u00eat<\/li>\n<li aria-level=\"1\">Ex\u00e9cuter, visualiser, et comparer des analyses de l'am\u00e9nagement du territoire int\u00e9gr\u00e9 \u00e0 l'aide de l'outil \u201cELSA Integrated Spatial Planning Tool\u201d directement dans l'espace de travail<\/li>\n<li aria-level=\"1\">T\u00e9l\u00e9charger des cartes, des captures d'\u00e9cran, et utiliser les donn\u00e9es brutes pour les inclure dans des rapports officiels et des produits de communication<\/li>\n<\/ul>\n<p>&nbsp;<\/p>\n<h1>Qui peut demander un espace de travail ?<\/h1>\n<p>Les espaces de travail du UNBL sont mis \u00e0 la disposition de groupes issus de gouvernements nationaux, d'agences des Nations Unies, d'\u00e9tablissements universitaires, de peuples autochtones et de communaut\u00e9s locales, ainsi que d'ONG travaillant sur des questions li\u00e9es \u00e0 la biodiversit\u00e9, au changement climatique, et au d\u00e9veloppement durable.\u00a0<\/p>\n<p>Requesting a workspace is simple &#8211; just fill in the form below, and our team will respond to you as quickly as possible. Please indicate in the form if you would like to access the ELSA Integrated Spatial Planning Tool for your country.<\/p>\n\t<h1>Demander un espace de travail UNBL<\/h1>\n<p>Si vous \u00eates int\u00e9ress\u00e9 par un espace de travail UNBL, veuillez commencer par cr\u00e9er un compte (voir les instructions <a href=\"https:\/\/unbiodiversitylab.org\/fr\/support\/\">ici<\/a>). Remplissez ensuite le formulaire ci-dessous, et notre \u00e9quipe vous r\u00e9pondra dans les plus brefs d\u00e9lais. <em>Veuillez noter qu'en raison de restrictions d'utilisation commerciale, nous ne pouvons pas cr\u00e9er d'espaces de travail pour le moment pour les institutions du secteur priv\u00e9.<\/em><\/p>\n<div class=\"wpforms-container wpforms-container-full\" id=\"wpforms-511\"><form id=\"wpforms-form-511\" class=\"wpforms-validate wpforms-form wpforms-ajax-form\" data-formid=\"511\" method=\"post\" enctype=\"multipart\/form-data\" action=\"\/wp-json\/wp\/v2\/pages\/1203\" data-token=\"9b71aacf7eb77660f79ce7a62b1b1e5b\" data-trp-original-action=\"\/fr\/wp-json\/wp\/v2\/pages\/1203\"><noscript class=\"wpforms-error-noscript\">Veuillez activer JavaScript dans votre navigateur pour remplir ce formulaire.<\/noscript><div class=\"wpforms-field-container\"><div id=\"wpforms-511-field_0-container\" class=\"wpforms-field wpforms-field-name\" data-field-id=\"0\"><label class=\"wpforms-field-label\" for=\"wpforms-511-field_0\">Name: <span class=\"wpforms-required-label\">*<\/span><\/label><div class=\"wpforms-field-row wpforms-field-large\"><div class=\"wpforms-field-row-block wpforms-first wpforms-one-half\"><input type=\"text\" id=\"wpforms-511-field_0\" class=\"wpforms-field-name-first wpforms-field-required\" name=\"wpforms[fields][0][first]\" required><label for=\"wpforms-511-field_0\" class=\"wpforms-field-sublabel after\">Pr\u00e9nom<\/label><\/div><div class=\"wpforms-field-row-block wpforms-one-half\"><input type=\"text\" id=\"wpforms-511-field_0-last\" class=\"wpforms-field-name-last wpforms-field-required\" name=\"wpforms[fields][0][last]\" required><label for=\"wpforms-511-field_0-last\" class=\"wpforms-field-sublabel after\">Nom<\/label><\/div><\/div><\/div><div id=\"wpforms-511-field_3-container\" class=\"wpforms-field wpforms-field-select wpforms-field-select-style-classic\" data-field-id=\"3\"><label class=\"wpforms-field-label\" for=\"wpforms-511-field_3\">Country: <span class=\"wpforms-required-label\">*<\/span><\/label><select id=\"wpforms-511-field_3\" class=\"wpforms-field-medium wpforms-field-required\" name=\"wpforms[fields][3]\" required=\"required\"><option value=\"\" class=\"placeholder\" disabled selected='selected'>S\u00e9lectionner le pays<\/option><option value=\"Afghanistan\" >Afghanistan<\/option><option value=\"Albania\" >Albania<\/option><option value=\"Algeria\" >Algeria<\/option><option value=\"Andorra\" >Andorra<\/option><option value=\"Angola\" >Angola<\/option><option value=\"Antigua and Barbuda\" >Antigua and Barbuda<\/option><option value=\"Argentina\" >Argentina<\/option><option value=\"Armenia\" >Armenia<\/option><option value=\"Australia\" >Australia<\/option><option value=\"Austria\" >Austria<\/option><option value=\"Azerbaijan\" >Azerbaijan<\/option><option value=\"Bahamas\" >Bahamas<\/option><option value=\"Bahrain\" >Bahrain<\/option><option value=\"Bangladesh\" >Bangladesh<\/option><option value=\"Barbados\" >Barbados<\/option><option value=\"Belarus\" >Belarus<\/option><option value=\"Belgium\" >Belgium<\/option><option value=\"Belize\" >Belize<\/option><option value=\"Benin\" >Benin<\/option><option value=\"Bhutan\" >Bhutan<\/option><option value=\"Bolivia, Plurinational State of\" >Bolivia, Plurinational State of<\/option><option value=\"Bosnia and Herzegovina\" >Bosnia and Herzegovina<\/option><option value=\"Botswana\" >Botswana<\/option><option value=\"Brazil\" >Brazil<\/option><option value=\"Brunei Darussalam\" >Brunei Darussalam<\/option><option value=\"Bulgaria\" >Bulgaria<\/option><option value=\"Burkina Faso\" >Burkina Faso<\/option><option value=\"Burundi\" >Burundi<\/option><option value=\"Cabo Verde\" >Cabo Verde<\/option><option value=\"Cambodia\" >Cambodge<\/option><option value=\"Cameroon\" >Cameroon<\/option><option value=\"Canada\" >Canada<\/option><option value=\"Central African Republic\" >Central African Republic<\/option><option value=\"Chad\" >Chad<\/option><option value=\"Chile\" >Chili<\/option><option value=\"China\" >China<\/option><option value=\"Colombia\" >Colombie<\/option><option value=\"Comoros\" >Comoros<\/option><option value=\"Congo, Republic of\" >Congo, Republic of<\/option><option value=\"Costa Rica\" >Costa Rica<\/option><option value=\"C\u00f4te D&#039;Ivoire\" >C\u00f4te D&#039;Ivoire<\/option><option value=\"Croatia\" >Croatia<\/option><option value=\"Cuba\" >Cuba<\/option><option value=\"Cyprus\" >Cyprus<\/option><option value=\"Czech Republic\" >Czech Republic<\/option><option value=\"Democratic People&#039;s Republic of Korea\" >Democratic People&#039;s Republic of Korea<\/option><option value=\"Democratic Republic of the Congo\" >Democratic Republic of the Congo<\/option><option value=\"Denmark\" >Denmark<\/option><option value=\"Djibouti\" >Djibouti<\/option><option value=\"Dominica\" >Dominica<\/option><option value=\"Dominican Republic\" >R\u00e9publique Dominicaine<\/option><option value=\"Ecuador\" >\u00c9quateur<\/option><option value=\"Egypt\" >Egypt<\/option><option value=\"El Salvador\" >El Salvador<\/option><option value=\"Equatorial Guinea\" >Equatorial Guinea<\/option><option value=\"Eritrea\" >Eritrea<\/option><option value=\"Estonia\" >Estonia<\/option><option value=\"Eswatini\" >Eswatini<\/option><option value=\"Ethiopia\" >Ethiopia<\/option><option value=\"Fiji\" >Fiji<\/option><option value=\"Finland\" >Finland<\/option><option value=\"France\" >France<\/option><option value=\"Gabon\" >Gabon<\/option><option value=\"Gambia, Republic of the\" >Gambia, Republic of the<\/option><option value=\"Georgia\" >Georgia<\/option><option value=\"Germany\" >Germany<\/option><option value=\"Ghana\" >Ghana<\/option><option value=\"Greece\" >Greece<\/option><option value=\"Grenada\" >Grenada<\/option><option value=\"Guatemala\" >Guatemala<\/option><option value=\"Guinea\" >Guinea<\/option><option value=\"Guinea Bissau\" >Guinea Bissau<\/option><option value=\"Guyana\" >Guyana<\/option><option value=\"Haiti\" >Ha\u00efti<\/option><option value=\"Holy See\" >Holy See<\/option><option value=\"Honduras\" >Honduras<\/option><option value=\"Hungary\" >Hungary<\/option><option value=\"Iceland\" >Iceland<\/option><option value=\"India\" >India<\/option><option value=\"Indonesia\" >Indonesia<\/option><option value=\"Iran, Islamic Republic of\" >Iran, Islamic Republic of<\/option><option value=\"Iraq\" >Iraq<\/option><option value=\"Ireland\" >Ireland<\/option><option value=\"Israel\" >Israel<\/option><option value=\"Italy\" >Italy<\/option><option value=\"Jamaica\" >Jamaica<\/option><option value=\"Japan\" >Japan<\/option><option value=\"Jordan\" >Jordan<\/option><option value=\"Kazakhstan\" >Kazakhstan<\/option><option value=\"Kenya\" >Kenya<\/option><option value=\"Kiribati\" >Kiribati<\/option><option value=\"Kosovo\" >Kosovo<\/option><option value=\"Kuwait\" >Kuwait<\/option><option value=\"Kyrgyzstan\" >Kyrgyzstan<\/option><option value=\"Lao People&#039;s Democratic Republic\" >Lao People&#039;s Democratic Republic<\/option><option value=\"Latvia\" >Latvia<\/option><option value=\"Lebanon\" >Lebanon<\/option><option value=\"Lesotho\" >Lesotho<\/option><option value=\"Liberia\" >Lib\u00e9ria<\/option><option value=\"Libya\" >Libya<\/option><option value=\"Liechtenstein\" >Liechtenstein<\/option><option value=\"Lithuania\" >Lithuania<\/option><option value=\"Luxembourg\" >Luxembourg<\/option><option value=\"Madagascar\" >Madagascar<\/option><option value=\"Malawi\" >Malawi<\/option><option value=\"Malaysia\" >Malaysia<\/option><option value=\"Maldives\" >Maldives<\/option><option value=\"Mali\" >Mali<\/option><option value=\"Malta\" >Malta<\/option><option value=\"Marshall Islands\" >Marshall Islands<\/option><option value=\"Mauritania\" >Mauritania<\/option><option value=\"Mauritius\" >Mauritius<\/option><option value=\"Mexico\" >Mexico<\/option><option value=\"Micronesia, Federated States of\" >Micronesia, Federated States of<\/option><option value=\"Monaco\" >Monaco<\/option><option value=\"Mongolia\" >Mongolia<\/option><option value=\"Montenegro\" >Montenegro<\/option><option value=\"Morocco\" >Morocco<\/option><option value=\"Mozambique\" >Mozambique<\/option><option value=\"Myanmar\" >Myanmar<\/option><option value=\"Namibia\" >Namibia<\/option><option value=\"Nauru\" >Nauru<\/option><option value=\"Nepal\" >N\u00e9pal<\/option><option value=\"Netherlands\" >Netherlands<\/option><option value=\"New Zealand\" >New Zealand<\/option><option value=\"Nicaragua\" >Nicaragua<\/option><option value=\"Niger\" >Niger<\/option><option value=\"Nigeria\" >Nigeria<\/option><option value=\"North Macedonia\" >North Macedonia<\/option><option value=\"Norway\" >Norway<\/option><option value=\"Oman\" >Oman<\/option><option value=\"Pakistan\" >Pakistan<\/option><option value=\"Palau\" >Palau<\/option><option value=\"Palestine, State of\" >Palestine, State of<\/option><option value=\"Panama\" >Panama<\/option><option value=\"Papua New Guinea\" >Papua New Guinea<\/option><option value=\"Paraguay\" >Paraguay<\/option><option value=\"Peru\" >P\u00e9rou<\/option><option value=\"Philippines\" >Philippines<\/option><option value=\"Poland\" >Poland<\/option><option value=\"Portugal\" >Portugal<\/option><option value=\"Qatar\" >Qatar<\/option><option value=\"Republic of Korea\" >Republic of Korea<\/option><option value=\"Republic of Moldova\" >Republic of Moldova<\/option><option value=\"Romania\" >Romania<\/option><option value=\"Russian Federation\" >Russian Federation<\/option><option value=\"Rwanda\" >Rwanda<\/option><option value=\"Saint Kitts and Nevis\" >Saint Kitts and Nevis<\/option><option value=\"Saint Lucia\" >Saint Lucia<\/option><option value=\"Saint Vincent and the Grenadines\" >Saint Vincent and the Grenadines<\/option><option value=\"Samoa\" >Samoa<\/option><option value=\"San Marino\" >San Marino<\/option><option value=\"Sao Tome and Principe\" >Sao Tome and Principe<\/option><option value=\"Saudi Arabia\" >Saudi Arabia<\/option><option value=\"Senegal\" >Senegal<\/option><option value=\"Serbia\" >Serbia<\/option><option value=\"Seychelles\" >Seychelles<\/option><option value=\"Sierra Leone\" >Sierra Leone<\/option><option value=\"Singapore\" >Singapore<\/option><option value=\"Slovakia\" >Slovakia<\/option><option value=\"Slovenia\" >Slovenia<\/option><option value=\"Solomon Islands\" >Solomon Islands<\/option><option value=\"Somalia\" >Somalia<\/option><option value=\"South Africa\" >Afrique du Sud<\/option><option value=\"South Sudan\" >South Sudan<\/option><option value=\"Spain\" >Spain<\/option><option value=\"Sri Lanka\" >Sri Lanka<\/option><option value=\"Sudan\" >Sudan<\/option><option value=\"Suriname\" >Suriname<\/option><option value=\"Sweden\" >Sweden<\/option><option value=\"Switzerland\" >Switzerland<\/option><option value=\"Syrian Arab Republic\" >Syrian Arab Republic<\/option><option value=\"Tajikistan\" >Tajikistan<\/option><option value=\"Thailand\" >Thailand<\/option><option value=\"Timor-Leste\" >Timor-Leste<\/option><option value=\"Togo\" >Togo<\/option><option value=\"Tonga\" >Tonga<\/option><option value=\"Trinidad and Tobago\" >Trinidad and Tobago<\/option><option value=\"Tunisia\" >Tunisia<\/option><option value=\"Turkey\" >Turkey<\/option><option value=\"Turkmenistan\" >Turkmenistan<\/option><option value=\"Tuvalu\" >Tuvalu<\/option><option value=\"Uganda\" >Uganda<\/option><option value=\"Ukraine\" >Ukraine<\/option><option value=\"United Arab Emirates\" >United Arab Emirates<\/option><option value=\"United Kingdom of Great Britain and Northern Ireland\" >United Kingdom of Great Britain and Northern Ireland<\/option><option value=\"United Republic of Tanzania\" >United Republic of Tanzania<\/option><option value=\"United States of America\" >United States of America<\/option><option value=\"Uruguay\" >Uruguay<\/option><option value=\"Uzbekistan\" >Uzbekistan<\/option><option value=\"Vanuatu\" >Vanuatu<\/option><option value=\"Venezuela, Bolivarian Republic of\" >Venezuela, Bolivarian Republic of<\/option><option value=\"Viet Nam\" >Viet Nam<\/option><option value=\"Yemen\" >Yemen<\/option><option value=\"Zambia\" >Zambia<\/option><option value=\"Zimbabwe\" >Zimbabwe<\/option><\/select><\/div><div id=\"wpforms-511-field_4-container\" class=\"wpforms-field wpforms-field-text\" data-field-id=\"4\"><label class=\"wpforms-field-label\" for=\"wpforms-511-field_4\">Organization: <span class=\"wpforms-required-label\">*<\/span><\/label><input type=\"text\" id=\"wpforms-511-field_4\" class=\"wpforms-field-medium wpforms-field-required\" name=\"wpforms[fields][4]\" required><\/div><div id=\"wpforms-511-field_10-container\" class=\"wpforms-field wpforms-field-select wpforms-field-select-style-classic\" data-field-id=\"10\"><label class=\"wpforms-field-label\" for=\"wpforms-511-field_10\">Sector <span class=\"wpforms-required-label\">*<\/span><\/label><select id=\"wpforms-511-field_10\" class=\"wpforms-field-medium wpforms-field-required\" name=\"wpforms[fields][10]\" required=\"required\"><option value=\"\" class=\"placeholder\" disabled selected='selected'>Select sector<\/option><option value=\"Academia\" >Academia<\/option><option value=\"Civil Society\" >Civil Society<\/option><option value=\"Government\" >Government<\/option><option value=\"Intergovernmental\" >Intergovernmental<\/option><option value=\"Non-governmental Organization\" >Non-governmental Organization<\/option><option value=\"Other non-profit\" >Other non-profit<\/option><\/select><\/div><div id=\"wpforms-511-field_7-container\" class=\"wpforms-field wpforms-field-text\" data-field-id=\"7\"><label class=\"wpforms-field-label\" for=\"wpforms-511-field_7\">Title: <span class=\"wpforms-required-label\">*<\/span><\/label><input type=\"text\" id=\"wpforms-511-field_7\" class=\"wpforms-field-medium wpforms-field-required\" name=\"wpforms[fields][7]\" required><\/div><div id=\"wpforms-511-field_6-container\" class=\"wpforms-field wpforms-field-email\" data-field-id=\"6\"><label class=\"wpforms-field-label\" for=\"wpforms-511-field_6\">Email associated with your UNBL account: <span class=\"wpforms-required-label\">*<\/span><\/label><input type=\"email\" id=\"wpforms-511-field_6\" class=\"wpforms-field-medium wpforms-field-required\" name=\"wpforms[fields][6]\" required><\/div><div id=\"wpforms-511-field_11-container\" class=\"wpforms-field wpforms-field-text\" data-field-id=\"11\"><label class=\"wpforms-field-label\" for=\"wpforms-511-field_11\">Requested name for workspace:  <span class=\"wpforms-required-label\">*<\/span><\/label><input type=\"text\" id=\"wpforms-511-field_11\" class=\"wpforms-field-medium wpforms-field-required\" name=\"wpforms[fields][11]\" required><\/div><div id=\"wpforms-511-field_2-container\" class=\"wpforms-field wpforms-field-textarea\" data-field-id=\"2\"><label class=\"wpforms-field-label\" for=\"wpforms-511-field_2\">Explain the work of your organization and how you plan to use UNBL: <span class=\"wpforms-required-label\">*<\/span><\/label><textarea id=\"wpforms-511-field_2\" class=\"wpforms-field-large wpforms-field-required wpforms-limit-characters-enabled\" data-form-id=\"511\" data-field-id=\"2\" data-text-limit=\"1000\" name=\"wpforms[fields][2]\" maxlength=\"1000\" required><\/textarea><\/div><\/div><div class=\"wpforms-recaptcha-container wpforms-is-recaptcha\" ><div class=\"g-recaptcha\" data-sitekey=\"6Le23yQaAAAAAMRSpXInQpdEZ8xbln3XXBeRoPwj\"><\/div><input type=\"text\" name=\"g-recaptcha-hidden\" class=\"wpforms-recaptcha-hidden\" style=\"position:absolute!important;clip:rect(0,0,0,0)!important;height:1px!important;width:1px!important;border:0!important;overflow:hidden!important;padding:0!important;margin:0!important;\" required><\/div><div class=\"wpforms-submit-container\" ><input type=\"hidden\" name=\"wpforms[id]\" value=\"511\"><input type=\"hidden\" name=\"wpforms[author]\" value=\"1\"><button type=\"submit\" name=\"wpforms[submit]\" class=\"wpforms-submit\" id=\"wpforms-submit-511\" value=\"wpforms-submit\" aria-live=\"assertive\" data-alt-text=\"Sending...\" data-submit-text=\"Request\">Request<\/button><img loading=\"lazy\" decoding=\"async\" src=\"https:\/\/unbiodiversitylab.org\/wp-content\/plugins\/wpforms\/assets\/images\/submit-spin.svg\" class=\"wpforms-submit-spinner\" style=\"display: none;\" width=\"26\" height=\"26\" alt=\"\"><\/div><input type=\"hidden\" name=\"trp-form-language\" value=\"fr\"\/><\/form><\/div>  <!-- .wpforms-container -->","protected":false},"excerpt":{"rendered":"<p>UNBL workspaces What are UNBL workspaces? &nbsp; We recognize that national data is often higher quality and better suited to countries&#8217; needs for decision-making, monitoring, and reporting. UNBL offers free workspaces to stakeholders who need a secure area to access and use spatial data. Our workspaces can serve as a common data repository, offer a&hellip;<\/p>","protected":false},"author":1,"featured_media":0,"parent":0,"menu_order":0,"comment_status":"closed","ping_status":"closed","template":"","meta":{"footnotes":"","_links_to":"","_links_to_target":""},"class_list":["post-1203","page","type-page","status-publish","hentry"],"_links":{"self":[{"href":"https:\/\/unbiodiversitylab.org\/fr\/wp-json\/wp\/v2\/pages\/1203","targetHints":{"allow":["GET"]}}],"collection":[{"href":"https:\/\/unbiodiversitylab.org\/fr\/wp-json\/wp\/v2\/pages"}],"about":[{"href":"https:\/\/unbiodiversitylab.org\/fr\/wp-json\/wp\/v2\/types\/page"}],"author":[{"embeddable":true,"href":"https:\/\/unbiodiversitylab.org\/fr\/wp-json\/wp\/v2\/users\/1"}],"replies":[{"embeddable":true,"href":"https:\/\/unbiodiversitylab.org\/fr\/wp-json\/wp\/v2\/comments?post=1203"}],"version-history":[{"count":53,"href":"https:\/\/unbiodiversitylab.org\/fr\/wp-json\/wp\/v2\/pages\/1203\/revisions"}],"predecessor-version":[{"id":4911,"href":"https:\/\/unbiodiversitylab.org\/fr\/wp-json\/wp\/v2\/pages\/1203\/revisions\/4911"}],"wp:attachment":[{"href":"https:\/\/unbiodiversitylab.org\/fr\/wp-json\/wp\/v2\/media?parent=1203"}],"curies":[{"name":"wp","href":"https:\/\/api.w.org\/{rel}","templated":true}]}}