{"id":9,"date":"2020-07-06T09:12:17","date_gmt":"2020-07-06T09:12:17","guid":{"rendered":"https:\/\/www.new.unbiodiversitylab.org\/?page_id=9"},"modified":"2026-05-05T10:36:02","modified_gmt":"2026-05-05T10:36:02","slug":"home","status":"publish","type":"page","link":"https:\/\/unbiodiversitylab.org\/es\/","title":{"rendered":"Inicio"},"content":{"rendered":"<img decoding=\"async\" src=\"https:\/\/unbiodiversitylab.org\/wp-content\/uploads\/2021\/03\/play-button-3-1.png\" alt=\"\"\/>\n\t<h1>UN Biodiversity Lab<\/h1>\n\n<p>Proporcionar a los responsables de la toma de decisiones los mejores datos espaciales disponibles para situar la naturaleza en el centro del desarrollo sostenible. \u00a0<\/p>\n\n\t\t\t<a href=\"https:\/\/map.unbiodiversitylab.org\/?_ga=2.142471474.1634995660.1705393761-1519141437.1609952903\" target=\"_self\" role=\"button\">\n\t\t\t\t\t\t\tIniciar mapa\n\t\t\t\t\t<\/a>\n\t<h1>Qui\u00e9nes somos<\/h1>\n<p>&nbsp;<\/p>\n<p>With over 1,000 of the world&#8217;s best data layers on nature, climate change, and sustainable development, UNBL supports country-led efforts to use national and global spatial data for planning, monitoring, and reporting and to take action for people and planet.<\/p>\n\t\t\t<a href=\"https:\/\/unbiodiversitylab.org\/es\/about\/\" target=\"_self\" role=\"button\">\n\t\t\t\t\t\t\tM\u00e1s informaci\u00f3n\n\t\t\t\t\t<\/a>\n\t<h1>Latest updates from UN Biodiversity Lab<\/h1>\n<p>Stay up-to-date with insights, stories, and real-world applications of spatial data shaping biodiversity policy and decision-making across countries.<\/p>\n\t<p><img loading=\"lazy\" decoding=\"async\" src=\"https:\/\/unbiodiversitylab.org\/wp-content\/uploads\/2026\/04\/LogoRound.webp\" alt=\"\" width=\"98\" height=\"94\" \/><\/p>\n\t<h3><a href=\"https:\/\/www.linkedin.com\/company\/unbl\/\" target=\"_blank\" rel=\"noopener\" aria-label=\"View page on LinkedIn\">UN Biodiversity Lab<\/a><\/h3>\n<p><strong>Environmental Services<\/strong><\/p>\n<p><strong>3.4k <\/strong>Followers<\/p>\n<p>Proporcionar a los responsables de la toma de decisiones los mejores datos espaciales disponibles para situar la naturaleza en el centro del desarrollo sostenible.<\/p>\n\t\t\t<a href=\"https:\/\/www.linkedin.com\/company\/unbl\/\" title=\"Click Here\" target=\"_blank\" rel=\"noopener\"  role=\"button\" aria-label=\"Follow us on LinkedIn\">\n\t\t\t\t\t\t\tFollow us on LinkedIn\n\t\t<\/a>\n\t<!-- Elfsight LinkedIn Feed | Untitled LinkedIn Feed -->\n\t<h1>Explore the ELSA Integrated Spatial Planning Tool<\/h1>\n\t<p><strong>La Herramienta de Planificaci\u00f3n Espacial Integrada ELSA ya est\u00e1 disponible para todos los pa\u00edses del mundo.<\/strong><\/p>\n<p>La nueva herramienta combina datos espaciales de vanguardia con herramientas sistem\u00e1ticas de planificaci\u00f3n espacial para ayudar a los pa\u00edses a identificar las \u00e1reas prioritarias en las que las medidas de protecci\u00f3n, gesti\u00f3n y restauraci\u00f3n de la naturaleza pueden contribuir mejor a los objetivos relacionados con la biodiversidad, el clima y el bienestar humano, con especial atenci\u00f3n al Marco Mundial de Biodiversidad Kunming-Montreal. La herramienta de planificaci\u00f3n espacial integrada ELSA est\u00e1 disponible de forma gratuita para todos los pa\u00edses que la soliciten en la plataforma UNBL.<\/p>\n\t\t\t<a href=\"\/es\/integrated-spatial-planning\/\" target=\"_self\" role=\"button\">\n\t\t\t\t\t\t\tAprenda m\u00e1s sobre la herramienta ELSA\n\t\t\t\t\t<\/a>\n\t<h1>Discover UNBL data collections<\/h1>\n<p>Explorar las colecciones de datos m\u00e1s populares que desbloquean el poder de los datos para generar conocimientos que permitan abordar cuestiones cr\u00edticas para la naturaleza y el desarrollo sostenible. <\/p>\n\t\t\t\t<img decoding=\"async\" src=\"https:\/\/unbiodiversitylab.org\/wp-content\/uploads\/2021\/07\/ProtectedAreas.jpg\" alt=\"ProtectedAreas\"\/>\n\t\t\t<h3>El Marco Mundial de Biodiversidad Kunming-Montreal<\/h3>\n\t\t\t\t<\/p>\n\t\t<a href=\"https:\/\/unbiodiversitylab.org\/es\/monitoring-framework-of-the-kunming-montreal-global-biodiversity-framework-data-collection\/\" target=\"_self\"  aria-label=\"Go to https:\/\/unbiodiversitylab.org\/en\/monitoring-framework-of-the-kunming-montreal-global-biodiversity-framework-data-collection\/\"><\/a>\n\t\t\t\t<img decoding=\"async\" src=\"https:\/\/unbiodiversitylab.org\/wp-content\/uploads\/2021\/07\/GreenRecovery.jpg\" alt=\"GreenRecovery\"\/>\n\t\t\t<h3>\u00c1reas protegidas<\/h3>\n\t\t\t\t<p>Las \u00e1reas protegidas son un instrumento clave para salvaguardar la biodiversidad y los servicios de los ecosistemas.<\/p>\n\t\t<a href=\"https:\/\/unbiodiversitylab.org\/es\/protected-areas-data-collection\/\" target=\"_self\"  aria-label=\"Go to https:\/\/unbiodiversitylab.org\/protected-areas-data-collection\/\"><\/a>\n\t\t\t\t<img decoding=\"async\" src=\"https:\/\/unbiodiversitylab.org\/wp-content\/uploads\/2021\/07\/GreenRecovery.jpg\" alt=\"GreenRecovery\"\/>\n\t\t\t<h3>Soluciones basadas en la naturaleza para el cambio clim\u00e1tico<\/h3>\n\t\t\t\t<p>Acciones para proteger, gestionar de forma sostenible y restaurar los ecosistemas naturales o modificados, que abordan los retos de la sociedad de forma eficaz y adaptativa, proporcionando simult\u00e1neamente beneficios para el bienestar humano y la biodiversidad.<\/p>\n\t\t<a href=\"https:\/\/unbiodiversitylab.org\/es\/nature-based-solutions-for-climate-data-collection\/\" target=\"_self\"  aria-label=\"Go to https:\/\/unbiodiversitylab.org\/nature-based-solutions-for-climate-data-collection\/\"><\/a>\n\t\t\t\t<img decoding=\"async\" src=\"https:\/\/unbiodiversitylab.org\/wp-content\/uploads\/2021\/07\/HumanFootprint.jpg\" alt=\"HumanFootprint\"\/>\n\t\t\t<h3>Restauraci\u00f3n de ecosistemas<\/h3>\n\t\t\t\t<p>Human activities on Earth have led to degradation of natural ecosystems: it is estimated that only 10 percent of the planet&#8217;s surface will remain free of direct anthropogenic impact by 2050. Restoring degraded ecosystems can result in cumulative biodiversity, climate, and livelihood benefits, making people and nature more resilient. This collection explores opportunities to restore ecosystems for the benefit of nature and people.<\/p>\n\t\t<a href=\"https:\/\/unbiodiversitylab.org\/es\/restoration\/\" target=\"_self\"  aria-label=\"Go to https:\/\/unbiodiversitylab.org\/restoration\/\"><\/a>\n\t<h1>Access impact stories &amp; resources<\/h1>\n<p>Discover how countries are turning data into action-using spatial insights to guide decisions, strengthen policies, and drive biodiversity outcomes. <\/p>\n\t\t\t\t\t\t\t\t\t\t\t\t\t\t<a href=\"https:\/\/unbiodiversitylab.org\/wp-content\/uploads\/2024\/10\/UNBL-Key-features-EN.pdf\" target=\"_self\" title=\"Funcionalidades principales de UNBL: datos espaciales y herramientas anal\u00edticas para apoyar a los pa\u00edses a aplicar el Marco Mundial de Biodiversidad.\">\n\t\t\t\t<img decoding=\"async\" src=\"https:\/\/unbiodiversitylab.org\/wp-content\/uploads\/2024\/10\/UNBL_KeyFeaturesThumbnail.png\" alt=\"\" \/>\n\t\t\t\t<\/a>\n\t\t\t\t\t\t\t<h5>\n\t\t\t\t\t\t\t\t\t<a href=\"https:\/\/unbiodiversitylab.org\/es\/category\/informational-document\/\" rel=\"category tag\">Informe anual de UNBL 2021<\/a>\t\t\t\t<\/h5>\n\t\t\t\t\t\t\t\n\t\t\t\t<a href=\"https:\/\/unbiodiversitylab.org\/wp-content\/uploads\/2024\/10\/UNBL-Key-features-EN.pdf\" title=\"Funcionalidades principales de UNBL: datos espaciales y herramientas anal\u00edticas para apoyar a los pa\u00edses a aplicar el Marco Mundial de Biodiversidad.\" tabindex=\"0\">Funcionalidades principales de UNBL: datos espaciales y herramientas anal\u00edticas para apoyar a los pa\u00edses a aplicar el Marco Mundial de Biodiversidad.<\/a>\t\t\t\n\t\t\t<a href=\"https:\/\/unbiodiversitylab.org\/wp-content\/uploads\/2024\/10\/UNBL-Key-features-EN.pdf\" title=\"Read More\" target=\"_self\">Read more &#8594;<\/a>\t\t\n\t\t\t\t\t\t\t\t\t\t\t\t\t\t<a href=\"https:\/\/unbiodiversitylab.org\/wp-content\/uploads\/2025\/10\/2024-UNBL-Annual-Report_FINAL_medres.pdf#new_tab\" target=\"_self\" title=\"UN Biodiversity Lab 2024: Informe anual\">\n\t\t\t\t<img decoding=\"async\" src=\"https:\/\/unbiodiversitylab.org\/wp-content\/uploads\/2024\/09\/2024Report.webp\" alt=\"\" \/>\n\t\t\t\t<\/a>\n\t\t\t\t\t\t\t<h5>\n\t\t\t\t\t\t\t\t\t<a href=\"https:\/\/unbiodiversitylab.org\/es\/category\/report\/\" rel=\"category tag\">Informe<\/a>\t\t\t\t<\/h5>\n\t\t\t\t\t\t\t\n\t\t\t\t<a href=\"https:\/\/unbiodiversitylab.org\/wp-content\/uploads\/2025\/10\/2024-UNBL-Annual-Report_FINAL_medres.pdf#new_tab\" title=\"UN Biodiversity Lab 2024: Informe anual\" tabindex=\"0\">UN Biodiversity Lab 2024: Informe anual<\/a>\t\t\t\n\t\t\t<a href=\"https:\/\/unbiodiversitylab.org\/wp-content\/uploads\/2025\/10\/2024-UNBL-Annual-Report_FINAL_medres.pdf#new_tab\" title=\"Read More\" target=\"_self\">Read more &#8594;<\/a>\t\t\n\t\t\t\t\t\t\t\t\t\t\t\t\t\t<a href=\"https:\/\/www.learningfornature.org\/en\/courses\/using-spatial-data-for-biodiversity\/#new_tab\" target=\"_self\" title=\"Uso de datos espaciales para la biodiversidad\">\n\t\t\t\t<img decoding=\"async\" src=\"https:\/\/unbiodiversitylab.org\/wp-content\/uploads\/2022\/11\/OnlineCourse.webp\" alt=\"\" \/>\n\t\t\t\t<\/a>\n\t\t\t\t\t\t\t<h5>\n\t\t\t\t\t\t\t\t\t<a href=\"https:\/\/unbiodiversitylab.org\/es\/category\/online-course\/\" rel=\"category tag\">Curso en l\u00ednea<\/a>\t\t\t\t<\/h5>\n\t\t\t\t\t\t\t\n\t\t\t\t<a href=\"https:\/\/www.learningfornature.org\/en\/courses\/using-spatial-data-for-biodiversity\/#new_tab\" title=\"Uso de datos espaciales para la biodiversidad\" tabindex=\"0\">Uso de datos espaciales para la biodiversidad<\/a>\t\t\t\n\t\t\t<a href=\"https:\/\/www.learningfornature.org\/en\/courses\/using-spatial-data-for-biodiversity\/#new_tab\" title=\"Read More\" target=\"_self\">Read more &#8594;<\/a>\t\t\n\t\t\t\t\t\t\t\t\t\t\t\t\t\t<a href=\"https:\/\/www.undp.org\/ghana\/press-releases\/biodiversity-monitoring-ghana-how-un-biodiversity-lab-supporting-evidence-based-implementation-global-biodiversity-framework#new_tab\" target=\"_self\" title=\"Biodiversity Monitoring in Ghana\">\n\t\t\t\t<img decoding=\"async\" src=\"https:\/\/unbiodiversitylab.org\/wp-content\/uploads\/2026\/04\/SuccessStory3.webp\" alt=\"\" \/>\n\t\t\t\t<\/a>\n\t\t\t\t\t\t\t<h5>\n\t\t\t\t\t\t\t\t\t<a href=\"https:\/\/unbiodiversitylab.org\/es\/category\/success-story-resource-page\/\" rel=\"category tag\">Historia de \u00c9xito<\/a>\t\t\t\t<\/h5>\n\t\t\t\t\t\t\t\n\t\t\t\t<a href=\"https:\/\/www.undp.org\/ghana\/press-releases\/biodiversity-monitoring-ghana-how-un-biodiversity-lab-supporting-evidence-based-implementation-global-biodiversity-framework#new_tab\" title=\"Biodiversity Monitoring in Ghana\" tabindex=\"0\">Biodiversity Monitoring in Ghana<\/a>\t\t\t\n\t\t\t<a href=\"https:\/\/www.undp.org\/ghana\/press-releases\/biodiversity-monitoring-ghana-how-un-biodiversity-lab-supporting-evidence-based-implementation-global-biodiversity-framework#new_tab\" title=\"Read More\" target=\"_self\">Read more &#8594;<\/a>\t\t\n\t\t\t\t\t\t\t\t\t\t\t\t\t\t<a href=\"https:\/\/www.undp.org\/es\/cuba\/noticias\/planificacion-espacial-integrada-una-oportunidad-para-el-aprovechamiento-sostenible-de-la-diversidad-biologica-de-cuba#new_tab\" target=\"_self\" title=\"Integrated Spatial Planning in Cuba\">\n\t\t\t\t<img decoding=\"async\" src=\"https:\/\/unbiodiversitylab.org\/wp-content\/uploads\/2026\/04\/SuccessStory2-copy.webp\" alt=\"\" \/>\n\t\t\t\t<\/a>\n\t\t\t\t\t\t\t<h5>\n\t\t\t\t\t\t\t\t\t<a href=\"https:\/\/unbiodiversitylab.org\/es\/category\/success-story-resource-page\/\" rel=\"category tag\">Historia de \u00c9xito<\/a>\t\t\t\t<\/h5>\n\t\t\t\t\t\t\t\n\t\t\t\t<a href=\"https:\/\/www.undp.org\/es\/cuba\/noticias\/planificacion-espacial-integrada-una-oportunidad-para-el-aprovechamiento-sostenible-de-la-diversidad-biologica-de-cuba#new_tab\" title=\"Integrated Spatial Planning in Cuba\" tabindex=\"0\">Integrated Spatial Planning in Cuba<\/a>\t\t\t\n\t\t\t<a href=\"https:\/\/www.undp.org\/es\/cuba\/noticias\/planificacion-espacial-integrada-una-oportunidad-para-el-aprovechamiento-sostenible-de-la-diversidad-biologica-de-cuba#new_tab\" title=\"Read More\" target=\"_self\">Read more &#8594;<\/a>\t\t\n\t\t\t\t\t\t\t\t\t\t\t\t\t\t<a href=\"https:\/\/www.undp.org\/malawi\/stories\/prioritizing-biodiversity-action-economic-resilience-malawi#new_tab\" target=\"_self\" title=\"Prioritizing Biodiversity Action for Economic Resilience in Malawi\">\n\t\t\t\t<img decoding=\"async\" src=\"https:\/\/unbiodiversitylab.org\/wp-content\/uploads\/2026\/04\/SuccessStory1.webp\" alt=\"\" \/>\n\t\t\t\t<\/a>\n\t\t\t\t\t\t\t<h5>\n\t\t\t\t\t\t\t\t\t<a href=\"https:\/\/unbiodiversitylab.org\/es\/category\/success-story-resource-page\/\" rel=\"category tag\">Historia de \u00c9xito<\/a>\t\t\t\t<\/h5>\n\t\t\t\t\t\t\t\n\t\t\t\t<a href=\"https:\/\/www.undp.org\/malawi\/stories\/prioritizing-biodiversity-action-economic-resilience-malawi#new_tab\" title=\"Prioritizing Biodiversity Action for Economic Resilience in Malawi\" tabindex=\"0\">Prioritizing Biodiversity Action for Economic Resilience in Malawi<\/a>\t\t\t\n\t\t\t<a href=\"https:\/\/www.undp.org\/malawi\/stories\/prioritizing-biodiversity-action-economic-resilience-malawi#new_tab\" title=\"Read More\" target=\"_self\">Read more &#8594;<\/a>\t\t\n\t\t\t\t\t\t\t\t\t\t\t\t\t\t<a href=\"https:\/\/unbiodiversitylab.org\/wp-content\/uploads\/2026\/04\/UNBL-GBF-Mapping-Project-Technical-Report-South-Africa-FNL-2.pdf#new_tab\" target=\"_self\" title=\"Enabling Implementation of NBSAP and KMGBF Targets in South Africa &#8211; Report\">\n\t\t\t\t<img decoding=\"async\" src=\"https:\/\/unbiodiversitylab.org\/wp-content\/uploads\/2026\/04\/UNBL_SAfrica_Thumbnail.png\" alt=\"\" \/>\n\t\t\t\t<\/a>\n\t\t\t\t\t\t\t<h5>\n\t\t\t\t\t\t\t\t\t<a href=\"https:\/\/unbiodiversitylab.org\/es\/category\/report\/\" rel=\"category tag\">Informe<\/a>\t\t\t\t<\/h5>\n\t\t\t\t\t\t\t\n\t\t\t\t<a href=\"https:\/\/unbiodiversitylab.org\/wp-content\/uploads\/2026\/04\/UNBL-GBF-Mapping-Project-Technical-Report-South-Africa-FNL-2.pdf#new_tab\" title=\"Enabling Implementation of NBSAP and KMGBF Targets in South Africa &#8211; Report\" tabindex=\"0\">Enabling Implementation of NBSAP and KMGBF Targets in South Africa &#8211; Report<\/a>\t\t\t\n\t\t\t<a href=\"https:\/\/unbiodiversitylab.org\/wp-content\/uploads\/2026\/04\/UNBL-GBF-Mapping-Project-Technical-Report-South-Africa-FNL-2.pdf#new_tab\" title=\"Read More\" target=\"_self\">Read more &#8594;<\/a>\t\t\n\t\t\t<a href=\"https:\/\/unbiodiversitylab.org\/es\/resources\/\" target=\"_self\" role=\"button\">\n\t\t\t\t\t\t\tFind more stories and resources\n\t\t\t\t\t<\/a>\n        &#8221;\n          The collaboration with the Prioritizing Nature Project, implemented in partnership with the UNBL team, has strengthened the national process around OECMs by providing a spatial analysis methodology that technically supports the verification and monitoring of IUCN criteria C and D. This tool allows for a more robust assessment of positive conservation outcomes, as well as ecosystem services, functions, and cultural values, contributing to more informed decisions by the OECM Facilitation Group and the Ministry of Environment and Sustainable Development in the OECM reporting process.&#8221;\n        Natalia Ram\u00edrez, Director of Forests, Biodiversity, and Ecosystem Services, Ministry of Environment and Development\n        &#8221;\n          For the Dominican Republic, it has been of great interest and importance to be able to count on the support of UNBL to integrate geospatial data into the conservation and management of biodiversity. This will serve decision-making, the updating of the new National Biodiversity Strategy, and the formulation of the Seventh National Biodiversity Report, while also providing the opportunity to build capacity in the application of this technology.&#8221;\n        Marina Hern\u00e1ndez, Director, Directorate of Biodiversity, Ministry of the Environment and Natural Resources of the Dominican Republic\n        &#8221;\n         UNBL is the gateway for effective and efficient development planning and budgetary processes at both the national and subnational levels in Ghana.&#8221;\n        Dr. Yaw Osei-Owusu, Executive Director, Conservation Alliance, Ghana\n        &#8221;\n          The ELSA integrated spatial planning tool is enabling Malawi to bring together foundational national data in a spatial prioritization framework to create an action map that guides NBSAP implementation efficiently and realistically.&#8221;\n        Mphatso Kalemba, Chief Environmental Officer (Biodiversity), Environmental Affairs Department, Ministry of Natural Resources and Climate Change of Malawi\n        &#8221;\n          Countries in the SADC region have expressed the need to address data gaps and fragmentation, build technical capacity, and create national and regional dashboards to monitor and report on their NBSAPs and the GBF. SANBI sees great potential to collaborate with the UNBL partnership to build scalable solutions supporting the Seventh and Eighth National Reports.&#8221;\n        Ntakadzeni Tshidada, Lead, SANBI TSC, South Africa\n        &#8221;\n          As we reimagine conservation in South Africa, especially the expansion of our conservation estate, it is essential that we do not leave anyone behind. The ELSA map enabled us to support joint planning and decision-making among all stakeholders invested in our natural resources.&#8221;\n        Mukondi Matshusa, Chief Director for Biodiversity Management &#038; Permitting, Department of Forestry, Fisheries and the Environment, South Africa\n        &#8221;\n          Parties to the Convention on Biological Diversity identified biodiversity-inclusive spatial planning as an area requiring additional scientific and technical advice. Observing ELSA in action, and its support to national decision-makers, strengthens the foundation for best practices and knowledge exchange among Parties.&#8221;\n        Jamal Annagylyjova, Forest Biodiversity Officer and Lead on Terrestrial Ecosystems Restoration, CBD Secretariat\n        &#8221;\n        The UN Biodiversity Lab played a particularly important role supporting the technical foundations of this report\u00a0[on biodiversity and plastics in Costa Rica]. We used two of the datasets available on UNBL, which proved highly valuable for supporting the spatial analysis and strengthening the assessment of impacts on biodiversity.&#8221;\n        Lenin Corrales, Environmental Analyst\n    \u2039\n    \u203a\n\t\t\t\t<a href=\"https:\/\/unbiodiversitylab.org\/wp-content\/uploads\/2025\/10\/2024-UNBL-Annual-Report_FINAL_medres.pdf\" target=\"_blank\" rel=\"noopener\" itemprop=\"url\">\n\t\t\t\t<img decoding=\"async\" src=\"https:\/\/unbiodiversitylab.org\/wp-content\/uploads\/2025\/10\/UNBL-Annual-Report-2024.jpg\" alt=\"UNBL Annual Report 2024\" title=\"UNBL Annual Report 2024\" itemprop=\"image\"  \/>\n\t\t\t\t\t\t<\/a>\n\t<h1>UN Biodiversity Lab 2024: Informe anual<\/h1>\n<p>&nbsp;<\/p>\n<p>Basados \u200b\u200ben capas de datos de diversas fuentes, como sat\u00e9lites, equipos cient\u00edficos nacionales y mundiales, pueblos ind\u00edgenas y comunidades locales, los mapas UNBL constituyen un recurso poderoso para abordar las crisis planetarias al proporcionar nuevas formas de generar informaci\u00f3n sobre la naturaleza y el desarrollo sostenible. <\/p>\n<p>This annual report presents the key activities, outcomes, and achievements of the UNBL partnership in 2024.<\/p>\n\t\t\t<a href=\"https:\/\/unbiodiversitylab.org\/wp-content\/uploads\/2025\/10\/2024-UNBL-Annual-Report_FINAL_medres.pdf\" target=\"_blank\" role=\"button\" rel=\"noopener\">\n\t\t\t\t\t\t\tLeer informe\n\t\t\t\t\t<\/a>\n\t<h1>Iniciativas relacionadas<\/h1>","protected":false},"excerpt":{"rendered":"<p>UN Biodiversity Lab Providing decision makers with the best available spatial data to put nature at the center of sustainable development. \u00a0 Launch map Who we are &nbsp; With over 1,000 of the world&#8217;s best data layers on nature, climate change, and sustainable development, UNBL supports country-led efforts to use national and global spatial data&hellip;<\/p>","protected":false},"author":1,"featured_media":0,"parent":0,"menu_order":0,"comment_status":"closed","ping_status":"closed","template":"","meta":{"footnotes":"","_links_to":"","_links_to_target":""},"class_list":["post-9","page","type-page","status-publish","hentry"],"_links":{"self":[{"href":"https:\/\/unbiodiversitylab.org\/es\/wp-json\/wp\/v2\/pages\/9","targetHints":{"allow":["GET"]}}],"collection":[{"href":"https:\/\/unbiodiversitylab.org\/es\/wp-json\/wp\/v2\/pages"}],"about":[{"href":"https:\/\/unbiodiversitylab.org\/es\/wp-json\/wp\/v2\/types\/page"}],"author":[{"embeddable":true,"href":"https:\/\/unbiodiversitylab.org\/es\/wp-json\/wp\/v2\/users\/1"}],"replies":[{"embeddable":true,"href":"https:\/\/unbiodiversitylab.org\/es\/wp-json\/wp\/v2\/comments?post=9"}],"version-history":[{"count":259,"href":"https:\/\/unbiodiversitylab.org\/es\/wp-json\/wp\/v2\/pages\/9\/revisions"}],"predecessor-version":[{"id":5356,"href":"https:\/\/unbiodiversitylab.org\/es\/wp-json\/wp\/v2\/pages\/9\/revisions\/5356"}],"wp:attachment":[{"href":"https:\/\/unbiodiversitylab.org\/es\/wp-json\/wp\/v2\/media?parent=9"}],"curies":[{"name":"wp","href":"https:\/\/api.w.org\/{rel}","templated":true}]}}