{"id":4842,"date":"2025-10-14T10:24:58","date_gmt":"2025-10-14T10:24:58","guid":{"rendered":"https:\/\/unbiodiversitylab.org\/?page_id=4842"},"modified":"2025-12-04T08:27:54","modified_gmt":"2025-12-04T08:27:54","slug":"weplan-forests","status":"publish","type":"page","link":"https:\/\/unbiodiversitylab.org\/es\/integrated-spatial-planning\/weplan-forests\/","title":{"rendered":"WePlan-Forests"},"content":{"rendered":"<h1>WePlan-Forests <\/h1>\n\t<h2>\u00bfQu\u00e9 es?<\/h2>\n\tWePlan-Forests es una herramienta gratuita y de acceso libre dise\u00f1ada para apoyar los esfuerzos nacionales de restauraci\u00f3n de bosques y paisajes en pa\u00edses tropicales y subtropicales. Ayuda a los responsables de la toma de decisiones a identificar los lugares m\u00e1s eficaces para restaurar los bosques y, de ese modo, obtener los mayores beneficios para el clima y la biodiversidad, al tiempo que se tiene en cuenta el costo de la restauraci\u00f3n. Al integrar datos ambientales y econ\u00f3micos incorporados, WePlan-Forests permite a los usuarios comparar r\u00e1pidamente las opciones de restauraci\u00f3n adaptadas a las prioridades y los recursos nacionales sin necesidad de tener conocimientos t\u00e9cnicos sobre la recopilaci\u00f3n y el procesamiento de datos geoespaciales, la definici\u00f3n de problemas y la teor\u00eda de la planificaci\u00f3n de la conservaci\u00f3n. \n\t<h2>\u00bfC\u00f3mo puedo acceder a ella?<\/h2>\n\tPara explorar las zonas con potencial para la restauraci\u00f3n forestal y la regeneraci\u00f3n natural, visite la <a href=\"https:\/\/www.weplan-forests.org\/planning_solutions\" target=\"_blank\" rel=\"noreferrer noopener\">herramienta en l\u00ednea WePlan-Forests<\/a> y seleccione el pa\u00eds que le interese.\u00a0\n\t<h2>Historias de impacto<\/h2>\n\t<style>\n  \/* -- Layout -- *\/\n  .lfn-card-grid {\n    display: grid;\n    grid-template-columns: repeat(2, minmax(0, 360px)); \/* 2 columns *\/\n    gap: 28px;\n    justify-content: center; \/* centers grid horizontally *\/\n    margin: 0 auto;\n    max-width: 900px; \/* optional total width *\/\n  }\n  @media (max-width: 768px) {\n    .lfn-card-grid {\n      grid-template-columns: 1fr;\n      justify-items: center; \/* center single card *\/\n    }\n  }\n  \/* -- Card -- *\/\n  .lfn-card {\n    display: flex;\n    flex-direction: column;\n    background: #fff;\n    border: 1px solid rgba(0,0,0,.08);\n    box-shadow: 0 4px 16px rgba(0,0,0,.08);\n    width: 100%;\n  }\n  .lfn-card-media {\n    position: relative;\n    width: 100%;\n    aspect-ratio: 16 \/ 9;\n    overflow: hidden;\n    background: #eef3f4;\n  }\n  .lfn-card-media img {\n    position: absolute;\n    inset: 0;\n    width: 100%;\n    height: 100%;\n    object-fit: cover;\n  }\n  .lfn-card-body {\n    display: flex;\n    flex-direction: column;\n    padding: 24px;\n    font-size: 16px;\n    line-height: 1.5;\n  }\n  .lfn-card-title {\n    font-weight: 800;\n    color: #1B9399;\n    margin: 0 0 12px 0;\n    font-size: 16px;\n  }\n  .lfn-card-desc {\n    margin: 0 0 18px 0;\n    color: #222;\n    font-size: 16px;\n  }\n  .lfn-card-cta {\n    margin-top: auto;\n    font-weight: 600;\n  }\n  .lfn-card-cta a {\n    color: #000;\n    text-decoration: none;\n    border-bottom: 1px solid transparent;\n    transition: border-color .15s ease, opacity .15s ease;\n  }\n  .lfn-card-cta a:hover {\n    border-color: #0a4a4d;\n    opacity: .9;\n  }\n  .lfn-card-cta .arrow {\n    display: inline-block;\n    transform: translateX(0);\n    transition: transform .15s ease;\n    margin-left: 10px;\n  }\n  .lfn-card-cta a:hover .arrow {\n    transform: translateX(4px);\n  }\n<\/style>\n  <!-- Card 1 -->\n  <article>\n    <a href=\"https:\/\/onlinelibrary.wiley.com\/doi\/10.1111\/ddi.13821\" target=\"_blank\" rel=\"noopener noreferrer\">\n      <img decoding=\"async\" src=\"https:\/\/unbiodiversitylab.org\/wp-content\/uploads\/2025\/10\/colombia-7899699_1280.webp\" alt=\"River winding through a forest\"\/>\n    <\/a>\n      <h3>\n        <a>Oportunidades de restauraci\u00f3n forestal en Colombia<\/a>\n      <\/h3>\n      \n        <a href=\"https:\/\/onlinelibrary.wiley.com\/doi\/10.1111\/ddi.13821\" target=\"_blank\" rel=\"noopener noreferrer\">Read more \u2192<\/a>\n  <\/article>\n  <!-- Card 2 -->\n  <article>\n    <a href=\"https:\/\/www.youtube.com\/watch?v=H6BxNC2LmGs\" target=\"_blank\" rel=\"noopener noreferrer\">\n      <img decoding=\"async\" src=\"https:\/\/unbiodiversitylab.org\/wp-content\/uploads\/2025\/10\/emerald-park-7363714_1280.webp\" alt=\"Mist over hills and trees\"\/>\n    <\/a>\n      <h3>\n        <a>Aplicaci\u00f3n personalizada de WePlan-Forests en M\u00e9xico  <\/a>\n      <\/h3>\n      \n        <a href=\"https:\/\/www.youtube.com\/watch?v=H6BxNC2LmGs\" target=\"_blank\" rel=\"noopener noreferrer\">Read more \u2192<\/a>\n  <\/article>\n\t<h2>Recursos adicionales<\/h2>\n\t<style>\n  \/* ====== Layout ====== *\/\n  .elsa-section {\n    display: flex;\n    flex-direction: column;\n    gap: 40px;\n  }\n  .elsa-row {\n    display: grid;\n    grid-template-columns: 1fr 1fr;\n    align-items: stretch;\n    background: #f7f9f8;\n  }\n  @media (max-width: 768px) {\n    .elsa-row {\n      grid-template-columns: 1fr;\n    }\n  }\n  \/* ====== Image ====== *\/\n  .elsa-img {\n    position: relative;\n    width: 100%;\n    height: 100%;\n    overflow: hidden;\n  }\n  .elsa-img img {\n    width: 100%;\n    height: 100%;\n    object-fit: cover;\n    display: block;\n  }\n  \/* ====== Text ====== *\/\n  .elsa-text {\n    display: flex;\n    justify-content: center;\n    align-items: center;\n    padding: 40px 50px;\n    font-size: 16px;\n    line-height: 1.6;\n    color: #222;\n  }\n  .elsa-text a {\n    color: #1B9399;\n    text-decoration: underline;\n  }\n  .elsa-text a:hover {\n    text-decoration: none;\n  }\n<\/style>\n  <!-- Row 1 -->\n      <img decoding=\"async\" src=\"https:\/\/unbiodiversitylab.org\/wp-content\/uploads\/2025\/10\/tree-569275_1280.webp?q=80&#038;w=1600&#038;auto=format&#038;fit=crop\" alt=\"Mountain landscape with autumn forest\"\/>\n      \n\n\n        Conozca m\u00e1s sobre la ciencia, las aplicaciones pol\u00edticas y la relevancia de esta herramienta para su pa\u00eds en nuestra \n        <a href=\"https:\/\/unbiodiversitylab.org\/wp-content\/uploads\/2025\/10\/Summary-of-tools-for-participatory-spatial-planning-Es-r4.pdf\" target=\"_blank\" rel=\"noopener noreferrer\">breve descripci\u00f3n general.<\/a>\n      \n\n\n  <!-- Row 2 -->\n      <img decoding=\"async\" src=\"https:\/\/unbiodiversitylab.org\/wp-content\/uploads\/2025\/10\/moss-7881439_1280.webp?q=80&#038;w=1600&#038;auto=format&#038;fit=crop\" alt=\"Tropical rainforest with sunrise mist\"\/>\n      \n   En los <a href=\"https:\/\/www.youtube.com\/watch?v=ozJWhc0fHQk\" target=\"_blank\" rel=\"noreferrer noopener\">v\u00eddeos explicativos<\/a> se ofrece m\u00e1s informaci\u00f3n sobre los <a href=\"https:\/\/www.weplan-forests.org\/methodology\" target=\"_blank\" rel=\"noreferrer noopener\">m\u00e9todos utilizados<\/a> en WePlan-Forests.\u00a0","protected":false},"excerpt":{"rendered":"<p>WePlan-Forests What is it? How can I access it? Impact stories Forest restoration opportunities in Colombia Read more \u2192 Customised application of WePlan-Forests in Mexico Read more \u2192 Additional resources<\/p>","protected":false},"author":1,"featured_media":0,"parent":4778,"menu_order":0,"comment_status":"closed","ping_status":"closed","template":"","meta":{"footnotes":"","_links_to":"","_links_to_target":""},"class_list":["post-4842","page","type-page","status-publish","hentry"],"_links":{"self":[{"href":"https:\/\/unbiodiversitylab.org\/es\/wp-json\/wp\/v2\/pages\/4842","targetHints":{"allow":["GET"]}}],"collection":[{"href":"https:\/\/unbiodiversitylab.org\/es\/wp-json\/wp\/v2\/pages"}],"about":[{"href":"https:\/\/unbiodiversitylab.org\/es\/wp-json\/wp\/v2\/types\/page"}],"author":[{"embeddable":true,"href":"https:\/\/unbiodiversitylab.org\/es\/wp-json\/wp\/v2\/users\/1"}],"replies":[{"embeddable":true,"href":"https:\/\/unbiodiversitylab.org\/es\/wp-json\/wp\/v2\/comments?post=4842"}],"version-history":[{"count":11,"href":"https:\/\/unbiodiversitylab.org\/es\/wp-json\/wp\/v2\/pages\/4842\/revisions"}],"predecessor-version":[{"id":4976,"href":"https:\/\/unbiodiversitylab.org\/es\/wp-json\/wp\/v2\/pages\/4842\/revisions\/4976"}],"up":[{"embeddable":true,"href":"https:\/\/unbiodiversitylab.org\/es\/wp-json\/wp\/v2\/pages\/4778"}],"wp:attachment":[{"href":"https:\/\/unbiodiversitylab.org\/es\/wp-json\/wp\/v2\/media?parent=4842"}],"curies":[{"name":"wp","href":"https:\/\/api.w.org\/{rel}","templated":true}]}}