{"id":4812,"date":"2025-10-14T08:10:26","date_gmt":"2025-10-14T08:10:26","guid":{"rendered":"https:\/\/unbiodiversitylab.org\/?page_id=4812"},"modified":"2025-11-30T18:49:02","modified_gmt":"2025-11-30T18:49:02","slug":"marxan-planning-platform-mapp","status":"publish","type":"page","link":"https:\/\/unbiodiversitylab.org\/es\/integrated-spatial-planning\/marxan-planning-platform-mapp\/","title":{"rendered":"Plataforma de Planificaci\u00f3n Marxan (MaPP)"},"content":{"rendered":"<h1>Plataforma de Planificaci\u00f3n Marxan (MaPP)<\/h1>\n\t<h2>\u00bfQu\u00e9 es?<\/h2>\n\tLa plataforma de planificaci\u00f3n Marxan (MaPP) es una versi\u00f3n alojada en la nube de la herramienta de apoyo a la toma de decisiones <a href=\"http:\/\/marxansolutions.org\/\" target=\"_blank\" rel=\"noreferrer noopener\">Marxan<\/a>, el software de priorizaci\u00f3n espacial m\u00e1s utilizado para la planificaci\u00f3n en el mundo real en entornos terrestres, marinos y de agua dulce. MaPP es una herramienta accesible, gratuita y de c\u00f3digo abierto que ayuda a los planificadores a asignar de manera eficaz medidas de gesti\u00f3n, como la conservaci\u00f3n de la biodiversidad y el desarrollo sostenible, al tiempo que fomenta la colaboraci\u00f3n y la participaci\u00f3n en l\u00ednea y en tiempo real a trav\u00e9s de proyectos compartidos que permiten a los colaboradores desarrollar planes conjuntamente en tiempo real. A trav\u00e9s de la computaci\u00f3n en la nube, el procesamiento autom\u00e1tico de datos espaciales y los flujos de trabajo de priorizaci\u00f3n espacial establecidos, la herramienta agiliza el proceso de dise\u00f1o, an\u00e1lisis y comparaci\u00f3n de planes espaciales que se alinean con las prioridades nacionales y globales para la conservaci\u00f3n de la biodiversidad y el desarrollo sostenible. MaPP y UNBL contin\u00faan explorando opciones para vincular las funcionalidades de ambas plataformas.\u00a0\n\t<h2>\u00bfC\u00f3mo puedo acceder a ella?<\/h2>\n\tPara empezar a utilizar la plataforma MaPP, solo tiene que crear una cuenta a trav\u00e9s del <a href=\"https:\/\/marxanplanning.org\/\" target=\"_blank\" rel=\"noreferrer noopener\">sitio web de MaPP<\/a> para explorar los proyectos existentes, cargar sus propios proyectos o crear uno nuevo.\u00a0\n\t<h2>Historias de impacto<\/h2>\n\t<style>\n  \/* -- Layout -- *\/\n  .lfn-card-grid {\n    display: grid;\n    grid-template-columns: repeat(3, minmax(0, 1fr));\n    gap: 28px;\n  }\n  @media (max-width: 980px) {\n    .lfn-card-grid { grid-template-columns: repeat(2, minmax(0, 1fr)); }\n  }\n  @media (max-width: 640px) {\n    .lfn-card-grid { grid-template-columns: 1fr; }\n  }\n  \/* -- Card -- *\/\n  .lfn-card {\n    display: flex;\n    flex-direction: column;\n    background: #fff;\n    border: 1px solid rgba(0,0,0,.08);\n    box-shadow: 0 4px 16px rgba(0,0,0,.08);\n  }\n  \/* Consistent image height *\/\n  .lfn-card-media {\n    position: relative;\n    width: 100%;\n    aspect-ratio: 16 \/ 9;      \/* adjust if you want taller\/shorter *\/\n    overflow: hidden;\n    background: #eef3f4;\n  }\n  .lfn-card-media img {\n    position: absolute;\n    inset: 0;\n    width: 100%;\n    height: 100%;\n    object-fit: cover;\n  }\n  \/* Body *\/\n  .lfn-card-body {\n    display: flex;\n    flex-direction: column;\n    padding: 24px;\n    font-size: 16px;           \/* all text 16px *\/\n    line-height: 1.5;\n  }\n  .lfn-card-title {\n    font-weight: 800;\n    color: #1B9399;            \/* green title *\/\n    margin: 0 0 12px 0;\n    font-size: 16px;           \/* keep at 16px as requested *\/\n  }\n  .lfn-card-desc {\n    margin: 0 0 18px 0;\n    color: #222;\n    font-size: 16px;\n  }\n  \/* Keep CTA aligned at the bottom *\/\n  .lfn-card-cta {\n    margin-top: auto;          \/* pushes link to the bottom *\/\n    font-weight: 600;\n  }\n  .lfn-card-cta a {\n    color: #000;\n    text-decoration: none;\n    border-bottom: 1px solid transparent;\n    transition: border-color .15s ease, opacity .15s ease;\n  }\n  .lfn-card-cta a:hover { border-color: #0a4a4d; opacity: .9; }\n  .lfn-card-cta .arrow {\n    display: inline-block;\n    transform: translateX(0);\n    transition: transform .15s ease;\n    margin-left: 10px;\n  }\n  .lfn-card-cta a:hover .arrow { transform: translateX(4px); }\n<\/style>\n  <!-- Card 1 -->\n  <article>\n    <a href=\"https:\/\/marxansolutions.org\/community\/baja\/\" target=\"_blank\" rel=\"noopener noreferrer\">\n      <img decoding=\"async\" src=\"https:\/\/unbiodiversitylab.org\/wp-content\/uploads\/2025\/10\/fish-9382908_1280.webp?q=80&#038;w=1600&#038;auto=format&#038;fit=crop\" alt=\"River winding through a forest\"\/>\n    <\/a>\n      <h3><a>Planificaci\u00f3n transfronteriza en el Pac\u00edfico (Baja California)<\/a><\/h3>\n      \n        <a href=\"https:\/\/marxansolutions.org\/community\/baja\/\" target=\"_blank\" rel=\"noopener noreferrer\">Read more \u2192<\/a>\n  <\/article>\n  <!-- Card 2 -->\n  <article>\n    <a href=\"https:\/\/marxansolutions.org\/community\/achieving-balance\/\" target=\"_blank\" rel=\"noopener noreferrer\">\n      <img decoding=\"async\" src=\"https:\/\/unbiodiversitylab.org\/wp-content\/uploads\/2025\/10\/underwater-5310424_1280.webp?q=80&#038;w=1600&#038;auto=format&#038;fit=crop\" alt=\"Mist over hills and trees\"\/>\n    <\/a>\n      <h3><a>Establecimiento y ampliaci\u00f3n de \u00e1reas marinas protegidas eficaces en el Tri\u00e1ngulo de Coral<\/a><\/h3>\n      \n        <a href=\"https:\/\/marxansolutions.org\/community\/achieving-balance\/\" target=\"_blank\" rel=\"noopener noreferrer\">Read more \u2192<\/a>\n  <\/article>\n  <!-- Card 3 -->\n  <article>\n    <a href=\"https:\/\/marxansolutions.org\/community\/planning-for-the-daly-catchment\/\" target=\"_blank\" rel=\"noopener noreferrer\">\n      <img decoding=\"async\" src=\"https:\/\/unbiodiversitylab.org\/wp-content\/uploads\/2025\/10\/river-2826927_1280.jpg?q=80&#038;w=1600&#038;auto=format&#038;fit=crop\" alt=\"Lake reflecting green mountains\"\/>\n    <\/a>\n      <h3><a>Planificaci\u00f3n del uso del suelo para la cuenca del r\u00edo Daly (Australia)<\/a><\/h3>\n      \n        <a  href=\"https:\/\/marxansolutions.org\/community\/planning-for-the-daly-catchment\/\" target=\"_blank\" rel=\"noopener noreferrer\">Read more \u2192<\/a>\n  <\/article>\n  <!-- Card 4 -->\n  <article>\n    <a href=\"https:\/\/marxansolutions.org\/community\/conservation-planning-across-realms\/\" target=\"_blank\" rel=\"noopener noreferrer\">\n      <img decoding=\"async\" src=\"https:\/\/unbiodiversitylab.org\/wp-content\/uploads\/2025\/10\/tagus.webp?q=80&#038;w=1600&#038;auto=format&#038;fit=crop\" alt=\"Mist over hills and trees\"\/>\n    <\/a>\n      <h3><a>Planificaci\u00f3n de la conservaci\u00f3n de la cuenca del r\u00edo Tajo (Portugal)<\/a><\/h3>\n      \n        <a href=\"https:\/\/www.learningfornature.org\/en\/restoring-hope-optimizing-and-aligning-restoration-goals-using-spatial-data\/\" target=\"_blank\" rel=\"noopener noreferrer\">Read more \u2192<\/a>\n  <\/article>\n  <!-- Card 5 -->\n  <article>\n    <a href=\"https:\/\/marxansolutions.org\/community\/mongolia\/\" target=\"_blank\" rel=\"noopener noreferrer\">\n      <img decoding=\"async\" src=\"https:\/\/unbiodiversitylab.org\/wp-content\/uploads\/2025\/10\/inner-mongolia-3628093_1280.webp?q=80&#038;w=1600&#038;auto=format&#038;fit=crop\" alt=\"Mist over hills and trees\"\/>\n    <\/a>\n      <h3><a>Planning of Mongolia&#8217;s network of representative protected areas<\/a><\/h3>\n      \n        <a href=\"https:\/\/marxansolutions.org\/community\/mongolia\/\" target=\"_blank\" rel=\"noopener noreferrer\">Read more \u2192<\/a>\n  <\/article>\n  <!-- Card 6 -->\n  <article>\n    <a href=\"https:\/\/marxansolutions.org\/community\/kalimantan\/\" target=\"_blank\" rel=\"noopener noreferrer\">\n      <img decoding=\"async\" src=\"https:\/\/unbiodiversitylab.org\/wp-content\/uploads\/2025\/10\/sunrise-1950873_1280.webp?q=80&#038;w=1600&#038;auto=format&#038;fit=crop\" alt=\"Mist over hills and trees\"\/>\n    <\/a>\n      <h3><a>Equilibrio de compensaciones en Kalimantan Central (Borneo indonesio)<\/a><\/h3>\n      \n        <a href=\"https:\/\/marxansolutions.org\/community\/kalimantan\/\" target=\"_blank\" rel=\"noopener noreferrer\">Read more \u2192<\/a>\n  <\/article>\n\t<h2>Recursos adicionales<\/h2>\n\t<style>\n  \/* ====== Layout ====== *\/\n  .elsa-section {\n    display: flex;\n    flex-direction: column;\n    gap: 40px;\n  }\n  .elsa-row {\n    display: grid;\n    grid-template-columns: 1fr 1fr;\n    align-items: stretch;\n    background: #f7f9f8;\n  }\n  @media (max-width: 768px) {\n    .elsa-row {\n      grid-template-columns: 1fr;\n    }\n  }\n  \/* ====== Image ====== *\/\n  .elsa-img {\n    position: relative;\n    width: 100%;\n    height: 100%;\n    overflow: hidden;\n  }\n  .elsa-img img {\n    width: 100%;\n    height: 100%;\n    object-fit: cover;\n    display: block;\n  }\n  \/* ====== Text ====== *\/\n  .elsa-text {\n    display: flex;\n    justify-content: center;\n    align-items: center;\n    padding: 40px 50px;\n    font-size: 16px;\n    line-height: 1.6;\n    color: #222;\n  }\n  .elsa-text a {\n    color: #1B9399;\n    text-decoration: underline;\n  }\n  .elsa-text a:hover {\n    text-decoration: none;\n  }\n<\/style>\n  <!-- Row 1 -->\n      <img decoding=\"async\" src=\"https:\/\/unbiodiversitylab.org\/wp-content\/uploads\/2025\/10\/tree-569275_1280.webp?q=80&#038;w=1600&#038;auto=format&#038;fit=crop\" alt=\"Mountain landscape with autumn forest\"\/>\n      \n\n\n        Conozca m\u00e1s sobre la ciencia, las aplicaciones pol\u00edticas y la relevancia de esta herramienta para su pa\u00eds en nuestra \n        <a href=\"https:\/\/unbiodiversitylab.org\/wp-content\/uploads\/2025\/10\/Summary-of-tools-for-participatory-spatial-planning-Es-r4.pdf\" target=\"_blank\" rel=\"noopener noreferrer\">breve descripci\u00f3n general.<\/a>\n      \n\n\n  <!-- Row 2 -->\n      <img decoding=\"async\" src=\"https:\/\/unbiodiversitylab.org\/wp-content\/uploads\/2025\/10\/alps-3010323_1280.webp?q=80&#038;w=1600&#038;auto=format&#038;fit=crop\" alt=\"Tropical rainforest with sunrise mist\"\/>\n      \n    Pruebe MaPP con un <a href=\"https:\/\/drive.google.com\/file\/d\/1Og7BDVz3f6sRBw4ow7NdwZrV7jmhUf7y\/view\" target=\"_blank\" rel=\"noreferrer noopener\">tutorial paso a paso<\/a> y explore algunos de los <a href=\"https:\/\/marxanplanning.org\/community\/projects\" target=\"_blank\" rel=\"noreferrer noopener\">proyectos p\u00fablicos<\/a> basados en ejemplos del mundo real. Para obtener m\u00e1s informaci\u00f3n general sobre la funcionalidad del paquete de software Marxan y recursos adicionales, visite el <a href=\"http:\/\/marxansolutions.org\/\" target=\"_blank\" rel=\"noreferrer noopener\">sitio web de Marxan<\/a>.\u00a0","protected":false},"excerpt":{"rendered":"<p>Marxan Planning Platform (MaPP) What is it? How can I access it? Impact stories Transboundary planning in the Pacific (Baja California) Read more \u2192 Establishing and expanding effective marine protected areas in the Coral Triangle Read more \u2192 Land-use planning for the Daly River Catchment (Australia) Read more \u2192 Conservation planning for the Tagus River&hellip;<\/p>","protected":false},"author":1,"featured_media":0,"parent":4778,"menu_order":0,"comment_status":"closed","ping_status":"closed","template":"","meta":{"footnotes":"","_links_to":"","_links_to_target":""},"class_list":["post-4812","page","type-page","status-publish","hentry"],"_links":{"self":[{"href":"https:\/\/unbiodiversitylab.org\/es\/wp-json\/wp\/v2\/pages\/4812","targetHints":{"allow":["GET"]}}],"collection":[{"href":"https:\/\/unbiodiversitylab.org\/es\/wp-json\/wp\/v2\/pages"}],"about":[{"href":"https:\/\/unbiodiversitylab.org\/es\/wp-json\/wp\/v2\/types\/page"}],"author":[{"embeddable":true,"href":"https:\/\/unbiodiversitylab.org\/es\/wp-json\/wp\/v2\/users\/1"}],"replies":[{"embeddable":true,"href":"https:\/\/unbiodiversitylab.org\/es\/wp-json\/wp\/v2\/comments?post=4812"}],"version-history":[{"count":21,"href":"https:\/\/unbiodiversitylab.org\/es\/wp-json\/wp\/v2\/pages\/4812\/revisions"}],"predecessor-version":[{"id":4968,"href":"https:\/\/unbiodiversitylab.org\/es\/wp-json\/wp\/v2\/pages\/4812\/revisions\/4968"}],"up":[{"embeddable":true,"href":"https:\/\/unbiodiversitylab.org\/es\/wp-json\/wp\/v2\/pages\/4778"}],"wp:attachment":[{"href":"https:\/\/unbiodiversitylab.org\/es\/wp-json\/wp\/v2\/media?parent=4812"}],"curies":[{"name":"wp","href":"https:\/\/api.w.org\/{rel}","templated":true}]}}